{"id":9938,"date":"2021-03-08T10:00:00","date_gmt":"2021-03-08T10:00:00","guid":{"rendered":"https:\/\/herli.com\/product\/herli-ntr-neutralisationsmittel-fuer-spuelwaesser\/"},"modified":"2023-06-30T07:16:37","modified_gmt":"2023-06-30T07:16:37","slug":"herli-ntr-neutralisationsmittel-fur-spulwasser","status":"publish","type":"product","link":"https:\/\/herli.com\/de\/produkt\/herli-ntr-neutralisationsmittel-fur-spulwasser\/","title":{"rendered":"Herli NTR"},"content":{"rendered":"","protected":false},"excerpt":{"rendered":"<h2>Neutralisationsmittel f\u00fcr Sp\u00fclw\u00e4sser<\/h2>\n<p>Herli NTR ist ein leicht l\u00f6sliches, mild alkalisch reagierendes Pulver. Herli NTR gew\u00e4hrleistet eine optimale Neutralisation, da die Reaktion mit dem sauren Spritzwasser spontan erfolgt.<\/p>\n","protected":false},"featured_media":496,"comment_status":"open","ping_status":"closed","template":"","meta":[],"product_brand":[],"product_cat":[269,270,285,287,286],"product_tag":[],"class_list":{"0":"post-9938","1":"product","2":"type-product","3":"status-publish","4":"has-post-thumbnail","6":"product_cat-chemische-produkte","7":"product_cat-geschaftsbereich-trinkwasser","8":"product_cat-neutralisationsmitteln","9":"product_cat-reinigungs-und-desinfektionsmittel-fur-die-regeneration-von-brunnen","10":"product_cat-reinigungs-und-desinfektionsmittel-fuer-trinkwasserbehaelter","12":"first","13":"instock","14":"taxable","15":"shipping-taxable","16":"product-type-simple"},"yoast_head":"<!-- This site is optimized with the Yoast SEO plugin v27.3 - https:\/\/yoast.com\/product\/yoast-seo-wordpress\/ -->\n<title>Herli NTR |Neutralisationsmittel f\u00fcr Sp\u00fclw\u00e4sser - Herli SAS<\/title>\n<meta name=\"description\" content=\"Herli NTR ist ein leicht l\u00f6sliches, mild alkalisch reagierendes Pulver. Herli NTR gew\u00e4hrleistet eine optimale Neutralisation, da die Reaktion mit dem sauren Spritzwasser spontan erfolgt.\" \/>\n<meta name=\"robots\" content=\"index, follow, max-snippet:-1, max-image-preview:large, max-video-preview:-1\" \/>\n<link rel=\"canonical\" href=\"https:\/\/herli.com\/de\/produkt\/herli-ntr-neutralisationsmittel-fur-spulwasser\/\" \/>\n<meta property=\"og:locale\" content=\"de_DE\" \/>\n<meta property=\"og:type\" content=\"article\" \/>\n<meta property=\"og:title\" content=\"Herli NTR |Neutralisationsmittel f\u00fcr Sp\u00fclw\u00e4sser - Herli SAS\" \/>\n<meta property=\"og:description\" content=\"Herli NTR ist ein leicht l\u00f6sliches, mild alkalisch reagierendes Pulver. Herli NTR gew\u00e4hrleistet eine optimale Neutralisation, da die Reaktion mit dem sauren Spritzwasser spontan erfolgt.\" \/>\n<meta property=\"og:url\" content=\"https:\/\/herli.com\/de\/produkt\/herli-ntr-neutralisationsmittel-fur-spulwasser\/\" \/>\n<meta property=\"og:site_name\" content=\"Herli SAS\" \/>\n<meta property=\"article:modified_time\" content=\"2023-06-30T07:16:37+00:00\" \/>\n<meta property=\"og:image\" content=\"https:\/\/herli.com\/wp-content\/uploads\/2021\/03\/NTR_900x600.jpg\" \/>\n\t<meta property=\"og:image:width\" content=\"600\" \/>\n\t<meta property=\"og:image:height\" content=\"600\" \/>\n\t<meta property=\"og:image:type\" content=\"image\/jpeg\" \/>\n<meta name=\"twitter:card\" content=\"summary_large_image\" \/>\n<script type=\"application\/ld+json\" class=\"yoast-schema-graph\">{\"@context\":\"https:\\\/\\\/schema.org\",\"@graph\":[{\"@type\":\"WebPage\",\"@id\":\"https:\\\/\\\/herli.com\\\/de\\\/produkt\\\/herli-ntr-neutralisationsmittel-fur-spulwasser\\\/\",\"url\":\"https:\\\/\\\/herli.com\\\/de\\\/produkt\\\/herli-ntr-neutralisationsmittel-fur-spulwasser\\\/\",\"name\":\"Herli NTR |Neutralisationsmittel f\u00fcr Sp\u00fclw\u00e4sser - Herli SAS\",\"isPartOf\":{\"@id\":\"https:\\\/\\\/herli.com\\\/#website\"},\"primaryImageOfPage\":{\"@id\":\"https:\\\/\\\/herli.com\\\/de\\\/produkt\\\/herli-ntr-neutralisationsmittel-fur-spulwasser\\\/#primaryimage\"},\"image\":{\"@id\":\"https:\\\/\\\/herli.com\\\/de\\\/produkt\\\/herli-ntr-neutralisationsmittel-fur-spulwasser\\\/#primaryimage\"},\"thumbnailUrl\":\"https:\\\/\\\/herli.com\\\/wp-content\\\/uploads\\\/2021\\\/03\\\/NTR_900x600.jpg\",\"datePublished\":\"2021-03-08T10:00:00+00:00\",\"dateModified\":\"2023-06-30T07:16:37+00:00\",\"description\":\"Herli NTR ist ein leicht l\u00f6sliches, mild alkalisch reagierendes Pulver. Herli NTR gew\u00e4hrleistet eine optimale Neutralisation, da die Reaktion mit dem sauren Spritzwasser spontan erfolgt.\",\"breadcrumb\":{\"@id\":\"https:\\\/\\\/herli.com\\\/de\\\/produkt\\\/herli-ntr-neutralisationsmittel-fur-spulwasser\\\/#breadcrumb\"},\"inLanguage\":\"de\",\"potentialAction\":[{\"@type\":\"ReadAction\",\"target\":[\"https:\\\/\\\/herli.com\\\/de\\\/produkt\\\/herli-ntr-neutralisationsmittel-fur-spulwasser\\\/\"]}]},{\"@type\":\"ImageObject\",\"inLanguage\":\"de\",\"@id\":\"https:\\\/\\\/herli.com\\\/de\\\/produkt\\\/herli-ntr-neutralisationsmittel-fur-spulwasser\\\/#primaryimage\",\"url\":\"https:\\\/\\\/herli.com\\\/wp-content\\\/uploads\\\/2021\\\/03\\\/NTR_900x600.jpg\",\"contentUrl\":\"https:\\\/\\\/herli.com\\\/wp-content\\\/uploads\\\/2021\\\/03\\\/NTR_900x600.jpg\",\"width\":900,\"height\":600,\"caption\":\"herli-ntr-neutralisationsmittel f\u00fcr Sp\u00fclw\u00e4sser\"},{\"@type\":\"BreadcrumbList\",\"@id\":\"https:\\\/\\\/herli.com\\\/de\\\/produkt\\\/herli-ntr-neutralisationsmittel-fur-spulwasser\\\/#breadcrumb\",\"itemListElement\":[{\"@type\":\"ListItem\",\"position\":1,\"name\":\"Home\",\"item\":\"https:\\\/\\\/herli.com\\\/de\\\/\"},{\"@type\":\"ListItem\",\"position\":2,\"name\":\"Shop\",\"item\":\"https:\\\/\\\/herli.com\\\/shop\\\/\"},{\"@type\":\"ListItem\",\"position\":3,\"name\":\"Herli NTR\"}]},{\"@type\":\"WebSite\",\"@id\":\"https:\\\/\\\/herli.com\\\/#website\",\"url\":\"https:\\\/\\\/herli.com\\\/\",\"name\":\"Herli SAS\",\"description\":\"Au service de l&#039;eau et de l&#039;hygi\u00e8ne\",\"potentialAction\":[{\"@type\":\"SearchAction\",\"target\":{\"@type\":\"EntryPoint\",\"urlTemplate\":\"https:\\\/\\\/herli.com\\\/?s={search_term_string}\"},\"query-input\":{\"@type\":\"PropertyValueSpecification\",\"valueRequired\":true,\"valueName\":\"search_term_string\"}}],\"inLanguage\":\"de\"}]}<\/script>\n<!-- \/ Yoast SEO plugin. -->","yoast_head_json":{"title":"Herli NTR |Neutralisationsmittel f\u00fcr Sp\u00fclw\u00e4sser - Herli SAS","description":"Herli NTR ist ein leicht l\u00f6sliches, mild alkalisch reagierendes Pulver. Herli NTR gew\u00e4hrleistet eine optimale Neutralisation, da die Reaktion mit dem sauren Spritzwasser spontan erfolgt.","robots":{"index":"index","follow":"follow","max-snippet":"max-snippet:-1","max-image-preview":"max-image-preview:large","max-video-preview":"max-video-preview:-1"},"canonical":"https:\/\/herli.com\/de\/produkt\/herli-ntr-neutralisationsmittel-fur-spulwasser\/","og_locale":"de_DE","og_type":"article","og_title":"Herli NTR |Neutralisationsmittel f\u00fcr Sp\u00fclw\u00e4sser - Herli SAS","og_description":"Herli NTR ist ein leicht l\u00f6sliches, mild alkalisch reagierendes Pulver. Herli NTR gew\u00e4hrleistet eine optimale Neutralisation, da die Reaktion mit dem sauren Spritzwasser spontan erfolgt.","og_url":"https:\/\/herli.com\/de\/produkt\/herli-ntr-neutralisationsmittel-fur-spulwasser\/","og_site_name":"Herli SAS","article_modified_time":"2023-06-30T07:16:37+00:00","og_image":[{"width":600,"height":600,"url":"https:\/\/herli.com\/wp-content\/uploads\/2021\/03\/NTR_900x600.jpg","type":"image\/jpeg"}],"twitter_card":"summary_large_image","schema":{"@context":"https:\/\/schema.org","@graph":[{"@type":"WebPage","@id":"https:\/\/herli.com\/de\/produkt\/herli-ntr-neutralisationsmittel-fur-spulwasser\/","url":"https:\/\/herli.com\/de\/produkt\/herli-ntr-neutralisationsmittel-fur-spulwasser\/","name":"Herli NTR |Neutralisationsmittel f\u00fcr Sp\u00fclw\u00e4sser - Herli SAS","isPartOf":{"@id":"https:\/\/herli.com\/#website"},"primaryImageOfPage":{"@id":"https:\/\/herli.com\/de\/produkt\/herli-ntr-neutralisationsmittel-fur-spulwasser\/#primaryimage"},"image":{"@id":"https:\/\/herli.com\/de\/produkt\/herli-ntr-neutralisationsmittel-fur-spulwasser\/#primaryimage"},"thumbnailUrl":"https:\/\/herli.com\/wp-content\/uploads\/2021\/03\/NTR_900x600.jpg","datePublished":"2021-03-08T10:00:00+00:00","dateModified":"2023-06-30T07:16:37+00:00","description":"Herli NTR ist ein leicht l\u00f6sliches, mild alkalisch reagierendes Pulver. Herli NTR gew\u00e4hrleistet eine optimale Neutralisation, da die Reaktion mit dem sauren Spritzwasser spontan erfolgt.","breadcrumb":{"@id":"https:\/\/herli.com\/de\/produkt\/herli-ntr-neutralisationsmittel-fur-spulwasser\/#breadcrumb"},"inLanguage":"de","potentialAction":[{"@type":"ReadAction","target":["https:\/\/herli.com\/de\/produkt\/herli-ntr-neutralisationsmittel-fur-spulwasser\/"]}]},{"@type":"ImageObject","inLanguage":"de","@id":"https:\/\/herli.com\/de\/produkt\/herli-ntr-neutralisationsmittel-fur-spulwasser\/#primaryimage","url":"https:\/\/herli.com\/wp-content\/uploads\/2021\/03\/NTR_900x600.jpg","contentUrl":"https:\/\/herli.com\/wp-content\/uploads\/2021\/03\/NTR_900x600.jpg","width":900,"height":600,"caption":"herli-ntr-neutralisationsmittel f\u00fcr Sp\u00fclw\u00e4sser"},{"@type":"BreadcrumbList","@id":"https:\/\/herli.com\/de\/produkt\/herli-ntr-neutralisationsmittel-fur-spulwasser\/#breadcrumb","itemListElement":[{"@type":"ListItem","position":1,"name":"Home","item":"https:\/\/herli.com\/de\/"},{"@type":"ListItem","position":2,"name":"Shop","item":"https:\/\/herli.com\/shop\/"},{"@type":"ListItem","position":3,"name":"Herli NTR"}]},{"@type":"WebSite","@id":"https:\/\/herli.com\/#website","url":"https:\/\/herli.com\/","name":"Herli SAS","description":"Au service de l&#039;eau et de l&#039;hygi\u00e8ne","potentialAction":[{"@type":"SearchAction","target":{"@type":"EntryPoint","urlTemplate":"https:\/\/herli.com\/?s={search_term_string}"},"query-input":{"@type":"PropertyValueSpecification","valueRequired":true,"valueName":"search_term_string"}}],"inLanguage":"de"}]}},"_links":{"self":[{"href":"https:\/\/herli.com\/de\/wp-json\/wp\/v2\/product\/9938","targetHints":{"allow":["GET"]}}],"collection":[{"href":"https:\/\/herli.com\/de\/wp-json\/wp\/v2\/product"}],"about":[{"href":"https:\/\/herli.com\/de\/wp-json\/wp\/v2\/types\/product"}],"replies":[{"embeddable":true,"href":"https:\/\/herli.com\/de\/wp-json\/wp\/v2\/comments?post=9938"}],"wp:featuredmedia":[{"embeddable":true,"href":"https:\/\/herli.com\/de\/wp-json\/wp\/v2\/media\/496"}],"wp:attachment":[{"href":"https:\/\/herli.com\/de\/wp-json\/wp\/v2\/media?parent=9938"}],"wp:term":[{"taxonomy":"product_brand","embeddable":true,"href":"https:\/\/herli.com\/de\/wp-json\/wp\/v2\/product_brand?post=9938"},{"taxonomy":"product_cat","embeddable":true,"href":"https:\/\/herli.com\/de\/wp-json\/wp\/v2\/product_cat?post=9938"},{"taxonomy":"product_tag","embeddable":true,"href":"https:\/\/herli.com\/de\/wp-json\/wp\/v2\/product_tag?post=9938"}],"curies":[{"name":"wp","href":"https:\/\/api.w.org\/{rel}","templated":true}]}}