{"id":9932,"date":"2021-03-08T14:10:05","date_gmt":"2021-03-08T14:10:05","guid":{"rendered":"https:\/\/herli.com\/product\/tevan-panox-1816\/"},"modified":"2026-03-16T16:40:54","modified_gmt":"2026-03-16T16:40:54","slug":"tevan-panox-1816","status":"publish","type":"product","link":"https:\/\/herli.com\/de\/produkt\/tevan-panox-1816\/","title":{"rendered":"Tevan Panox 1816"},"content":{"rendered":"","protected":false},"excerpt":{"rendered":"<h2><strong>Desinfektionsmittelkonzentrat<\/strong> f\u00fcr Rohrleitungen und Trinkwasserbeh\u00e4lter<\/h2>\n<p>Tevan Panox 1816 ist ein fl\u00fcssiges Desinfektionsmittel auf Basis von Wasserstoffperoxid und einem geringen Anteil an Peressigs\u00e4ure. Eine der Hauptanwendungen des Produktes ist die Desinfektion von Innenfl\u00e4chen von Anlagen, die mit Wasser in Ber\u00fchrung kommen. Dazu z\u00e4hlen: Trinkwasserbeh\u00e4lter, Rohrleitungssysteme, Brunnen, Wasseraufbereitung u.v.a. Die Wirksamkeit von Tevan Tevan Panox 1816 wurde von anerkannten akkreditierten Labors best\u00e4tigt und hat sich seit vielen Jahren in der Praxis bestens bew\u00e4hrt. Es zeichnet sich durch ausgepr\u00e4gte bakterizide, viruzide, algizide, fungizide und sporizide Eigenschaften aus. Legionellen und Pseudomonas aeruginosa werden zuverl\u00e4ssig abget\u00f6tet. Die Abbauprodukte sind unsch\u00e4dlich und kein Substrat f\u00fcr Mikroorganismen<\/p>\n<p>Pr\u00fcfungen und Zulassungen :<\/p>\n<ul>\n<li>Europ\u00e4ische Zulassung: EU-0032875-0002 1-2 f\u00fcr die Kategorien TP2, TP3, TP4<\/li>\n<li>Deutschland: BAUA: Registrierungsnummern: N-46828, N-46829, N-46830<\/li>\n<li>Schweiz: BAG, Bundesamt f\u00fcr Gesundheit, Nummer: CHZN0697.02.001 \/ CPID: 800063-77<\/li>\n<\/ul>\n<p>Verpackung :<\/p>\n<ul>\n<li>Tevan Panox 1816 10 kg (Kanister)<\/li>\n<li>Tevan Panox 1816 20 kg (Kanister)<\/li>\n<\/ul>\n","protected":false},"featured_media":521,"comment_status":"open","ping_status":"closed","template":"","meta":[],"product_brand":[],"product_cat":[269,268,270,286],"product_tag":[401],"class_list":{"0":"post-9932","1":"product","2":"type-product","3":"status-publish","4":"has-post-thumbnail","6":"product_cat-chemische-produkte","7":"product_cat-desinfektionsmittel","8":"product_cat-geschaftsbereich-trinkwasser","9":"product_cat-reinigungs-und-desinfektionsmittel-fuer-trinkwasserbehaelter","10":"product_tag-desinfektionsmittel-die-light-version","12":"first","13":"instock","14":"taxable","15":"shipping-taxable","16":"product-type-simple"},"yoast_head":"<!-- This site is optimized with the Yoast SEO plugin v27.3 - https:\/\/yoast.com\/product\/yoast-seo-wordpress\/ -->\n<title>Tevan Panox 1816 | Desinfektionsmittel Wasserstoffperoxid - Herli SAS<\/title>\n<meta name=\"description\" content=\"Desinfektionsmittel, die sogenannte Light-Version, auf Basis von Wasserstoffperoxid und einem geringen Gehalt an Peressigs\u00e4ure. Bestens geeignet f\u00fcr die Desinfektion von Rohrleitungen, Trinkwasserbeh\u00e4ltern, Brunnen und Oberfl\u00e4chen bei Neubau oder bei Wartungsarbeiten der Anlagen.\" \/>\n<meta name=\"robots\" content=\"index, follow, max-snippet:-1, max-image-preview:large, max-video-preview:-1\" \/>\n<link rel=\"canonical\" href=\"https:\/\/herli.com\/de\/produkt\/tevan-panox-1816\/\" \/>\n<meta property=\"og:locale\" content=\"de_DE\" \/>\n<meta property=\"og:type\" content=\"article\" \/>\n<meta property=\"og:title\" content=\"Tevan Panox 1816 | Desinfektionsmittel Wasserstoffperoxid - Herli SAS\" \/>\n<meta property=\"og:description\" content=\"Desinfektionsmittel, die sogenannte Light-Version, auf Basis von Wasserstoffperoxid und einem geringen Gehalt an Peressigs\u00e4ure. Bestens geeignet f\u00fcr die Desinfektion von Rohrleitungen, Trinkwasserbeh\u00e4ltern, Brunnen und Oberfl\u00e4chen bei Neubau oder bei Wartungsarbeiten der Anlagen.\" \/>\n<meta property=\"og:url\" content=\"https:\/\/herli.com\/de\/produkt\/tevan-panox-1816\/\" \/>\n<meta property=\"og:site_name\" content=\"Herli SAS\" \/>\n<meta property=\"article:modified_time\" content=\"2026-03-16T16:40:54+00:00\" \/>\n<meta property=\"og:image\" content=\"https:\/\/herli.com\/wp-content\/uploads\/2021\/03\/Panox_1816_10kg_900x600.jpg\" \/>\n\t<meta property=\"og:image:width\" content=\"900\" \/>\n\t<meta property=\"og:image:height\" content=\"600\" \/>\n\t<meta property=\"og:image:type\" content=\"image\/jpeg\" \/>\n<meta name=\"twitter:card\" content=\"summary_large_image\" \/>\n<script type=\"application\/ld+json\" class=\"yoast-schema-graph\">{\"@context\":\"https:\\\/\\\/schema.org\",\"@graph\":[{\"@type\":\"WebPage\",\"@id\":\"https:\\\/\\\/herli.com\\\/de\\\/produkt\\\/tevan-panox-1816\\\/\",\"url\":\"https:\\\/\\\/herli.com\\\/de\\\/produkt\\\/tevan-panox-1816\\\/\",\"name\":\"Tevan Panox 1816 | Desinfektionsmittel Wasserstoffperoxid - Herli SAS\",\"isPartOf\":{\"@id\":\"https:\\\/\\\/herli.com\\\/#website\"},\"primaryImageOfPage\":{\"@id\":\"https:\\\/\\\/herli.com\\\/de\\\/produkt\\\/tevan-panox-1816\\\/#primaryimage\"},\"image\":{\"@id\":\"https:\\\/\\\/herli.com\\\/de\\\/produkt\\\/tevan-panox-1816\\\/#primaryimage\"},\"thumbnailUrl\":\"https:\\\/\\\/herli.com\\\/wp-content\\\/uploads\\\/2021\\\/03\\\/Panox_1816_10kg_900x600.jpg\",\"datePublished\":\"2021-03-08T14:10:05+00:00\",\"dateModified\":\"2026-03-16T16:40:54+00:00\",\"description\":\"Desinfektionsmittel, die sogenannte Light-Version, auf Basis von Wasserstoffperoxid und einem geringen Gehalt an Peressigs\u00e4ure. Bestens geeignet f\u00fcr die Desinfektion von Rohrleitungen, Trinkwasserbeh\u00e4ltern, Brunnen und Oberfl\u00e4chen bei Neubau oder bei Wartungsarbeiten der Anlagen.\",\"breadcrumb\":{\"@id\":\"https:\\\/\\\/herli.com\\\/de\\\/produkt\\\/tevan-panox-1816\\\/#breadcrumb\"},\"inLanguage\":\"de\",\"potentialAction\":[{\"@type\":\"ReadAction\",\"target\":[\"https:\\\/\\\/herli.com\\\/de\\\/produkt\\\/tevan-panox-1816\\\/\"]}]},{\"@type\":\"ImageObject\",\"inLanguage\":\"de\",\"@id\":\"https:\\\/\\\/herli.com\\\/de\\\/produkt\\\/tevan-panox-1816\\\/#primaryimage\",\"url\":\"https:\\\/\\\/herli.com\\\/wp-content\\\/uploads\\\/2021\\\/03\\\/Panox_1816_10kg_900x600.jpg\",\"contentUrl\":\"https:\\\/\\\/herli.com\\\/wp-content\\\/uploads\\\/2021\\\/03\\\/Panox_1816_10kg_900x600.jpg\",\"width\":900,\"height\":600,\"caption\":\"Tevan Panox 1816\"},{\"@type\":\"BreadcrumbList\",\"@id\":\"https:\\\/\\\/herli.com\\\/de\\\/produkt\\\/tevan-panox-1816\\\/#breadcrumb\",\"itemListElement\":[{\"@type\":\"ListItem\",\"position\":1,\"name\":\"Home\",\"item\":\"https:\\\/\\\/herli.com\\\/de\\\/\"},{\"@type\":\"ListItem\",\"position\":2,\"name\":\"Shop\",\"item\":\"https:\\\/\\\/herli.com\\\/shop\\\/\"},{\"@type\":\"ListItem\",\"position\":3,\"name\":\"Tevan Panox 1816\"}]},{\"@type\":\"WebSite\",\"@id\":\"https:\\\/\\\/herli.com\\\/#website\",\"url\":\"https:\\\/\\\/herli.com\\\/\",\"name\":\"Herli SAS\",\"description\":\"Au service de l&#039;eau et de l&#039;hygi\u00e8ne\",\"potentialAction\":[{\"@type\":\"SearchAction\",\"target\":{\"@type\":\"EntryPoint\",\"urlTemplate\":\"https:\\\/\\\/herli.com\\\/?s={search_term_string}\"},\"query-input\":{\"@type\":\"PropertyValueSpecification\",\"valueRequired\":true,\"valueName\":\"search_term_string\"}}],\"inLanguage\":\"de\"}]}<\/script>\n<!-- \/ Yoast SEO plugin. -->","yoast_head_json":{"title":"Tevan Panox 1816 | Desinfektionsmittel Wasserstoffperoxid - Herli SAS","description":"Desinfektionsmittel, die sogenannte Light-Version, auf Basis von Wasserstoffperoxid und einem geringen Gehalt an Peressigs\u00e4ure. Bestens geeignet f\u00fcr die Desinfektion von Rohrleitungen, Trinkwasserbeh\u00e4ltern, Brunnen und Oberfl\u00e4chen bei Neubau oder bei Wartungsarbeiten der Anlagen.","robots":{"index":"index","follow":"follow","max-snippet":"max-snippet:-1","max-image-preview":"max-image-preview:large","max-video-preview":"max-video-preview:-1"},"canonical":"https:\/\/herli.com\/de\/produkt\/tevan-panox-1816\/","og_locale":"de_DE","og_type":"article","og_title":"Tevan Panox 1816 | Desinfektionsmittel Wasserstoffperoxid - Herli SAS","og_description":"Desinfektionsmittel, die sogenannte Light-Version, auf Basis von Wasserstoffperoxid und einem geringen Gehalt an Peressigs\u00e4ure. Bestens geeignet f\u00fcr die Desinfektion von Rohrleitungen, Trinkwasserbeh\u00e4ltern, Brunnen und Oberfl\u00e4chen bei Neubau oder bei Wartungsarbeiten der Anlagen.","og_url":"https:\/\/herli.com\/de\/produkt\/tevan-panox-1816\/","og_site_name":"Herli SAS","article_modified_time":"2026-03-16T16:40:54+00:00","og_image":[{"width":900,"height":600,"url":"https:\/\/herli.com\/wp-content\/uploads\/2021\/03\/Panox_1816_10kg_900x600.jpg","type":"image\/jpeg"}],"twitter_card":"summary_large_image","schema":{"@context":"https:\/\/schema.org","@graph":[{"@type":"WebPage","@id":"https:\/\/herli.com\/de\/produkt\/tevan-panox-1816\/","url":"https:\/\/herli.com\/de\/produkt\/tevan-panox-1816\/","name":"Tevan Panox 1816 | Desinfektionsmittel Wasserstoffperoxid - Herli SAS","isPartOf":{"@id":"https:\/\/herli.com\/#website"},"primaryImageOfPage":{"@id":"https:\/\/herli.com\/de\/produkt\/tevan-panox-1816\/#primaryimage"},"image":{"@id":"https:\/\/herli.com\/de\/produkt\/tevan-panox-1816\/#primaryimage"},"thumbnailUrl":"https:\/\/herli.com\/wp-content\/uploads\/2021\/03\/Panox_1816_10kg_900x600.jpg","datePublished":"2021-03-08T14:10:05+00:00","dateModified":"2026-03-16T16:40:54+00:00","description":"Desinfektionsmittel, die sogenannte Light-Version, auf Basis von Wasserstoffperoxid und einem geringen Gehalt an Peressigs\u00e4ure. Bestens geeignet f\u00fcr die Desinfektion von Rohrleitungen, Trinkwasserbeh\u00e4ltern, Brunnen und Oberfl\u00e4chen bei Neubau oder bei Wartungsarbeiten der Anlagen.","breadcrumb":{"@id":"https:\/\/herli.com\/de\/produkt\/tevan-panox-1816\/#breadcrumb"},"inLanguage":"de","potentialAction":[{"@type":"ReadAction","target":["https:\/\/herli.com\/de\/produkt\/tevan-panox-1816\/"]}]},{"@type":"ImageObject","inLanguage":"de","@id":"https:\/\/herli.com\/de\/produkt\/tevan-panox-1816\/#primaryimage","url":"https:\/\/herli.com\/wp-content\/uploads\/2021\/03\/Panox_1816_10kg_900x600.jpg","contentUrl":"https:\/\/herli.com\/wp-content\/uploads\/2021\/03\/Panox_1816_10kg_900x600.jpg","width":900,"height":600,"caption":"Tevan Panox 1816"},{"@type":"BreadcrumbList","@id":"https:\/\/herli.com\/de\/produkt\/tevan-panox-1816\/#breadcrumb","itemListElement":[{"@type":"ListItem","position":1,"name":"Home","item":"https:\/\/herli.com\/de\/"},{"@type":"ListItem","position":2,"name":"Shop","item":"https:\/\/herli.com\/shop\/"},{"@type":"ListItem","position":3,"name":"Tevan Panox 1816"}]},{"@type":"WebSite","@id":"https:\/\/herli.com\/#website","url":"https:\/\/herli.com\/","name":"Herli SAS","description":"Au service de l&#039;eau et de l&#039;hygi\u00e8ne","potentialAction":[{"@type":"SearchAction","target":{"@type":"EntryPoint","urlTemplate":"https:\/\/herli.com\/?s={search_term_string}"},"query-input":{"@type":"PropertyValueSpecification","valueRequired":true,"valueName":"search_term_string"}}],"inLanguage":"de"}]}},"_links":{"self":[{"href":"https:\/\/herli.com\/de\/wp-json\/wp\/v2\/product\/9932","targetHints":{"allow":["GET"]}}],"collection":[{"href":"https:\/\/herli.com\/de\/wp-json\/wp\/v2\/product"}],"about":[{"href":"https:\/\/herli.com\/de\/wp-json\/wp\/v2\/types\/product"}],"replies":[{"embeddable":true,"href":"https:\/\/herli.com\/de\/wp-json\/wp\/v2\/comments?post=9932"}],"wp:featuredmedia":[{"embeddable":true,"href":"https:\/\/herli.com\/de\/wp-json\/wp\/v2\/media\/521"}],"wp:attachment":[{"href":"https:\/\/herli.com\/de\/wp-json\/wp\/v2\/media?parent=9932"}],"wp:term":[{"taxonomy":"product_brand","embeddable":true,"href":"https:\/\/herli.com\/de\/wp-json\/wp\/v2\/product_brand?post=9932"},{"taxonomy":"product_cat","embeddable":true,"href":"https:\/\/herli.com\/de\/wp-json\/wp\/v2\/product_cat?post=9932"},{"taxonomy":"product_tag","embeddable":true,"href":"https:\/\/herli.com\/de\/wp-json\/wp\/v2\/product_tag?post=9932"}],"curies":[{"name":"wp","href":"https:\/\/api.w.org\/{rel}","templated":true}]}}