{"id":9931,"date":"2021-03-08T14:27:07","date_gmt":"2021-03-08T14:27:07","guid":{"rendered":"https:\/\/herli.com\/product\/tevan-panox-s6\/"},"modified":"2026-03-11T14:51:46","modified_gmt":"2026-03-11T14:51:46","slug":"tevan-panox-s6","status":"publish","type":"product","link":"https:\/\/herli.com\/de\/produkt\/tevan-panox-s6\/","title":{"rendered":"Tevan Panox S6"},"content":{"rendered":"","protected":false},"excerpt":{"rendered":"<h2>Gebrauchsfertiges Desinfektionsmittel<\/h2>\n<p>Gebrauchsfertiges Desinfektionsmittel auf der Basis von Wasserstoffperoxid und einem geringen Gehalt an Peressigs\u00e4ure. F\u00fcr die Desinfektion s\u00e4mtlicher Wasserversorgungsanlagen. Beim Einbau von Pumpen und Leitungen sowie f\u00fcr Verbindungsst\u00fccke, Kupplungen, Teilst\u00fccken und Pumpenteilen sowie zur Desinfektion von Ger\u00e4ten und Oberfl\u00e4chen welche mit Trinkwasser in Ber\u00fchrung kommen. Die Anwendung erfolgt im Spr\u00fch- oder im Tauchverfahren! Das Desinfektionsmittel ist f\u00fcr die Abt\u00f6tung von Bakterien, Pilzen und Viren bestens geeignet.\u00a0<\/p>\n<p>Verpackung :<\/p>\n<ul>\n<li>Tevan Panox S6 6 x 750 ml (Karton)<\/li>\n<li>Tevan Panox S6 6 x 1 kg Flasche (Karton)<\/li>\n<li>Tevan Panox S6 10 kg (Kanister)<\/li>\n<\/ul>\n","protected":false},"featured_media":537,"comment_status":"open","ping_status":"closed","template":"","meta":[],"product_brand":[],"product_cat":[269,268,271,270],"product_tag":[313],"class_list":{"0":"post-9931","1":"product","2":"type-product","3":"status-publish","4":"has-post-thumbnail","6":"product_cat-chemische-produkte","7":"product_cat-desinfektionsmittel","8":"product_cat-desinfektionsmittel-fur-rohrleitungen-trinkwasserleitungen","9":"product_cat-geschaftsbereich-trinkwasser","10":"product_tag-gebrauchsfertig-de","12":"first","13":"instock","14":"taxable","15":"shipping-taxable","16":"product-type-simple"},"yoast_head":"<!-- This site is optimized with the Yoast SEO plugin v27.3 - https:\/\/yoast.com\/product\/yoast-seo-wordpress\/ -->\n<title>Tevan Panox S6 | Gebrauchsfertiges Desinfektionsmittel - Herli SAS<\/title>\n<meta name=\"description\" content=\"Gebrauchsfertiges Desinfektionsmittel auf der Basis von Wasserstoffperoxid und einem geringen Gehalt an Peressigs\u00e4ure. F\u00fcr die Desinfektion s\u00e4mtlicher Wasserversorgungsanlagen. Beim Einbau von Pumpen und Leitungen sowie f\u00fcr Verbindungsst\u00fccke, Kupplungen, Teilst\u00fccken und Pumpenteilen sowie zur Desinfektion von Ger\u00e4ten und Oberfl\u00e4chen welche mit Trinkwasser in Ber\u00fchrung kommen. Die Anwendung erfolgt im Spr\u00fch- oder im Tauchverfahren! Das Desinfektionsmittel ist f\u00fcr die Abt\u00f6tung von Bakterien, Pilzen und Viren bestens geeignet.\" \/>\n<meta name=\"robots\" content=\"index, follow, max-snippet:-1, max-image-preview:large, max-video-preview:-1\" \/>\n<link rel=\"canonical\" href=\"https:\/\/herli.com\/de\/produkt\/tevan-panox-s6\/\" \/>\n<meta property=\"og:locale\" content=\"de_DE\" \/>\n<meta property=\"og:type\" content=\"article\" \/>\n<meta property=\"og:title\" content=\"Tevan Panox S6 | Gebrauchsfertiges Desinfektionsmittel - Herli SAS\" \/>\n<meta property=\"og:description\" content=\"Gebrauchsfertiges Desinfektionsmittel auf der Basis von Wasserstoffperoxid und einem geringen Gehalt an Peressigs\u00e4ure. F\u00fcr die Desinfektion s\u00e4mtlicher Wasserversorgungsanlagen. Beim Einbau von Pumpen und Leitungen sowie f\u00fcr Verbindungsst\u00fccke, Kupplungen, Teilst\u00fccken und Pumpenteilen sowie zur Desinfektion von Ger\u00e4ten und Oberfl\u00e4chen welche mit Trinkwasser in Ber\u00fchrung kommen. Die Anwendung erfolgt im Spr\u00fch- oder im Tauchverfahren! Das Desinfektionsmittel ist f\u00fcr die Abt\u00f6tung von Bakterien, Pilzen und Viren bestens geeignet.\" \/>\n<meta property=\"og:url\" content=\"https:\/\/herli.com\/de\/produkt\/tevan-panox-s6\/\" \/>\n<meta property=\"og:site_name\" content=\"Herli SAS\" \/>\n<meta property=\"article:modified_time\" content=\"2026-03-11T14:51:46+00:00\" \/>\n<meta property=\"og:image\" content=\"https:\/\/herli.com\/wp-content\/uploads\/2021\/03\/Panox_S6_10kg_900x600.jpg\" \/>\n\t<meta property=\"og:image:width\" content=\"900\" \/>\n\t<meta property=\"og:image:height\" content=\"600\" \/>\n\t<meta property=\"og:image:type\" content=\"image\/jpeg\" \/>\n<meta name=\"twitter:card\" content=\"summary_large_image\" \/>\n<script type=\"application\/ld+json\" class=\"yoast-schema-graph\">{\"@context\":\"https:\\\/\\\/schema.org\",\"@graph\":[{\"@type\":\"WebPage\",\"@id\":\"https:\\\/\\\/herli.com\\\/de\\\/produkt\\\/tevan-panox-s6\\\/\",\"url\":\"https:\\\/\\\/herli.com\\\/de\\\/produkt\\\/tevan-panox-s6\\\/\",\"name\":\"Tevan Panox S6 | Gebrauchsfertiges Desinfektionsmittel - Herli SAS\",\"isPartOf\":{\"@id\":\"https:\\\/\\\/herli.com\\\/#website\"},\"primaryImageOfPage\":{\"@id\":\"https:\\\/\\\/herli.com\\\/de\\\/produkt\\\/tevan-panox-s6\\\/#primaryimage\"},\"image\":{\"@id\":\"https:\\\/\\\/herli.com\\\/de\\\/produkt\\\/tevan-panox-s6\\\/#primaryimage\"},\"thumbnailUrl\":\"https:\\\/\\\/herli.com\\\/wp-content\\\/uploads\\\/2021\\\/03\\\/Panox_S6_10kg_900x600.jpg\",\"datePublished\":\"2021-03-08T14:27:07+00:00\",\"dateModified\":\"2026-03-11T14:51:46+00:00\",\"description\":\"Gebrauchsfertiges Desinfektionsmittel auf der Basis von Wasserstoffperoxid und einem geringen Gehalt an Peressigs\u00e4ure. F\u00fcr die Desinfektion s\u00e4mtlicher Wasserversorgungsanlagen. Beim Einbau von Pumpen und Leitungen sowie f\u00fcr Verbindungsst\u00fccke, Kupplungen, Teilst\u00fccken und Pumpenteilen sowie zur Desinfektion von Ger\u00e4ten und Oberfl\u00e4chen welche mit Trinkwasser in Ber\u00fchrung kommen. Die Anwendung erfolgt im Spr\u00fch- oder im Tauchverfahren! Das Desinfektionsmittel ist f\u00fcr die Abt\u00f6tung von Bakterien, Pilzen und Viren bestens geeignet.\",\"breadcrumb\":{\"@id\":\"https:\\\/\\\/herli.com\\\/de\\\/produkt\\\/tevan-panox-s6\\\/#breadcrumb\"},\"inLanguage\":\"de\",\"potentialAction\":[{\"@type\":\"ReadAction\",\"target\":[\"https:\\\/\\\/herli.com\\\/de\\\/produkt\\\/tevan-panox-s6\\\/\"]}]},{\"@type\":\"ImageObject\",\"inLanguage\":\"de\",\"@id\":\"https:\\\/\\\/herli.com\\\/de\\\/produkt\\\/tevan-panox-s6\\\/#primaryimage\",\"url\":\"https:\\\/\\\/herli.com\\\/wp-content\\\/uploads\\\/2021\\\/03\\\/Panox_S6_10kg_900x600.jpg\",\"contentUrl\":\"https:\\\/\\\/herli.com\\\/wp-content\\\/uploads\\\/2021\\\/03\\\/Panox_S6_10kg_900x600.jpg\",\"width\":900,\"height\":600,\"caption\":\"Tevan Panox S6 - Gebrauchsfertiges Desinfektionsmittel- 10kg\"},{\"@type\":\"BreadcrumbList\",\"@id\":\"https:\\\/\\\/herli.com\\\/de\\\/produkt\\\/tevan-panox-s6\\\/#breadcrumb\",\"itemListElement\":[{\"@type\":\"ListItem\",\"position\":1,\"name\":\"Home\",\"item\":\"https:\\\/\\\/herli.com\\\/de\\\/\"},{\"@type\":\"ListItem\",\"position\":2,\"name\":\"Shop\",\"item\":\"https:\\\/\\\/herli.com\\\/shop\\\/\"},{\"@type\":\"ListItem\",\"position\":3,\"name\":\"Tevan Panox S6\"}]},{\"@type\":\"WebSite\",\"@id\":\"https:\\\/\\\/herli.com\\\/#website\",\"url\":\"https:\\\/\\\/herli.com\\\/\",\"name\":\"Herli SAS\",\"description\":\"Au service de l&#039;eau et de l&#039;hygi\u00e8ne\",\"potentialAction\":[{\"@type\":\"SearchAction\",\"target\":{\"@type\":\"EntryPoint\",\"urlTemplate\":\"https:\\\/\\\/herli.com\\\/?s={search_term_string}\"},\"query-input\":{\"@type\":\"PropertyValueSpecification\",\"valueRequired\":true,\"valueName\":\"search_term_string\"}}],\"inLanguage\":\"de\"}]}<\/script>\n<!-- \/ Yoast SEO plugin. -->","yoast_head_json":{"title":"Tevan Panox S6 | Gebrauchsfertiges Desinfektionsmittel - Herli SAS","description":"Gebrauchsfertiges Desinfektionsmittel auf der Basis von Wasserstoffperoxid und einem geringen Gehalt an Peressigs\u00e4ure. F\u00fcr die Desinfektion s\u00e4mtlicher Wasserversorgungsanlagen. Beim Einbau von Pumpen und Leitungen sowie f\u00fcr Verbindungsst\u00fccke, Kupplungen, Teilst\u00fccken und Pumpenteilen sowie zur Desinfektion von Ger\u00e4ten und Oberfl\u00e4chen welche mit Trinkwasser in Ber\u00fchrung kommen. Die Anwendung erfolgt im Spr\u00fch- oder im Tauchverfahren! Das Desinfektionsmittel ist f\u00fcr die Abt\u00f6tung von Bakterien, Pilzen und Viren bestens geeignet.","robots":{"index":"index","follow":"follow","max-snippet":"max-snippet:-1","max-image-preview":"max-image-preview:large","max-video-preview":"max-video-preview:-1"},"canonical":"https:\/\/herli.com\/de\/produkt\/tevan-panox-s6\/","og_locale":"de_DE","og_type":"article","og_title":"Tevan Panox S6 | Gebrauchsfertiges Desinfektionsmittel - Herli SAS","og_description":"Gebrauchsfertiges Desinfektionsmittel auf der Basis von Wasserstoffperoxid und einem geringen Gehalt an Peressigs\u00e4ure. F\u00fcr die Desinfektion s\u00e4mtlicher Wasserversorgungsanlagen. Beim Einbau von Pumpen und Leitungen sowie f\u00fcr Verbindungsst\u00fccke, Kupplungen, Teilst\u00fccken und Pumpenteilen sowie zur Desinfektion von Ger\u00e4ten und Oberfl\u00e4chen welche mit Trinkwasser in Ber\u00fchrung kommen. Die Anwendung erfolgt im Spr\u00fch- oder im Tauchverfahren! Das Desinfektionsmittel ist f\u00fcr die Abt\u00f6tung von Bakterien, Pilzen und Viren bestens geeignet.","og_url":"https:\/\/herli.com\/de\/produkt\/tevan-panox-s6\/","og_site_name":"Herli SAS","article_modified_time":"2026-03-11T14:51:46+00:00","og_image":[{"width":900,"height":600,"url":"https:\/\/herli.com\/wp-content\/uploads\/2021\/03\/Panox_S6_10kg_900x600.jpg","type":"image\/jpeg"}],"twitter_card":"summary_large_image","schema":{"@context":"https:\/\/schema.org","@graph":[{"@type":"WebPage","@id":"https:\/\/herli.com\/de\/produkt\/tevan-panox-s6\/","url":"https:\/\/herli.com\/de\/produkt\/tevan-panox-s6\/","name":"Tevan Panox S6 | Gebrauchsfertiges Desinfektionsmittel - Herli SAS","isPartOf":{"@id":"https:\/\/herli.com\/#website"},"primaryImageOfPage":{"@id":"https:\/\/herli.com\/de\/produkt\/tevan-panox-s6\/#primaryimage"},"image":{"@id":"https:\/\/herli.com\/de\/produkt\/tevan-panox-s6\/#primaryimage"},"thumbnailUrl":"https:\/\/herli.com\/wp-content\/uploads\/2021\/03\/Panox_S6_10kg_900x600.jpg","datePublished":"2021-03-08T14:27:07+00:00","dateModified":"2026-03-11T14:51:46+00:00","description":"Gebrauchsfertiges Desinfektionsmittel auf der Basis von Wasserstoffperoxid und einem geringen Gehalt an Peressigs\u00e4ure. F\u00fcr die Desinfektion s\u00e4mtlicher Wasserversorgungsanlagen. Beim Einbau von Pumpen und Leitungen sowie f\u00fcr Verbindungsst\u00fccke, Kupplungen, Teilst\u00fccken und Pumpenteilen sowie zur Desinfektion von Ger\u00e4ten und Oberfl\u00e4chen welche mit Trinkwasser in Ber\u00fchrung kommen. Die Anwendung erfolgt im Spr\u00fch- oder im Tauchverfahren! Das Desinfektionsmittel ist f\u00fcr die Abt\u00f6tung von Bakterien, Pilzen und Viren bestens geeignet.","breadcrumb":{"@id":"https:\/\/herli.com\/de\/produkt\/tevan-panox-s6\/#breadcrumb"},"inLanguage":"de","potentialAction":[{"@type":"ReadAction","target":["https:\/\/herli.com\/de\/produkt\/tevan-panox-s6\/"]}]},{"@type":"ImageObject","inLanguage":"de","@id":"https:\/\/herli.com\/de\/produkt\/tevan-panox-s6\/#primaryimage","url":"https:\/\/herli.com\/wp-content\/uploads\/2021\/03\/Panox_S6_10kg_900x600.jpg","contentUrl":"https:\/\/herli.com\/wp-content\/uploads\/2021\/03\/Panox_S6_10kg_900x600.jpg","width":900,"height":600,"caption":"Tevan Panox S6 - Gebrauchsfertiges Desinfektionsmittel- 10kg"},{"@type":"BreadcrumbList","@id":"https:\/\/herli.com\/de\/produkt\/tevan-panox-s6\/#breadcrumb","itemListElement":[{"@type":"ListItem","position":1,"name":"Home","item":"https:\/\/herli.com\/de\/"},{"@type":"ListItem","position":2,"name":"Shop","item":"https:\/\/herli.com\/shop\/"},{"@type":"ListItem","position":3,"name":"Tevan Panox S6"}]},{"@type":"WebSite","@id":"https:\/\/herli.com\/#website","url":"https:\/\/herli.com\/","name":"Herli SAS","description":"Au service de l&#039;eau et de l&#039;hygi\u00e8ne","potentialAction":[{"@type":"SearchAction","target":{"@type":"EntryPoint","urlTemplate":"https:\/\/herli.com\/?s={search_term_string}"},"query-input":{"@type":"PropertyValueSpecification","valueRequired":true,"valueName":"search_term_string"}}],"inLanguage":"de"}]}},"_links":{"self":[{"href":"https:\/\/herli.com\/de\/wp-json\/wp\/v2\/product\/9931","targetHints":{"allow":["GET"]}}],"collection":[{"href":"https:\/\/herli.com\/de\/wp-json\/wp\/v2\/product"}],"about":[{"href":"https:\/\/herli.com\/de\/wp-json\/wp\/v2\/types\/product"}],"replies":[{"embeddable":true,"href":"https:\/\/herli.com\/de\/wp-json\/wp\/v2\/comments?post=9931"}],"wp:featuredmedia":[{"embeddable":true,"href":"https:\/\/herli.com\/de\/wp-json\/wp\/v2\/media\/537"}],"wp:attachment":[{"href":"https:\/\/herli.com\/de\/wp-json\/wp\/v2\/media?parent=9931"}],"wp:term":[{"taxonomy":"product_brand","embeddable":true,"href":"https:\/\/herli.com\/de\/wp-json\/wp\/v2\/product_brand?post=9931"},{"taxonomy":"product_cat","embeddable":true,"href":"https:\/\/herli.com\/de\/wp-json\/wp\/v2\/product_cat?post=9931"},{"taxonomy":"product_tag","embeddable":true,"href":"https:\/\/herli.com\/de\/wp-json\/wp\/v2\/product_tag?post=9931"}],"curies":[{"name":"wp","href":"https:\/\/api.w.org\/{rel}","templated":true}]}}