{"id":9927,"date":"2021-04-02T14:05:37","date_gmt":"2021-04-02T14:05:37","guid":{"rendered":"https:\/\/herli.com\/product\/tevan-panox-messstreifen-0-bis-100-mg-l\/"},"modified":"2023-06-30T07:11:37","modified_gmt":"2023-06-30T07:11:37","slug":"tevan-panox-messstreifen-0-bis-100-mg-l","status":"publish","type":"product","link":"https:\/\/herli.com\/de\/produkt\/tevan-panox-messstreifen-0-bis-100-mg-l\/","title":{"rendered":"Tevan Panox Messstreifen 0 bis 100 mg\/l"},"content":{"rendered":"","protected":false},"excerpt":{"rendered":"<h2>Pr\u00fcf- und Kontrollmittel<\/h2>\n<p>Die Teststreifen sind f\u00fcr die semiquantitative Bestimmung der Konzentration von TEVAN PANOX und Derivaten in w\u00e4ssrigen L\u00f6sungen in einem Bereich von 0 bis 100 mg\/L oder 0 bis 1000 mg\/L je nach Art des Teststreifens bestimmt. In Gegenwart von Wasserstoffperoxid f\u00e4rbt sich das Testfeld des Teststreifens blau. Die Teststreifen sind f\u00fcr die \u00dcberpr\u00fcfung des Vorhandenseins und die Bestimmung der ungef\u00e4hren Konzentration von Desinfektionsmitteln auf Wasserstoffperoxidbasis bestimmt. Sie sind kein Ersatz f\u00fcr ein Messinstrument. Eine genaue Bestimmung der H2O2-Konzentration kann anschlie\u00dfend mit Hilfe eines Photometers durchgef\u00fchrt werden.<\/p>\n","protected":false},"featured_media":2270,"comment_status":"open","ping_status":"closed","template":"","meta":[],"product_brand":[],"product_cat":[273,270,281],"product_tag":[290,303],"class_list":{"0":"post-9927","1":"product","2":"type-product","3":"status-publish","4":"has-post-thumbnail","6":"product_cat-gerate","7":"product_cat-geschaftsbereich-trinkwasser","8":"product_cat-schelltests-und-mikrobiologische-kontrolltests","9":"product_tag-chemische-prufung","10":"product_tag-h202-messung","12":"first","13":"instock","14":"taxable","15":"shipping-taxable","16":"product-type-simple"},"yoast_head":"<!-- This site is optimized with the Yoast SEO plugin v27.3 - https:\/\/yoast.com\/product\/yoast-seo-wordpress\/ -->\n<title>Tevan Panox Messstreifen 0 bis 100 mg\/l - Herli SAS<\/title>\n<meta name=\"description\" content=\"Dose mit 100 St\u00fcck Messstreifen f\u00fcr den qualitativen Nachweis von Panox und Wasserstoffperoxid.\" \/>\n<meta name=\"robots\" content=\"index, follow, max-snippet:-1, max-image-preview:large, max-video-preview:-1\" \/>\n<link rel=\"canonical\" href=\"https:\/\/herli.com\/de\/produkt\/tevan-panox-messstreifen-0-bis-100-mg-l\/\" \/>\n<meta property=\"og:locale\" content=\"de_DE\" \/>\n<meta property=\"og:type\" content=\"article\" \/>\n<meta property=\"og:title\" content=\"Tevan Panox Messstreifen 0 bis 100 mg\/l - Herli SAS\" \/>\n<meta property=\"og:description\" content=\"Dose mit 100 St\u00fcck Messstreifen f\u00fcr den qualitativen Nachweis von Panox und Wasserstoffperoxid.\" \/>\n<meta property=\"og:url\" content=\"https:\/\/herli.com\/de\/produkt\/tevan-panox-messstreifen-0-bis-100-mg-l\/\" \/>\n<meta property=\"og:site_name\" content=\"Herli SAS\" \/>\n<meta property=\"article:modified_time\" content=\"2023-06-30T07:11:37+00:00\" \/>\n<meta property=\"og:image\" content=\"https:\/\/herli.com\/wp-content\/uploads\/2021\/04\/900x600_0003_DEA35470000000-Bandelettes-test-Panox-Herlisil-0-100mg.jpg\" \/>\n\t<meta property=\"og:image:width\" content=\"500\" \/>\n\t<meta property=\"og:image:height\" content=\"500\" \/>\n\t<meta property=\"og:image:type\" content=\"image\/jpeg\" \/>\n<meta name=\"twitter:card\" content=\"summary_large_image\" \/>\n<script type=\"application\/ld+json\" class=\"yoast-schema-graph\">{\"@context\":\"https:\\\/\\\/schema.org\",\"@graph\":[{\"@type\":\"WebPage\",\"@id\":\"https:\\\/\\\/herli.com\\\/de\\\/produkt\\\/tevan-panox-messstreifen-0-bis-100-mg-l\\\/\",\"url\":\"https:\\\/\\\/herli.com\\\/de\\\/produkt\\\/tevan-panox-messstreifen-0-bis-100-mg-l\\\/\",\"name\":\"Tevan Panox Messstreifen 0 bis 100 mg\\\/l - Herli SAS\",\"isPartOf\":{\"@id\":\"https:\\\/\\\/herli.com\\\/#website\"},\"primaryImageOfPage\":{\"@id\":\"https:\\\/\\\/herli.com\\\/de\\\/produkt\\\/tevan-panox-messstreifen-0-bis-100-mg-l\\\/#primaryimage\"},\"image\":{\"@id\":\"https:\\\/\\\/herli.com\\\/de\\\/produkt\\\/tevan-panox-messstreifen-0-bis-100-mg-l\\\/#primaryimage\"},\"thumbnailUrl\":\"https:\\\/\\\/herli.com\\\/wp-content\\\/uploads\\\/2021\\\/04\\\/900x600_0003_DEA35470000000-Bandelettes-test-Panox-Herlisil-0-100mg.jpg\",\"datePublished\":\"2021-04-02T14:05:37+00:00\",\"dateModified\":\"2023-06-30T07:11:37+00:00\",\"description\":\"Dose mit 100 St\u00fcck Messstreifen f\u00fcr den qualitativen Nachweis von Panox und Wasserstoffperoxid.\",\"breadcrumb\":{\"@id\":\"https:\\\/\\\/herli.com\\\/de\\\/produkt\\\/tevan-panox-messstreifen-0-bis-100-mg-l\\\/#breadcrumb\"},\"inLanguage\":\"de\",\"potentialAction\":[{\"@type\":\"ReadAction\",\"target\":[\"https:\\\/\\\/herli.com\\\/de\\\/produkt\\\/tevan-panox-messstreifen-0-bis-100-mg-l\\\/\"]}]},{\"@type\":\"ImageObject\",\"inLanguage\":\"de\",\"@id\":\"https:\\\/\\\/herli.com\\\/de\\\/produkt\\\/tevan-panox-messstreifen-0-bis-100-mg-l\\\/#primaryimage\",\"url\":\"https:\\\/\\\/herli.com\\\/wp-content\\\/uploads\\\/2021\\\/04\\\/900x600_0003_DEA35470000000-Bandelettes-test-Panox-Herlisil-0-100mg.jpg\",\"contentUrl\":\"https:\\\/\\\/herli.com\\\/wp-content\\\/uploads\\\/2021\\\/04\\\/900x600_0003_DEA35470000000-Bandelettes-test-Panox-Herlisil-0-100mg.jpg\",\"width\":500,\"height\":500,\"caption\":\"Tevan Panox Messstreifen 0 bis 100 mg\\\/l\"},{\"@type\":\"BreadcrumbList\",\"@id\":\"https:\\\/\\\/herli.com\\\/de\\\/produkt\\\/tevan-panox-messstreifen-0-bis-100-mg-l\\\/#breadcrumb\",\"itemListElement\":[{\"@type\":\"ListItem\",\"position\":1,\"name\":\"Home\",\"item\":\"https:\\\/\\\/herli.com\\\/de\\\/\"},{\"@type\":\"ListItem\",\"position\":2,\"name\":\"Shop\",\"item\":\"https:\\\/\\\/herli.com\\\/shop\\\/\"},{\"@type\":\"ListItem\",\"position\":3,\"name\":\"Tevan Panox Messstreifen 0 bis 100 mg\\\/l\"}]},{\"@type\":\"WebSite\",\"@id\":\"https:\\\/\\\/herli.com\\\/#website\",\"url\":\"https:\\\/\\\/herli.com\\\/\",\"name\":\"Herli SAS\",\"description\":\"Au service de l&#039;eau et de l&#039;hygi\u00e8ne\",\"potentialAction\":[{\"@type\":\"SearchAction\",\"target\":{\"@type\":\"EntryPoint\",\"urlTemplate\":\"https:\\\/\\\/herli.com\\\/?s={search_term_string}\"},\"query-input\":{\"@type\":\"PropertyValueSpecification\",\"valueRequired\":true,\"valueName\":\"search_term_string\"}}],\"inLanguage\":\"de\"}]}<\/script>\n<!-- \/ Yoast SEO plugin. -->","yoast_head_json":{"title":"Tevan Panox Messstreifen 0 bis 100 mg\/l - Herli SAS","description":"Dose mit 100 St\u00fcck Messstreifen f\u00fcr den qualitativen Nachweis von Panox und Wasserstoffperoxid.","robots":{"index":"index","follow":"follow","max-snippet":"max-snippet:-1","max-image-preview":"max-image-preview:large","max-video-preview":"max-video-preview:-1"},"canonical":"https:\/\/herli.com\/de\/produkt\/tevan-panox-messstreifen-0-bis-100-mg-l\/","og_locale":"de_DE","og_type":"article","og_title":"Tevan Panox Messstreifen 0 bis 100 mg\/l - Herli SAS","og_description":"Dose mit 100 St\u00fcck Messstreifen f\u00fcr den qualitativen Nachweis von Panox und Wasserstoffperoxid.","og_url":"https:\/\/herli.com\/de\/produkt\/tevan-panox-messstreifen-0-bis-100-mg-l\/","og_site_name":"Herli SAS","article_modified_time":"2023-06-30T07:11:37+00:00","og_image":[{"width":500,"height":500,"url":"https:\/\/herli.com\/wp-content\/uploads\/2021\/04\/900x600_0003_DEA35470000000-Bandelettes-test-Panox-Herlisil-0-100mg.jpg","type":"image\/jpeg"}],"twitter_card":"summary_large_image","schema":{"@context":"https:\/\/schema.org","@graph":[{"@type":"WebPage","@id":"https:\/\/herli.com\/de\/produkt\/tevan-panox-messstreifen-0-bis-100-mg-l\/","url":"https:\/\/herli.com\/de\/produkt\/tevan-panox-messstreifen-0-bis-100-mg-l\/","name":"Tevan Panox Messstreifen 0 bis 100 mg\/l - Herli SAS","isPartOf":{"@id":"https:\/\/herli.com\/#website"},"primaryImageOfPage":{"@id":"https:\/\/herli.com\/de\/produkt\/tevan-panox-messstreifen-0-bis-100-mg-l\/#primaryimage"},"image":{"@id":"https:\/\/herli.com\/de\/produkt\/tevan-panox-messstreifen-0-bis-100-mg-l\/#primaryimage"},"thumbnailUrl":"https:\/\/herli.com\/wp-content\/uploads\/2021\/04\/900x600_0003_DEA35470000000-Bandelettes-test-Panox-Herlisil-0-100mg.jpg","datePublished":"2021-04-02T14:05:37+00:00","dateModified":"2023-06-30T07:11:37+00:00","description":"Dose mit 100 St\u00fcck Messstreifen f\u00fcr den qualitativen Nachweis von Panox und Wasserstoffperoxid.","breadcrumb":{"@id":"https:\/\/herli.com\/de\/produkt\/tevan-panox-messstreifen-0-bis-100-mg-l\/#breadcrumb"},"inLanguage":"de","potentialAction":[{"@type":"ReadAction","target":["https:\/\/herli.com\/de\/produkt\/tevan-panox-messstreifen-0-bis-100-mg-l\/"]}]},{"@type":"ImageObject","inLanguage":"de","@id":"https:\/\/herli.com\/de\/produkt\/tevan-panox-messstreifen-0-bis-100-mg-l\/#primaryimage","url":"https:\/\/herli.com\/wp-content\/uploads\/2021\/04\/900x600_0003_DEA35470000000-Bandelettes-test-Panox-Herlisil-0-100mg.jpg","contentUrl":"https:\/\/herli.com\/wp-content\/uploads\/2021\/04\/900x600_0003_DEA35470000000-Bandelettes-test-Panox-Herlisil-0-100mg.jpg","width":500,"height":500,"caption":"Tevan Panox Messstreifen 0 bis 100 mg\/l"},{"@type":"BreadcrumbList","@id":"https:\/\/herli.com\/de\/produkt\/tevan-panox-messstreifen-0-bis-100-mg-l\/#breadcrumb","itemListElement":[{"@type":"ListItem","position":1,"name":"Home","item":"https:\/\/herli.com\/de\/"},{"@type":"ListItem","position":2,"name":"Shop","item":"https:\/\/herli.com\/shop\/"},{"@type":"ListItem","position":3,"name":"Tevan Panox Messstreifen 0 bis 100 mg\/l"}]},{"@type":"WebSite","@id":"https:\/\/herli.com\/#website","url":"https:\/\/herli.com\/","name":"Herli SAS","description":"Au service de l&#039;eau et de l&#039;hygi\u00e8ne","potentialAction":[{"@type":"SearchAction","target":{"@type":"EntryPoint","urlTemplate":"https:\/\/herli.com\/?s={search_term_string}"},"query-input":{"@type":"PropertyValueSpecification","valueRequired":true,"valueName":"search_term_string"}}],"inLanguage":"de"}]}},"_links":{"self":[{"href":"https:\/\/herli.com\/de\/wp-json\/wp\/v2\/product\/9927","targetHints":{"allow":["GET"]}}],"collection":[{"href":"https:\/\/herli.com\/de\/wp-json\/wp\/v2\/product"}],"about":[{"href":"https:\/\/herli.com\/de\/wp-json\/wp\/v2\/types\/product"}],"replies":[{"embeddable":true,"href":"https:\/\/herli.com\/de\/wp-json\/wp\/v2\/comments?post=9927"}],"wp:featuredmedia":[{"embeddable":true,"href":"https:\/\/herli.com\/de\/wp-json\/wp\/v2\/media\/2270"}],"wp:attachment":[{"href":"https:\/\/herli.com\/de\/wp-json\/wp\/v2\/media?parent=9927"}],"wp:term":[{"taxonomy":"product_brand","embeddable":true,"href":"https:\/\/herli.com\/de\/wp-json\/wp\/v2\/product_brand?post=9927"},{"taxonomy":"product_cat","embeddable":true,"href":"https:\/\/herli.com\/de\/wp-json\/wp\/v2\/product_cat?post=9927"},{"taxonomy":"product_tag","embeddable":true,"href":"https:\/\/herli.com\/de\/wp-json\/wp\/v2\/product_tag?post=9927"}],"curies":[{"name":"wp","href":"https:\/\/api.w.org\/{rel}","templated":true}]}}