{"id":9922,"date":"2021-04-02T14:19:51","date_gmt":"2021-04-02T14:19:51","guid":{"rendered":"https:\/\/herli.com\/product\/lyophilisierte-dendridiag-sw-reagenzien-60-messungen\/"},"modified":"2023-06-29T08:02:50","modified_gmt":"2023-06-29T08:02:50","slug":"lyophilisierte-dendridiag-sw-reagenzien-60-messungen","status":"publish","type":"product","link":"https:\/\/herli.com\/de\/produkt\/lyophilisierte-dendridiag-sw-reagenzien-60-messungen\/","title":{"rendered":"Lyophilisierte DENDRIDIAG SW Reagenzien (60 Messungen)"},"content":{"rendered":"","protected":false},"excerpt":{"rendered":"<h2>Pr\u00fcf- und Kontrollmittel<\/h2>\n<p>Enth\u00e4lt:<\/p>\n<ul>\n<li>60 Lumituden f\u00fcr das KIKKOMAN SMART Luminometer (Enzymreagenz)<\/li>\n<li>1 Tropfflasche EXTRACTANT (Lyse-L\u00f6sung)<\/li>\n<li>1 Tropfflasche STANDARD (Kalibrierungsl\u00f6sung)<\/li>\n<\/ul>\n","protected":false},"featured_media":3307,"comment_status":"open","ping_status":"closed","template":"","meta":[],"product_brand":[],"product_cat":[273,270,281],"product_tag":[288,291],"class_list":{"0":"post-9922","1":"product","2":"type-product","3":"status-publish","4":"has-post-thumbnail","6":"product_cat-gerate","7":"product_cat-geschaftsbereich-trinkwasser","8":"product_cat-schelltests-und-mikrobiologische-kontrolltests","9":"product_tag-atp-tests","10":"product_tag-mikrobiologische-prufung","12":"first","13":"instock","14":"taxable","15":"shipping-taxable","16":"product-type-simple"},"yoast_head":"<!-- This site is optimized with the Yoast SEO plugin v27.3 - https:\/\/yoast.com\/product\/yoast-seo-wordpress\/ -->\n<title>Lyophilisierte DENDRIDIAG SW Reagenzien (60 Messungen) - Herli SAS<\/title>\n<meta name=\"description\" content=\"Enth\u00e4lt: 60 Lumituden f\u00fcr das KIKKOMAN SMART Luminometer (Enzymreagenz) 1 Tropfflasche EXTRACTANT (Lyse-L\u00f6sung) 1 Tropfflasche STANDARD (Kalibrierungsl\u00f6sung)\" \/>\n<meta name=\"robots\" content=\"index, follow, max-snippet:-1, max-image-preview:large, max-video-preview:-1\" \/>\n<link rel=\"canonical\" href=\"https:\/\/herli.com\/de\/produkt\/lyophilisierte-dendridiag-sw-reagenzien-60-messungen\/\" \/>\n<meta property=\"og:locale\" content=\"de_DE\" \/>\n<meta property=\"og:type\" content=\"article\" \/>\n<meta property=\"og:title\" content=\"Lyophilisierte DENDRIDIAG SW Reagenzien (60 Messungen) - Herli SAS\" \/>\n<meta property=\"og:description\" content=\"Enth\u00e4lt: 60 Lumituden f\u00fcr das KIKKOMAN SMART Luminometer (Enzymreagenz) 1 Tropfflasche EXTRACTANT (Lyse-L\u00f6sung) 1 Tropfflasche STANDARD (Kalibrierungsl\u00f6sung)\" \/>\n<meta property=\"og:url\" content=\"https:\/\/herli.com\/de\/produkt\/lyophilisierte-dendridiag-sw-reagenzien-60-messungen\/\" \/>\n<meta property=\"og:site_name\" content=\"Herli SAS\" \/>\n<meta property=\"article:modified_time\" content=\"2023-06-29T08:02:50+00:00\" \/>\n<meta property=\"og:image\" content=\"https:\/\/herli.com\/wp-content\/uploads\/2021\/04\/900x600_0002_IMG_8835B1000x563.jpg\" \/>\n\t<meta property=\"og:image:width\" content=\"1000\" \/>\n\t<meta property=\"og:image:height\" content=\"563\" \/>\n\t<meta property=\"og:image:type\" content=\"image\/jpeg\" \/>\n<meta name=\"twitter:card\" content=\"summary_large_image\" \/>\n<script type=\"application\/ld+json\" class=\"yoast-schema-graph\">{\"@context\":\"https:\\\/\\\/schema.org\",\"@graph\":[{\"@type\":\"WebPage\",\"@id\":\"https:\\\/\\\/herli.com\\\/de\\\/produkt\\\/lyophilisierte-dendridiag-sw-reagenzien-60-messungen\\\/\",\"url\":\"https:\\\/\\\/herli.com\\\/de\\\/produkt\\\/lyophilisierte-dendridiag-sw-reagenzien-60-messungen\\\/\",\"name\":\"Lyophilisierte DENDRIDIAG SW Reagenzien (60 Messungen) - Herli SAS\",\"isPartOf\":{\"@id\":\"https:\\\/\\\/herli.com\\\/#website\"},\"primaryImageOfPage\":{\"@id\":\"https:\\\/\\\/herli.com\\\/de\\\/produkt\\\/lyophilisierte-dendridiag-sw-reagenzien-60-messungen\\\/#primaryimage\"},\"image\":{\"@id\":\"https:\\\/\\\/herli.com\\\/de\\\/produkt\\\/lyophilisierte-dendridiag-sw-reagenzien-60-messungen\\\/#primaryimage\"},\"thumbnailUrl\":\"https:\\\/\\\/herli.com\\\/wp-content\\\/uploads\\\/2021\\\/04\\\/900x600_0002_IMG_8835B1000x563.jpg\",\"datePublished\":\"2021-04-02T14:19:51+00:00\",\"dateModified\":\"2023-06-29T08:02:50+00:00\",\"description\":\"Enth\u00e4lt: 60 Lumituden f\u00fcr das KIKKOMAN SMART Luminometer (Enzymreagenz) 1 Tropfflasche EXTRACTANT (Lyse-L\u00f6sung) 1 Tropfflasche STANDARD (Kalibrierungsl\u00f6sung)\",\"breadcrumb\":{\"@id\":\"https:\\\/\\\/herli.com\\\/de\\\/produkt\\\/lyophilisierte-dendridiag-sw-reagenzien-60-messungen\\\/#breadcrumb\"},\"inLanguage\":\"de\",\"potentialAction\":[{\"@type\":\"ReadAction\",\"target\":[\"https:\\\/\\\/herli.com\\\/de\\\/produkt\\\/lyophilisierte-dendridiag-sw-reagenzien-60-messungen\\\/\"]}]},{\"@type\":\"ImageObject\",\"inLanguage\":\"de\",\"@id\":\"https:\\\/\\\/herli.com\\\/de\\\/produkt\\\/lyophilisierte-dendridiag-sw-reagenzien-60-messungen\\\/#primaryimage\",\"url\":\"https:\\\/\\\/herli.com\\\/wp-content\\\/uploads\\\/2021\\\/04\\\/900x600_0002_IMG_8835B1000x563.jpg\",\"contentUrl\":\"https:\\\/\\\/herli.com\\\/wp-content\\\/uploads\\\/2021\\\/04\\\/900x600_0002_IMG_8835B1000x563.jpg\",\"width\":900,\"height\":600,\"caption\":\"Lyophilisierte DENDRIDIAG SW-Reagenzien (60 Messungen)\"},{\"@type\":\"BreadcrumbList\",\"@id\":\"https:\\\/\\\/herli.com\\\/de\\\/produkt\\\/lyophilisierte-dendridiag-sw-reagenzien-60-messungen\\\/#breadcrumb\",\"itemListElement\":[{\"@type\":\"ListItem\",\"position\":1,\"name\":\"Home\",\"item\":\"https:\\\/\\\/herli.com\\\/de\\\/\"},{\"@type\":\"ListItem\",\"position\":2,\"name\":\"Shop\",\"item\":\"https:\\\/\\\/herli.com\\\/shop\\\/\"},{\"@type\":\"ListItem\",\"position\":3,\"name\":\"Lyophilisierte DENDRIDIAG SW Reagenzien (60 Messungen)\"}]},{\"@type\":\"WebSite\",\"@id\":\"https:\\\/\\\/herli.com\\\/#website\",\"url\":\"https:\\\/\\\/herli.com\\\/\",\"name\":\"Herli SAS\",\"description\":\"Au service de l&#039;eau et de l&#039;hygi\u00e8ne\",\"potentialAction\":[{\"@type\":\"SearchAction\",\"target\":{\"@type\":\"EntryPoint\",\"urlTemplate\":\"https:\\\/\\\/herli.com\\\/?s={search_term_string}\"},\"query-input\":{\"@type\":\"PropertyValueSpecification\",\"valueRequired\":true,\"valueName\":\"search_term_string\"}}],\"inLanguage\":\"de\"}]}<\/script>\n<!-- \/ Yoast SEO plugin. -->","yoast_head_json":{"title":"Lyophilisierte DENDRIDIAG SW Reagenzien (60 Messungen) - Herli SAS","description":"Enth\u00e4lt: 60 Lumituden f\u00fcr das KIKKOMAN SMART Luminometer (Enzymreagenz) 1 Tropfflasche EXTRACTANT (Lyse-L\u00f6sung) 1 Tropfflasche STANDARD (Kalibrierungsl\u00f6sung)","robots":{"index":"index","follow":"follow","max-snippet":"max-snippet:-1","max-image-preview":"max-image-preview:large","max-video-preview":"max-video-preview:-1"},"canonical":"https:\/\/herli.com\/de\/produkt\/lyophilisierte-dendridiag-sw-reagenzien-60-messungen\/","og_locale":"de_DE","og_type":"article","og_title":"Lyophilisierte DENDRIDIAG SW Reagenzien (60 Messungen) - Herli SAS","og_description":"Enth\u00e4lt: 60 Lumituden f\u00fcr das KIKKOMAN SMART Luminometer (Enzymreagenz) 1 Tropfflasche EXTRACTANT (Lyse-L\u00f6sung) 1 Tropfflasche STANDARD (Kalibrierungsl\u00f6sung)","og_url":"https:\/\/herli.com\/de\/produkt\/lyophilisierte-dendridiag-sw-reagenzien-60-messungen\/","og_site_name":"Herli SAS","article_modified_time":"2023-06-29T08:02:50+00:00","og_image":[{"width":1000,"height":563,"url":"https:\/\/herli.com\/wp-content\/uploads\/2021\/04\/900x600_0002_IMG_8835B1000x563.jpg","type":"image\/jpeg"}],"twitter_card":"summary_large_image","schema":{"@context":"https:\/\/schema.org","@graph":[{"@type":"WebPage","@id":"https:\/\/herli.com\/de\/produkt\/lyophilisierte-dendridiag-sw-reagenzien-60-messungen\/","url":"https:\/\/herli.com\/de\/produkt\/lyophilisierte-dendridiag-sw-reagenzien-60-messungen\/","name":"Lyophilisierte DENDRIDIAG SW Reagenzien (60 Messungen) - Herli SAS","isPartOf":{"@id":"https:\/\/herli.com\/#website"},"primaryImageOfPage":{"@id":"https:\/\/herli.com\/de\/produkt\/lyophilisierte-dendridiag-sw-reagenzien-60-messungen\/#primaryimage"},"image":{"@id":"https:\/\/herli.com\/de\/produkt\/lyophilisierte-dendridiag-sw-reagenzien-60-messungen\/#primaryimage"},"thumbnailUrl":"https:\/\/herli.com\/wp-content\/uploads\/2021\/04\/900x600_0002_IMG_8835B1000x563.jpg","datePublished":"2021-04-02T14:19:51+00:00","dateModified":"2023-06-29T08:02:50+00:00","description":"Enth\u00e4lt: 60 Lumituden f\u00fcr das KIKKOMAN SMART Luminometer (Enzymreagenz) 1 Tropfflasche EXTRACTANT (Lyse-L\u00f6sung) 1 Tropfflasche STANDARD (Kalibrierungsl\u00f6sung)","breadcrumb":{"@id":"https:\/\/herli.com\/de\/produkt\/lyophilisierte-dendridiag-sw-reagenzien-60-messungen\/#breadcrumb"},"inLanguage":"de","potentialAction":[{"@type":"ReadAction","target":["https:\/\/herli.com\/de\/produkt\/lyophilisierte-dendridiag-sw-reagenzien-60-messungen\/"]}]},{"@type":"ImageObject","inLanguage":"de","@id":"https:\/\/herli.com\/de\/produkt\/lyophilisierte-dendridiag-sw-reagenzien-60-messungen\/#primaryimage","url":"https:\/\/herli.com\/wp-content\/uploads\/2021\/04\/900x600_0002_IMG_8835B1000x563.jpg","contentUrl":"https:\/\/herli.com\/wp-content\/uploads\/2021\/04\/900x600_0002_IMG_8835B1000x563.jpg","width":900,"height":600,"caption":"Lyophilisierte DENDRIDIAG SW-Reagenzien (60 Messungen)"},{"@type":"BreadcrumbList","@id":"https:\/\/herli.com\/de\/produkt\/lyophilisierte-dendridiag-sw-reagenzien-60-messungen\/#breadcrumb","itemListElement":[{"@type":"ListItem","position":1,"name":"Home","item":"https:\/\/herli.com\/de\/"},{"@type":"ListItem","position":2,"name":"Shop","item":"https:\/\/herli.com\/shop\/"},{"@type":"ListItem","position":3,"name":"Lyophilisierte DENDRIDIAG SW Reagenzien (60 Messungen)"}]},{"@type":"WebSite","@id":"https:\/\/herli.com\/#website","url":"https:\/\/herli.com\/","name":"Herli SAS","description":"Au service de l&#039;eau et de l&#039;hygi\u00e8ne","potentialAction":[{"@type":"SearchAction","target":{"@type":"EntryPoint","urlTemplate":"https:\/\/herli.com\/?s={search_term_string}"},"query-input":{"@type":"PropertyValueSpecification","valueRequired":true,"valueName":"search_term_string"}}],"inLanguage":"de"}]}},"_links":{"self":[{"href":"https:\/\/herli.com\/de\/wp-json\/wp\/v2\/product\/9922","targetHints":{"allow":["GET"]}}],"collection":[{"href":"https:\/\/herli.com\/de\/wp-json\/wp\/v2\/product"}],"about":[{"href":"https:\/\/herli.com\/de\/wp-json\/wp\/v2\/types\/product"}],"replies":[{"embeddable":true,"href":"https:\/\/herli.com\/de\/wp-json\/wp\/v2\/comments?post=9922"}],"wp:featuredmedia":[{"embeddable":true,"href":"https:\/\/herli.com\/de\/wp-json\/wp\/v2\/media\/3307"}],"wp:attachment":[{"href":"https:\/\/herli.com\/de\/wp-json\/wp\/v2\/media?parent=9922"}],"wp:term":[{"taxonomy":"product_brand","embeddable":true,"href":"https:\/\/herli.com\/de\/wp-json\/wp\/v2\/product_brand?post=9922"},{"taxonomy":"product_cat","embeddable":true,"href":"https:\/\/herli.com\/de\/wp-json\/wp\/v2\/product_cat?post=9922"},{"taxonomy":"product_tag","embeddable":true,"href":"https:\/\/herli.com\/de\/wp-json\/wp\/v2\/product_tag?post=9922"}],"curies":[{"name":"wp","href":"https:\/\/api.w.org\/{rel}","templated":true}]}}