{"id":9921,"date":"2021-04-02T14:20:51","date_gmt":"2021-04-02T14:20:51","guid":{"rendered":"https:\/\/herli.com\/product\/sw-verbrauchsmaterial-sortiment-60-messungen\/"},"modified":"2023-10-23T14:16:08","modified_gmt":"2023-10-23T14:16:08","slug":"sw-verbrauchsmaterial-sortiment-60-messungen","status":"publish","type":"product","link":"https:\/\/herli.com\/de\/produkt\/sw-verbrauchsmaterial-sortiment-60-messungen\/","title":{"rendered":"SW Verbrauchsmaterial-Sortiment (f\u00fcr 60 Messungen)"},"content":{"rendered":"","protected":false},"excerpt":{"rendered":"<h2>Pr\u00fcf- und Kontrollmittel<\/h2>\n<p>Enth\u00e4lt:<\/p>\n<ul>\n<li>60 sterile Einweg-Probenahmeflaschen (60ml)<\/li>\n<li>60 sterile Einwegspritzen<\/li>\n<li>60 sterile Einwegfilter mit einer Porosit\u00e4t von 0,45um<\/li>\n<\/ul>\n","protected":false},"featured_media":3304,"comment_status":"open","ping_status":"closed","template":"","meta":[],"product_brand":[],"product_cat":[273,270,281],"product_tag":[288,291],"class_list":{"0":"post-9921","1":"product","2":"type-product","3":"status-publish","4":"has-post-thumbnail","6":"product_cat-gerate","7":"product_cat-geschaftsbereich-trinkwasser","8":"product_cat-schelltests-und-mikrobiologische-kontrolltests","9":"product_tag-atp-tests","10":"product_tag-mikrobiologische-prufung","12":"first","13":"instock","14":"taxable","15":"shipping-taxable","16":"product-type-simple"},"yoast_head":"<!-- This site is optimized with the Yoast SEO plugin v27.3 - https:\/\/yoast.com\/product\/yoast-seo-wordpress\/ -->\n<title>SW Verbrauchsmaterial-Sortiment (f\u00fcr 60 Messungen) - Herli SAS<\/title>\n<meta name=\"robots\" content=\"index, follow, max-snippet:-1, max-image-preview:large, max-video-preview:-1\" \/>\n<link rel=\"canonical\" href=\"https:\/\/herli.com\/de\/produkt\/sw-verbrauchsmaterial-sortiment-60-messungen\/\" \/>\n<meta property=\"og:locale\" content=\"de_DE\" \/>\n<meta property=\"og:type\" content=\"article\" \/>\n<meta property=\"og:title\" content=\"SW Verbrauchsmaterial-Sortiment (f\u00fcr 60 Messungen) - Herli SAS\" \/>\n<meta property=\"og:description\" content=\"Pr\u00fcf- und Kontrollmittel Enth\u00e4lt:   60 sterile Einweg-Probenahmeflaschen (60ml)  60 sterile Einwegspritzen  60 sterile Einwegfilter mit einer Porosit\u00e4t von 0,45um\" \/>\n<meta property=\"og:url\" content=\"https:\/\/herli.com\/de\/produkt\/sw-verbrauchsmaterial-sortiment-60-messungen\/\" \/>\n<meta property=\"og:site_name\" content=\"Herli SAS\" \/>\n<meta property=\"article:modified_time\" content=\"2023-10-23T14:16:08+00:00\" \/>\n<meta property=\"og:image\" content=\"https:\/\/herli.com\/wp-content\/uploads\/2021\/04\/900x600_0003_Accessoires1000x563.jpg\" \/>\n\t<meta property=\"og:image:width\" content=\"1000\" \/>\n\t<meta property=\"og:image:height\" content=\"563\" \/>\n\t<meta property=\"og:image:type\" content=\"image\/jpeg\" \/>\n<meta name=\"twitter:card\" content=\"summary_large_image\" \/>\n<script type=\"application\/ld+json\" class=\"yoast-schema-graph\">{\"@context\":\"https:\\\/\\\/schema.org\",\"@graph\":[{\"@type\":\"WebPage\",\"@id\":\"https:\\\/\\\/herli.com\\\/de\\\/produkt\\\/sw-verbrauchsmaterial-sortiment-60-messungen\\\/\",\"url\":\"https:\\\/\\\/herli.com\\\/de\\\/produkt\\\/sw-verbrauchsmaterial-sortiment-60-messungen\\\/\",\"name\":\"SW Verbrauchsmaterial-Sortiment (f\u00fcr 60 Messungen) - Herli SAS\",\"isPartOf\":{\"@id\":\"https:\\\/\\\/herli.com\\\/#website\"},\"primaryImageOfPage\":{\"@id\":\"https:\\\/\\\/herli.com\\\/de\\\/produkt\\\/sw-verbrauchsmaterial-sortiment-60-messungen\\\/#primaryimage\"},\"image\":{\"@id\":\"https:\\\/\\\/herli.com\\\/de\\\/produkt\\\/sw-verbrauchsmaterial-sortiment-60-messungen\\\/#primaryimage\"},\"thumbnailUrl\":\"https:\\\/\\\/herli.com\\\/wp-content\\\/uploads\\\/2021\\\/04\\\/900x600_0003_Accessoires1000x563.jpg\",\"datePublished\":\"2021-04-02T14:20:51+00:00\",\"dateModified\":\"2023-10-23T14:16:08+00:00\",\"breadcrumb\":{\"@id\":\"https:\\\/\\\/herli.com\\\/de\\\/produkt\\\/sw-verbrauchsmaterial-sortiment-60-messungen\\\/#breadcrumb\"},\"inLanguage\":\"de\",\"potentialAction\":[{\"@type\":\"ReadAction\",\"target\":[\"https:\\\/\\\/herli.com\\\/de\\\/produkt\\\/sw-verbrauchsmaterial-sortiment-60-messungen\\\/\"]}]},{\"@type\":\"ImageObject\",\"inLanguage\":\"de\",\"@id\":\"https:\\\/\\\/herli.com\\\/de\\\/produkt\\\/sw-verbrauchsmaterial-sortiment-60-messungen\\\/#primaryimage\",\"url\":\"https:\\\/\\\/herli.com\\\/wp-content\\\/uploads\\\/2021\\\/04\\\/900x600_0003_Accessoires1000x563.jpg\",\"contentUrl\":\"https:\\\/\\\/herli.com\\\/wp-content\\\/uploads\\\/2021\\\/04\\\/900x600_0003_Accessoires1000x563.jpg\",\"width\":1000,\"height\":563,\"caption\":\"SW-Verbrauchsmaterialien f\u00fcr die mikrobiologische Wasseruntersuchung\"},{\"@type\":\"BreadcrumbList\",\"@id\":\"https:\\\/\\\/herli.com\\\/de\\\/produkt\\\/sw-verbrauchsmaterial-sortiment-60-messungen\\\/#breadcrumb\",\"itemListElement\":[{\"@type\":\"ListItem\",\"position\":1,\"name\":\"Home\",\"item\":\"https:\\\/\\\/herli.com\\\/de\\\/\"},{\"@type\":\"ListItem\",\"position\":2,\"name\":\"Shop\",\"item\":\"https:\\\/\\\/herli.com\\\/shop\\\/\"},{\"@type\":\"ListItem\",\"position\":3,\"name\":\"SW Verbrauchsmaterial-Sortiment (f\u00fcr 60 Messungen)\"}]},{\"@type\":\"WebSite\",\"@id\":\"https:\\\/\\\/herli.com\\\/#website\",\"url\":\"https:\\\/\\\/herli.com\\\/\",\"name\":\"Herli SAS\",\"description\":\"Au service de l&#039;eau et de l&#039;hygi\u00e8ne\",\"potentialAction\":[{\"@type\":\"SearchAction\",\"target\":{\"@type\":\"EntryPoint\",\"urlTemplate\":\"https:\\\/\\\/herli.com\\\/?s={search_term_string}\"},\"query-input\":{\"@type\":\"PropertyValueSpecification\",\"valueRequired\":true,\"valueName\":\"search_term_string\"}}],\"inLanguage\":\"de\"}]}<\/script>\n<!-- \/ Yoast SEO plugin. -->","yoast_head_json":{"title":"SW Verbrauchsmaterial-Sortiment (f\u00fcr 60 Messungen) - Herli SAS","robots":{"index":"index","follow":"follow","max-snippet":"max-snippet:-1","max-image-preview":"max-image-preview:large","max-video-preview":"max-video-preview:-1"},"canonical":"https:\/\/herli.com\/de\/produkt\/sw-verbrauchsmaterial-sortiment-60-messungen\/","og_locale":"de_DE","og_type":"article","og_title":"SW Verbrauchsmaterial-Sortiment (f\u00fcr 60 Messungen) - Herli SAS","og_description":"Pr\u00fcf- und Kontrollmittel Enth\u00e4lt:   60 sterile Einweg-Probenahmeflaschen (60ml)  60 sterile Einwegspritzen  60 sterile Einwegfilter mit einer Porosit\u00e4t von 0,45um","og_url":"https:\/\/herli.com\/de\/produkt\/sw-verbrauchsmaterial-sortiment-60-messungen\/","og_site_name":"Herli SAS","article_modified_time":"2023-10-23T14:16:08+00:00","og_image":[{"width":1000,"height":563,"url":"https:\/\/herli.com\/wp-content\/uploads\/2021\/04\/900x600_0003_Accessoires1000x563.jpg","type":"image\/jpeg"}],"twitter_card":"summary_large_image","schema":{"@context":"https:\/\/schema.org","@graph":[{"@type":"WebPage","@id":"https:\/\/herli.com\/de\/produkt\/sw-verbrauchsmaterial-sortiment-60-messungen\/","url":"https:\/\/herli.com\/de\/produkt\/sw-verbrauchsmaterial-sortiment-60-messungen\/","name":"SW Verbrauchsmaterial-Sortiment (f\u00fcr 60 Messungen) - Herli SAS","isPartOf":{"@id":"https:\/\/herli.com\/#website"},"primaryImageOfPage":{"@id":"https:\/\/herli.com\/de\/produkt\/sw-verbrauchsmaterial-sortiment-60-messungen\/#primaryimage"},"image":{"@id":"https:\/\/herli.com\/de\/produkt\/sw-verbrauchsmaterial-sortiment-60-messungen\/#primaryimage"},"thumbnailUrl":"https:\/\/herli.com\/wp-content\/uploads\/2021\/04\/900x600_0003_Accessoires1000x563.jpg","datePublished":"2021-04-02T14:20:51+00:00","dateModified":"2023-10-23T14:16:08+00:00","breadcrumb":{"@id":"https:\/\/herli.com\/de\/produkt\/sw-verbrauchsmaterial-sortiment-60-messungen\/#breadcrumb"},"inLanguage":"de","potentialAction":[{"@type":"ReadAction","target":["https:\/\/herli.com\/de\/produkt\/sw-verbrauchsmaterial-sortiment-60-messungen\/"]}]},{"@type":"ImageObject","inLanguage":"de","@id":"https:\/\/herli.com\/de\/produkt\/sw-verbrauchsmaterial-sortiment-60-messungen\/#primaryimage","url":"https:\/\/herli.com\/wp-content\/uploads\/2021\/04\/900x600_0003_Accessoires1000x563.jpg","contentUrl":"https:\/\/herli.com\/wp-content\/uploads\/2021\/04\/900x600_0003_Accessoires1000x563.jpg","width":1000,"height":563,"caption":"SW-Verbrauchsmaterialien f\u00fcr die mikrobiologische Wasseruntersuchung"},{"@type":"BreadcrumbList","@id":"https:\/\/herli.com\/de\/produkt\/sw-verbrauchsmaterial-sortiment-60-messungen\/#breadcrumb","itemListElement":[{"@type":"ListItem","position":1,"name":"Home","item":"https:\/\/herli.com\/de\/"},{"@type":"ListItem","position":2,"name":"Shop","item":"https:\/\/herli.com\/shop\/"},{"@type":"ListItem","position":3,"name":"SW Verbrauchsmaterial-Sortiment (f\u00fcr 60 Messungen)"}]},{"@type":"WebSite","@id":"https:\/\/herli.com\/#website","url":"https:\/\/herli.com\/","name":"Herli SAS","description":"Au service de l&#039;eau et de l&#039;hygi\u00e8ne","potentialAction":[{"@type":"SearchAction","target":{"@type":"EntryPoint","urlTemplate":"https:\/\/herli.com\/?s={search_term_string}"},"query-input":{"@type":"PropertyValueSpecification","valueRequired":true,"valueName":"search_term_string"}}],"inLanguage":"de"}]}},"_links":{"self":[{"href":"https:\/\/herli.com\/de\/wp-json\/wp\/v2\/product\/9921","targetHints":{"allow":["GET"]}}],"collection":[{"href":"https:\/\/herli.com\/de\/wp-json\/wp\/v2\/product"}],"about":[{"href":"https:\/\/herli.com\/de\/wp-json\/wp\/v2\/types\/product"}],"replies":[{"embeddable":true,"href":"https:\/\/herli.com\/de\/wp-json\/wp\/v2\/comments?post=9921"}],"wp:featuredmedia":[{"embeddable":true,"href":"https:\/\/herli.com\/de\/wp-json\/wp\/v2\/media\/3304"}],"wp:attachment":[{"href":"https:\/\/herli.com\/de\/wp-json\/wp\/v2\/media?parent=9921"}],"wp:term":[{"taxonomy":"product_brand","embeddable":true,"href":"https:\/\/herli.com\/de\/wp-json\/wp\/v2\/product_brand?post=9921"},{"taxonomy":"product_cat","embeddable":true,"href":"https:\/\/herli.com\/de\/wp-json\/wp\/v2\/product_cat?post=9921"},{"taxonomy":"product_tag","embeddable":true,"href":"https:\/\/herli.com\/de\/wp-json\/wp\/v2\/product_tag?post=9921"}],"curies":[{"name":"wp","href":"https:\/\/api.w.org\/{rel}","templated":true}]}}