{"id":9912,"date":"2021-04-06T09:00:51","date_gmt":"2021-04-06T09:00:51","guid":{"rendered":"https:\/\/herli.com\/product\/herlimat-major\/"},"modified":"2025-11-04T15:46:59","modified_gmt":"2025-11-04T15:46:59","slug":"herlimat-major","status":"publish","type":"product","link":"https:\/\/herli.com\/de\/produkt\/herlimat-major\/","title":{"rendered":"Herlimat Major"},"content":{"rendered":"","protected":false},"excerpt":{"rendered":"<h2>Herlimat Major &#8211; Desinfektion von Trinkwassersystemen<\/h2>\n<p>Der Herlimat Major komplett besteht aus einem tragbarem und rollbarem Basisger\u00e4t mit Tragegriff und einem Anschlussdesinfektionsset. Dieses Niederdruckspr\u00fchger\u00e4t ist bestens geeignet f\u00fcr die Desinfektion von Trinkwasserinstallationen Hausanschl\u00fcssen, Oberfl\u00e4chen, Armaturen und Zubeh\u00f6r mit Tevan Panox S6. Arbeitet autonom mit einer 12V-Batterie.<\/p>\n","protected":false},"featured_media":2382,"comment_status":"open","ping_status":"closed","template":"","meta":[],"product_brand":[],"product_cat":[273,279,270],"product_tag":[292,315],"class_list":{"0":"post-9912","1":"product","2":"type-product","3":"status-publish","4":"has-post-thumbnail","6":"product_cat-gerate","7":"product_cat-desinfektion-von-trinkwasserleitungen","8":"product_cat-geschaftsbereich-trinkwasser","9":"product_tag-herlimat-major-und-zubehoere","10":"product_tag-motorisiertes-spruehgeraet","12":"first","13":"instock","14":"taxable","15":"shipping-taxable","16":"product-type-simple"},"yoast_head":"<!-- This site is optimized with the Yoast SEO plugin v27.3 - https:\/\/yoast.com\/product\/yoast-seo-wordpress\/ -->\n<title>Herlimat Major - Herli SAS<\/title>\n<meta name=\"description\" content=\"Der Herlimat Major komplett besteht aus einem tragbarem und rollbarem Basisger\u00e4t mit Tragegriff und einem Anschlussdesinfektionsset.\" \/>\n<meta name=\"robots\" content=\"index, follow, max-snippet:-1, max-image-preview:large, max-video-preview:-1\" \/>\n<link rel=\"canonical\" href=\"https:\/\/herli.com\/de\/produkt\/herlimat-major\/\" \/>\n<meta property=\"og:locale\" content=\"de_DE\" \/>\n<meta property=\"og:type\" content=\"article\" \/>\n<meta property=\"og:title\" content=\"Herlimat Major - Herli SAS\" \/>\n<meta property=\"og:description\" content=\"Der Herlimat Major komplett besteht aus einem tragbarem und rollbarem Basisger\u00e4t mit Tragegriff und einem Anschlussdesinfektionsset.\" \/>\n<meta property=\"og:url\" content=\"https:\/\/herli.com\/de\/produkt\/herlimat-major\/\" \/>\n<meta property=\"og:site_name\" content=\"Herli SAS\" \/>\n<meta property=\"article:modified_time\" content=\"2025-11-04T15:46:59+00:00\" \/>\n<meta property=\"og:image\" content=\"https:\/\/herli.com\/wp-content\/uploads\/2021\/04\/Hermiat_major_900x600.jpg\" \/>\n\t<meta property=\"og:image:width\" content=\"600\" \/>\n\t<meta property=\"og:image:height\" content=\"600\" \/>\n\t<meta property=\"og:image:type\" content=\"image\/jpeg\" \/>\n<meta name=\"twitter:card\" content=\"summary_large_image\" \/>\n<script type=\"application\/ld+json\" class=\"yoast-schema-graph\">{\"@context\":\"https:\\\/\\\/schema.org\",\"@graph\":[{\"@type\":\"WebPage\",\"@id\":\"https:\\\/\\\/herli.com\\\/de\\\/produkt\\\/herlimat-major\\\/\",\"url\":\"https:\\\/\\\/herli.com\\\/de\\\/produkt\\\/herlimat-major\\\/\",\"name\":\"Herlimat Major - Herli SAS\",\"isPartOf\":{\"@id\":\"https:\\\/\\\/herli.com\\\/#website\"},\"primaryImageOfPage\":{\"@id\":\"https:\\\/\\\/herli.com\\\/de\\\/produkt\\\/herlimat-major\\\/#primaryimage\"},\"image\":{\"@id\":\"https:\\\/\\\/herli.com\\\/de\\\/produkt\\\/herlimat-major\\\/#primaryimage\"},\"thumbnailUrl\":\"https:\\\/\\\/herli.com\\\/wp-content\\\/uploads\\\/2021\\\/04\\\/Hermiat_major_900x600.jpg\",\"datePublished\":\"2021-04-06T09:00:51+00:00\",\"dateModified\":\"2025-11-04T15:46:59+00:00\",\"description\":\"Der Herlimat Major komplett besteht aus einem tragbarem und rollbarem Basisger\u00e4t mit Tragegriff und einem Anschlussdesinfektionsset.\",\"breadcrumb\":{\"@id\":\"https:\\\/\\\/herli.com\\\/de\\\/produkt\\\/herlimat-major\\\/#breadcrumb\"},\"inLanguage\":\"de\",\"potentialAction\":[{\"@type\":\"ReadAction\",\"target\":[\"https:\\\/\\\/herli.com\\\/de\\\/produkt\\\/herlimat-major\\\/\"]}]},{\"@type\":\"ImageObject\",\"inLanguage\":\"de\",\"@id\":\"https:\\\/\\\/herli.com\\\/de\\\/produkt\\\/herlimat-major\\\/#primaryimage\",\"url\":\"https:\\\/\\\/herli.com\\\/wp-content\\\/uploads\\\/2021\\\/04\\\/Hermiat_major_900x600.jpg\",\"contentUrl\":\"https:\\\/\\\/herli.com\\\/wp-content\\\/uploads\\\/2021\\\/04\\\/Hermiat_major_900x600.jpg\",\"width\":900,\"height\":600,\"caption\":\"Herlimat Major\"},{\"@type\":\"BreadcrumbList\",\"@id\":\"https:\\\/\\\/herli.com\\\/de\\\/produkt\\\/herlimat-major\\\/#breadcrumb\",\"itemListElement\":[{\"@type\":\"ListItem\",\"position\":1,\"name\":\"Home\",\"item\":\"https:\\\/\\\/herli.com\\\/de\\\/\"},{\"@type\":\"ListItem\",\"position\":2,\"name\":\"Shop\",\"item\":\"https:\\\/\\\/herli.com\\\/shop\\\/\"},{\"@type\":\"ListItem\",\"position\":3,\"name\":\"Herlimat Major\"}]},{\"@type\":\"WebSite\",\"@id\":\"https:\\\/\\\/herli.com\\\/#website\",\"url\":\"https:\\\/\\\/herli.com\\\/\",\"name\":\"Herli SAS\",\"description\":\"Au service de l&#039;eau et de l&#039;hygi\u00e8ne\",\"potentialAction\":[{\"@type\":\"SearchAction\",\"target\":{\"@type\":\"EntryPoint\",\"urlTemplate\":\"https:\\\/\\\/herli.com\\\/?s={search_term_string}\"},\"query-input\":{\"@type\":\"PropertyValueSpecification\",\"valueRequired\":true,\"valueName\":\"search_term_string\"}}],\"inLanguage\":\"de\"}]}<\/script>\n<!-- \/ Yoast SEO plugin. -->","yoast_head_json":{"title":"Herlimat Major - Herli SAS","description":"Der Herlimat Major komplett besteht aus einem tragbarem und rollbarem Basisger\u00e4t mit Tragegriff und einem Anschlussdesinfektionsset.","robots":{"index":"index","follow":"follow","max-snippet":"max-snippet:-1","max-image-preview":"max-image-preview:large","max-video-preview":"max-video-preview:-1"},"canonical":"https:\/\/herli.com\/de\/produkt\/herlimat-major\/","og_locale":"de_DE","og_type":"article","og_title":"Herlimat Major - Herli SAS","og_description":"Der Herlimat Major komplett besteht aus einem tragbarem und rollbarem Basisger\u00e4t mit Tragegriff und einem Anschlussdesinfektionsset.","og_url":"https:\/\/herli.com\/de\/produkt\/herlimat-major\/","og_site_name":"Herli SAS","article_modified_time":"2025-11-04T15:46:59+00:00","og_image":[{"width":600,"height":600,"url":"https:\/\/herli.com\/wp-content\/uploads\/2021\/04\/Hermiat_major_900x600.jpg","type":"image\/jpeg"}],"twitter_card":"summary_large_image","schema":{"@context":"https:\/\/schema.org","@graph":[{"@type":"WebPage","@id":"https:\/\/herli.com\/de\/produkt\/herlimat-major\/","url":"https:\/\/herli.com\/de\/produkt\/herlimat-major\/","name":"Herlimat Major - Herli SAS","isPartOf":{"@id":"https:\/\/herli.com\/#website"},"primaryImageOfPage":{"@id":"https:\/\/herli.com\/de\/produkt\/herlimat-major\/#primaryimage"},"image":{"@id":"https:\/\/herli.com\/de\/produkt\/herlimat-major\/#primaryimage"},"thumbnailUrl":"https:\/\/herli.com\/wp-content\/uploads\/2021\/04\/Hermiat_major_900x600.jpg","datePublished":"2021-04-06T09:00:51+00:00","dateModified":"2025-11-04T15:46:59+00:00","description":"Der Herlimat Major komplett besteht aus einem tragbarem und rollbarem Basisger\u00e4t mit Tragegriff und einem Anschlussdesinfektionsset.","breadcrumb":{"@id":"https:\/\/herli.com\/de\/produkt\/herlimat-major\/#breadcrumb"},"inLanguage":"de","potentialAction":[{"@type":"ReadAction","target":["https:\/\/herli.com\/de\/produkt\/herlimat-major\/"]}]},{"@type":"ImageObject","inLanguage":"de","@id":"https:\/\/herli.com\/de\/produkt\/herlimat-major\/#primaryimage","url":"https:\/\/herli.com\/wp-content\/uploads\/2021\/04\/Hermiat_major_900x600.jpg","contentUrl":"https:\/\/herli.com\/wp-content\/uploads\/2021\/04\/Hermiat_major_900x600.jpg","width":900,"height":600,"caption":"Herlimat Major"},{"@type":"BreadcrumbList","@id":"https:\/\/herli.com\/de\/produkt\/herlimat-major\/#breadcrumb","itemListElement":[{"@type":"ListItem","position":1,"name":"Home","item":"https:\/\/herli.com\/de\/"},{"@type":"ListItem","position":2,"name":"Shop","item":"https:\/\/herli.com\/shop\/"},{"@type":"ListItem","position":3,"name":"Herlimat Major"}]},{"@type":"WebSite","@id":"https:\/\/herli.com\/#website","url":"https:\/\/herli.com\/","name":"Herli SAS","description":"Au service de l&#039;eau et de l&#039;hygi\u00e8ne","potentialAction":[{"@type":"SearchAction","target":{"@type":"EntryPoint","urlTemplate":"https:\/\/herli.com\/?s={search_term_string}"},"query-input":{"@type":"PropertyValueSpecification","valueRequired":true,"valueName":"search_term_string"}}],"inLanguage":"de"}]}},"_links":{"self":[{"href":"https:\/\/herli.com\/de\/wp-json\/wp\/v2\/product\/9912","targetHints":{"allow":["GET"]}}],"collection":[{"href":"https:\/\/herli.com\/de\/wp-json\/wp\/v2\/product"}],"about":[{"href":"https:\/\/herli.com\/de\/wp-json\/wp\/v2\/types\/product"}],"replies":[{"embeddable":true,"href":"https:\/\/herli.com\/de\/wp-json\/wp\/v2\/comments?post=9912"}],"wp:featuredmedia":[{"embeddable":true,"href":"https:\/\/herli.com\/de\/wp-json\/wp\/v2\/media\/2382"}],"wp:attachment":[{"href":"https:\/\/herli.com\/de\/wp-json\/wp\/v2\/media?parent=9912"}],"wp:term":[{"taxonomy":"product_brand","embeddable":true,"href":"https:\/\/herli.com\/de\/wp-json\/wp\/v2\/product_brand?post=9912"},{"taxonomy":"product_cat","embeddable":true,"href":"https:\/\/herli.com\/de\/wp-json\/wp\/v2\/product_cat?post=9912"},{"taxonomy":"product_tag","embeddable":true,"href":"https:\/\/herli.com\/de\/wp-json\/wp\/v2\/product_tag?post=9912"}],"curies":[{"name":"wp","href":"https:\/\/api.w.org\/{rel}","templated":true}]}}