{"id":9901,"date":"2021-04-09T08:09:09","date_gmt":"2021-04-09T08:09:09","guid":{"rendered":"https:\/\/herli.com\/product\/herlimat-junior-n-2-tragbare-ausfuhrung\/"},"modified":"2023-06-30T07:02:57","modified_gmt":"2023-06-30T07:02:57","slug":"herlimat-junior-n-2-tragbare-ausfuhrung","status":"publish","type":"product","link":"https:\/\/herli.com\/de\/produkt\/herlimat-junior-n-2-tragbare-ausfuhrung\/","title":{"rendered":"Herlimat Junior n\u00b0 2 &#8211; Tragbare Ausf\u00fchrung"},"content":{"rendered":"","protected":false},"excerpt":{"rendered":"<h2>Niederdruckspr\u00fchger\u00e4t f\u00fcr s\u00e4mtliche, zur Reinigung und Desinfektion bestimmten HERLI Produkte.<\/h2>\n<p>Niederdruckspr\u00fchger\u00e4t f\u00fcr s\u00e4mtliche, zur Reinigung und Desinfektion bestimmten HERLI Produkte. Motorisiertes Niederdruckspr\u00fchger\u00e4t (10 bar) zur Reinigung und Desinfektion von Trinkwasserbeh\u00e4ltern. Die tragbare Ausf\u00fchrung besteht aus einem Motorpumpeneinheit die auf einem Metallrahmen befestigt ist und einem 70-Liter-Mischbeh\u00e4lter mit Deckel.<\/p>\n","protected":false},"featured_media":2504,"comment_status":"open","ping_status":"closed","template":"","meta":[],"product_brand":[],"product_cat":[273,270,274],"product_tag":[315],"class_list":{"0":"post-9901","1":"product","2":"type-product","3":"status-publish","4":"has-post-thumbnail","6":"product_cat-gerate","7":"product_cat-geschaftsbereich-trinkwasser","8":"product_cat-reinigung-und-desinfektion-von-trinkwasserbehaelter","9":"product_tag-motorisiertes-spruehgeraet","11":"first","12":"instock","13":"taxable","14":"shipping-taxable","15":"product-type-simple"},"yoast_head":"<!-- This site is optimized with the Yoast SEO plugin v27.3 - https:\/\/yoast.com\/product\/yoast-seo-wordpress\/ -->\n<title>Herlimat Junior n\u00b0 2 - Tragbare Ausf\u00fchrung - Herli SAS<\/title>\n<meta name=\"description\" content=\"Motorisiertes Niederdruckspr\u00fchger\u00e4t (15 bar) zur Reinigung und Desinfektion von Trinkwasserbeh\u00e4ltern. Die mobile Ausf\u00fchrung besteht aus einem metallisch beschichteten Rohrrahmen mit 2 Achsen, eine davon schwenkbar und mit 3-facher Luftbereifung. Darauf ist ein 100-Liter- Beh\u00e4lter aus Polyethylen und die Motorpumpeneinheit montiert.\" \/>\n<meta name=\"robots\" content=\"index, follow, max-snippet:-1, max-image-preview:large, max-video-preview:-1\" \/>\n<link rel=\"canonical\" href=\"https:\/\/herli.com\/de\/produkt\/herlimat-junior-n-2-tragbare-ausfuhrung\/\" \/>\n<meta property=\"og:locale\" content=\"de_DE\" \/>\n<meta property=\"og:type\" content=\"article\" \/>\n<meta property=\"og:title\" content=\"Herlimat Junior n\u00b0 2 - Tragbare Ausf\u00fchrung - Herli SAS\" \/>\n<meta property=\"og:description\" content=\"Motorisiertes Niederdruckspr\u00fchger\u00e4t (15 bar) zur Reinigung und Desinfektion von Trinkwasserbeh\u00e4ltern. Die mobile Ausf\u00fchrung besteht aus einem metallisch beschichteten Rohrrahmen mit 2 Achsen, eine davon schwenkbar und mit 3-facher Luftbereifung. Darauf ist ein 100-Liter- Beh\u00e4lter aus Polyethylen und die Motorpumpeneinheit montiert.\" \/>\n<meta property=\"og:url\" content=\"https:\/\/herli.com\/de\/produkt\/herlimat-junior-n-2-tragbare-ausfuhrung\/\" \/>\n<meta property=\"og:site_name\" content=\"Herli SAS\" \/>\n<meta property=\"article:modified_time\" content=\"2023-06-30T07:02:57+00:00\" \/>\n<meta property=\"og:image\" content=\"https:\/\/herli.com\/wp-content\/uploads\/2021\/04\/900x600_Herlimat_junior_simplifie-1.jpg\" \/>\n\t<meta property=\"og:image:width\" content=\"600\" \/>\n\t<meta property=\"og:image:height\" content=\"600\" \/>\n\t<meta property=\"og:image:type\" content=\"image\/jpeg\" \/>\n<meta name=\"twitter:card\" content=\"summary_large_image\" \/>\n<script type=\"application\/ld+json\" class=\"yoast-schema-graph\">{\"@context\":\"https:\\\/\\\/schema.org\",\"@graph\":[{\"@type\":\"WebPage\",\"@id\":\"https:\\\/\\\/herli.com\\\/de\\\/produkt\\\/herlimat-junior-n-2-tragbare-ausfuhrung\\\/\",\"url\":\"https:\\\/\\\/herli.com\\\/de\\\/produkt\\\/herlimat-junior-n-2-tragbare-ausfuhrung\\\/\",\"name\":\"Herlimat Junior n\u00b0 2 - Tragbare Ausf\u00fchrung - Herli SAS\",\"isPartOf\":{\"@id\":\"https:\\\/\\\/herli.com\\\/#website\"},\"primaryImageOfPage\":{\"@id\":\"https:\\\/\\\/herli.com\\\/de\\\/produkt\\\/herlimat-junior-n-2-tragbare-ausfuhrung\\\/#primaryimage\"},\"image\":{\"@id\":\"https:\\\/\\\/herli.com\\\/de\\\/produkt\\\/herlimat-junior-n-2-tragbare-ausfuhrung\\\/#primaryimage\"},\"thumbnailUrl\":\"https:\\\/\\\/herli.com\\\/wp-content\\\/uploads\\\/2021\\\/04\\\/900x600_Herlimat_junior_simplifie-1.jpg\",\"datePublished\":\"2021-04-09T08:09:09+00:00\",\"dateModified\":\"2023-06-30T07:02:57+00:00\",\"description\":\"Motorisiertes Niederdruckspr\u00fchger\u00e4t (15 bar) zur Reinigung und Desinfektion von Trinkwasserbeh\u00e4ltern. Die mobile Ausf\u00fchrung besteht aus einem metallisch beschichteten Rohrrahmen mit 2 Achsen, eine davon schwenkbar und mit 3-facher Luftbereifung. Darauf ist ein 100-Liter- Beh\u00e4lter aus Polyethylen und die Motorpumpeneinheit montiert.\",\"breadcrumb\":{\"@id\":\"https:\\\/\\\/herli.com\\\/de\\\/produkt\\\/herlimat-junior-n-2-tragbare-ausfuhrung\\\/#breadcrumb\"},\"inLanguage\":\"de\",\"potentialAction\":[{\"@type\":\"ReadAction\",\"target\":[\"https:\\\/\\\/herli.com\\\/de\\\/produkt\\\/herlimat-junior-n-2-tragbare-ausfuhrung\\\/\"]}]},{\"@type\":\"ImageObject\",\"inLanguage\":\"de\",\"@id\":\"https:\\\/\\\/herli.com\\\/de\\\/produkt\\\/herlimat-junior-n-2-tragbare-ausfuhrung\\\/#primaryimage\",\"url\":\"https:\\\/\\\/herli.com\\\/wp-content\\\/uploads\\\/2021\\\/04\\\/900x600_Herlimat_junior_simplifie-1.jpg\",\"contentUrl\":\"https:\\\/\\\/herli.com\\\/wp-content\\\/uploads\\\/2021\\\/04\\\/900x600_Herlimat_junior_simplifie-1.jpg\",\"width\":900,\"height\":600,\"caption\":\"Herlimat Junior n\u00b0 2 - Tragbare Ausf\u00fchrung\"},{\"@type\":\"BreadcrumbList\",\"@id\":\"https:\\\/\\\/herli.com\\\/de\\\/produkt\\\/herlimat-junior-n-2-tragbare-ausfuhrung\\\/#breadcrumb\",\"itemListElement\":[{\"@type\":\"ListItem\",\"position\":1,\"name\":\"Home\",\"item\":\"https:\\\/\\\/herli.com\\\/de\\\/\"},{\"@type\":\"ListItem\",\"position\":2,\"name\":\"Shop\",\"item\":\"https:\\\/\\\/herli.com\\\/shop\\\/\"},{\"@type\":\"ListItem\",\"position\":3,\"name\":\"Herlimat Junior n\u00b0 2 &#8211; Tragbare Ausf\u00fchrung\"}]},{\"@type\":\"WebSite\",\"@id\":\"https:\\\/\\\/herli.com\\\/#website\",\"url\":\"https:\\\/\\\/herli.com\\\/\",\"name\":\"Herli SAS\",\"description\":\"Au service de l&#039;eau et de l&#039;hygi\u00e8ne\",\"potentialAction\":[{\"@type\":\"SearchAction\",\"target\":{\"@type\":\"EntryPoint\",\"urlTemplate\":\"https:\\\/\\\/herli.com\\\/?s={search_term_string}\"},\"query-input\":{\"@type\":\"PropertyValueSpecification\",\"valueRequired\":true,\"valueName\":\"search_term_string\"}}],\"inLanguage\":\"de\"}]}<\/script>\n<!-- \/ Yoast SEO plugin. -->","yoast_head_json":{"title":"Herlimat Junior n\u00b0 2 - Tragbare Ausf\u00fchrung - Herli SAS","description":"Motorisiertes Niederdruckspr\u00fchger\u00e4t (15 bar) zur Reinigung und Desinfektion von Trinkwasserbeh\u00e4ltern. Die mobile Ausf\u00fchrung besteht aus einem metallisch beschichteten Rohrrahmen mit 2 Achsen, eine davon schwenkbar und mit 3-facher Luftbereifung. Darauf ist ein 100-Liter- Beh\u00e4lter aus Polyethylen und die Motorpumpeneinheit montiert.","robots":{"index":"index","follow":"follow","max-snippet":"max-snippet:-1","max-image-preview":"max-image-preview:large","max-video-preview":"max-video-preview:-1"},"canonical":"https:\/\/herli.com\/de\/produkt\/herlimat-junior-n-2-tragbare-ausfuhrung\/","og_locale":"de_DE","og_type":"article","og_title":"Herlimat Junior n\u00b0 2 - Tragbare Ausf\u00fchrung - Herli SAS","og_description":"Motorisiertes Niederdruckspr\u00fchger\u00e4t (15 bar) zur Reinigung und Desinfektion von Trinkwasserbeh\u00e4ltern. Die mobile Ausf\u00fchrung besteht aus einem metallisch beschichteten Rohrrahmen mit 2 Achsen, eine davon schwenkbar und mit 3-facher Luftbereifung. Darauf ist ein 100-Liter- Beh\u00e4lter aus Polyethylen und die Motorpumpeneinheit montiert.","og_url":"https:\/\/herli.com\/de\/produkt\/herlimat-junior-n-2-tragbare-ausfuhrung\/","og_site_name":"Herli SAS","article_modified_time":"2023-06-30T07:02:57+00:00","og_image":[{"width":600,"height":600,"url":"https:\/\/herli.com\/wp-content\/uploads\/2021\/04\/900x600_Herlimat_junior_simplifie-1.jpg","type":"image\/jpeg"}],"twitter_card":"summary_large_image","schema":{"@context":"https:\/\/schema.org","@graph":[{"@type":"WebPage","@id":"https:\/\/herli.com\/de\/produkt\/herlimat-junior-n-2-tragbare-ausfuhrung\/","url":"https:\/\/herli.com\/de\/produkt\/herlimat-junior-n-2-tragbare-ausfuhrung\/","name":"Herlimat Junior n\u00b0 2 - Tragbare Ausf\u00fchrung - Herli SAS","isPartOf":{"@id":"https:\/\/herli.com\/#website"},"primaryImageOfPage":{"@id":"https:\/\/herli.com\/de\/produkt\/herlimat-junior-n-2-tragbare-ausfuhrung\/#primaryimage"},"image":{"@id":"https:\/\/herli.com\/de\/produkt\/herlimat-junior-n-2-tragbare-ausfuhrung\/#primaryimage"},"thumbnailUrl":"https:\/\/herli.com\/wp-content\/uploads\/2021\/04\/900x600_Herlimat_junior_simplifie-1.jpg","datePublished":"2021-04-09T08:09:09+00:00","dateModified":"2023-06-30T07:02:57+00:00","description":"Motorisiertes Niederdruckspr\u00fchger\u00e4t (15 bar) zur Reinigung und Desinfektion von Trinkwasserbeh\u00e4ltern. Die mobile Ausf\u00fchrung besteht aus einem metallisch beschichteten Rohrrahmen mit 2 Achsen, eine davon schwenkbar und mit 3-facher Luftbereifung. Darauf ist ein 100-Liter- Beh\u00e4lter aus Polyethylen und die Motorpumpeneinheit montiert.","breadcrumb":{"@id":"https:\/\/herli.com\/de\/produkt\/herlimat-junior-n-2-tragbare-ausfuhrung\/#breadcrumb"},"inLanguage":"de","potentialAction":[{"@type":"ReadAction","target":["https:\/\/herli.com\/de\/produkt\/herlimat-junior-n-2-tragbare-ausfuhrung\/"]}]},{"@type":"ImageObject","inLanguage":"de","@id":"https:\/\/herli.com\/de\/produkt\/herlimat-junior-n-2-tragbare-ausfuhrung\/#primaryimage","url":"https:\/\/herli.com\/wp-content\/uploads\/2021\/04\/900x600_Herlimat_junior_simplifie-1.jpg","contentUrl":"https:\/\/herli.com\/wp-content\/uploads\/2021\/04\/900x600_Herlimat_junior_simplifie-1.jpg","width":900,"height":600,"caption":"Herlimat Junior n\u00b0 2 - Tragbare Ausf\u00fchrung"},{"@type":"BreadcrumbList","@id":"https:\/\/herli.com\/de\/produkt\/herlimat-junior-n-2-tragbare-ausfuhrung\/#breadcrumb","itemListElement":[{"@type":"ListItem","position":1,"name":"Home","item":"https:\/\/herli.com\/de\/"},{"@type":"ListItem","position":2,"name":"Shop","item":"https:\/\/herli.com\/shop\/"},{"@type":"ListItem","position":3,"name":"Herlimat Junior n\u00b0 2 &#8211; Tragbare Ausf\u00fchrung"}]},{"@type":"WebSite","@id":"https:\/\/herli.com\/#website","url":"https:\/\/herli.com\/","name":"Herli SAS","description":"Au service de l&#039;eau et de l&#039;hygi\u00e8ne","potentialAction":[{"@type":"SearchAction","target":{"@type":"EntryPoint","urlTemplate":"https:\/\/herli.com\/?s={search_term_string}"},"query-input":{"@type":"PropertyValueSpecification","valueRequired":true,"valueName":"search_term_string"}}],"inLanguage":"de"}]}},"_links":{"self":[{"href":"https:\/\/herli.com\/de\/wp-json\/wp\/v2\/product\/9901","targetHints":{"allow":["GET"]}}],"collection":[{"href":"https:\/\/herli.com\/de\/wp-json\/wp\/v2\/product"}],"about":[{"href":"https:\/\/herli.com\/de\/wp-json\/wp\/v2\/types\/product"}],"replies":[{"embeddable":true,"href":"https:\/\/herli.com\/de\/wp-json\/wp\/v2\/comments?post=9901"}],"wp:featuredmedia":[{"embeddable":true,"href":"https:\/\/herli.com\/de\/wp-json\/wp\/v2\/media\/2504"}],"wp:attachment":[{"href":"https:\/\/herli.com\/de\/wp-json\/wp\/v2\/media?parent=9901"}],"wp:term":[{"taxonomy":"product_brand","embeddable":true,"href":"https:\/\/herli.com\/de\/wp-json\/wp\/v2\/product_brand?post=9901"},{"taxonomy":"product_cat","embeddable":true,"href":"https:\/\/herli.com\/de\/wp-json\/wp\/v2\/product_cat?post=9901"},{"taxonomy":"product_tag","embeddable":true,"href":"https:\/\/herli.com\/de\/wp-json\/wp\/v2\/product_tag?post=9901"}],"curies":[{"name":"wp","href":"https:\/\/api.w.org\/{rel}","templated":true}]}}