{"id":9889,"date":"2021-04-15T13:14:50","date_gmt":"2021-04-15T13:14:50","guid":{"rendered":"https:\/\/herli.com\/product\/herlimat-n\/"},"modified":"2023-06-30T07:01:24","modified_gmt":"2023-06-30T07:01:24","slug":"herlimat-n","status":"publish","type":"product","link":"https:\/\/herli.com\/de\/produkt\/herlimat-n\/","title":{"rendered":"Herlimat N"},"content":{"rendered":"<p><br data-mce-bogus=\"1\"><\/p>\n","protected":false},"excerpt":{"rendered":"<h2>EINSP\u00dcLEN VON FILTERMATERIAL (QUARZSAND, DYHYDROANTRAZIT, AKTIVKOHLE) IN DEN FILTER<\/h2>\n<p>Die fahrbare Fl\u00fcssigkeitsstrahl-Feststoff-Pumpe dient zum F\u00f6rdern von k\u00f6rnigen und stabf\u00f6rmigen Stoffen (max. 8mm Korndurchmesser). Das F\u00f6rdergut wird bei gleichzeitigem Hinzuf\u00fcgen von Misch- oder Sp\u00fclwasser mit dem Treibwasser gemischt und gef\u00f6rdert.<\/p>\n","protected":false},"featured_media":2926,"comment_status":"open","ping_status":"closed","template":"","meta":[],"product_brand":[],"product_cat":[280,273,270],"product_tag":[403],"class_list":{"0":"post-9889","1":"product","2":"type-product","3":"status-publish","4":"has-post-thumbnail","6":"product_cat-filterwartung","7":"product_cat-gerate","8":"product_cat-geschaftsbereich-trinkwasser","9":"product_tag-filterwartung","11":"first","12":"instock","13":"taxable","14":"shipping-taxable","15":"product-type-simple"},"yoast_head":"<!-- This site is optimized with the Yoast SEO plugin v27.3 - https:\/\/yoast.com\/product\/yoast-seo-wordpress\/ -->\n<title>Herlimat N - Herli SAS<\/title>\n<meta name=\"description\" content=\"Die fahrbare Fl\u00fcssigkeitsstrahl-Feststoff-Pumpe dient zum F\u00f6rdern von k\u00f6rnigen und stabf\u00f6rmigen Stoffen (max. 8mm Korndurchmesser).\" \/>\n<meta name=\"robots\" content=\"index, follow, max-snippet:-1, max-image-preview:large, max-video-preview:-1\" \/>\n<link rel=\"canonical\" href=\"https:\/\/herli.com\/de\/produkt\/herlimat-n\/\" \/>\n<meta property=\"og:locale\" content=\"de_DE\" \/>\n<meta property=\"og:type\" content=\"article\" \/>\n<meta property=\"og:title\" content=\"Herlimat N - Herli SAS\" \/>\n<meta property=\"og:description\" content=\"Die fahrbare Fl\u00fcssigkeitsstrahl-Feststoff-Pumpe dient zum F\u00f6rdern von k\u00f6rnigen und stabf\u00f6rmigen Stoffen (max. 8mm Korndurchmesser).\" \/>\n<meta property=\"og:url\" content=\"https:\/\/herli.com\/de\/produkt\/herlimat-n\/\" \/>\n<meta property=\"og:site_name\" content=\"Herli SAS\" \/>\n<meta property=\"article:modified_time\" content=\"2023-06-30T07:01:24+00:00\" \/>\n<meta property=\"og:image\" content=\"https:\/\/herli.com\/wp-content\/uploads\/2021\/04\/Herlimat-N-600x600-1.jpg\" \/>\n\t<meta property=\"og:image:width\" content=\"600\" \/>\n\t<meta property=\"og:image:height\" content=\"600\" \/>\n\t<meta property=\"og:image:type\" content=\"image\/jpeg\" \/>\n<meta name=\"twitter:card\" content=\"summary_large_image\" \/>\n<script type=\"application\/ld+json\" class=\"yoast-schema-graph\">{\"@context\":\"https:\\\/\\\/schema.org\",\"@graph\":[{\"@type\":\"WebPage\",\"@id\":\"https:\\\/\\\/herli.com\\\/de\\\/produkt\\\/herlimat-n\\\/\",\"url\":\"https:\\\/\\\/herli.com\\\/de\\\/produkt\\\/herlimat-n\\\/\",\"name\":\"Herlimat N - Herli SAS\",\"isPartOf\":{\"@id\":\"https:\\\/\\\/herli.com\\\/#website\"},\"primaryImageOfPage\":{\"@id\":\"https:\\\/\\\/herli.com\\\/de\\\/produkt\\\/herlimat-n\\\/#primaryimage\"},\"image\":{\"@id\":\"https:\\\/\\\/herli.com\\\/de\\\/produkt\\\/herlimat-n\\\/#primaryimage\"},\"thumbnailUrl\":\"https:\\\/\\\/herli.com\\\/wp-content\\\/uploads\\\/2021\\\/04\\\/Herlimat-N-600x600-1.jpg\",\"datePublished\":\"2021-04-15T13:14:50+00:00\",\"dateModified\":\"2023-06-30T07:01:24+00:00\",\"description\":\"Die fahrbare Fl\u00fcssigkeitsstrahl-Feststoff-Pumpe dient zum F\u00f6rdern von k\u00f6rnigen und stabf\u00f6rmigen Stoffen (max. 8mm Korndurchmesser).\",\"breadcrumb\":{\"@id\":\"https:\\\/\\\/herli.com\\\/de\\\/produkt\\\/herlimat-n\\\/#breadcrumb\"},\"inLanguage\":\"de\",\"potentialAction\":[{\"@type\":\"ReadAction\",\"target\":[\"https:\\\/\\\/herli.com\\\/de\\\/produkt\\\/herlimat-n\\\/\"]}]},{\"@type\":\"ImageObject\",\"inLanguage\":\"de\",\"@id\":\"https:\\\/\\\/herli.com\\\/de\\\/produkt\\\/herlimat-n\\\/#primaryimage\",\"url\":\"https:\\\/\\\/herli.com\\\/wp-content\\\/uploads\\\/2021\\\/04\\\/Herlimat-N-600x600-1.jpg\",\"contentUrl\":\"https:\\\/\\\/herli.com\\\/wp-content\\\/uploads\\\/2021\\\/04\\\/Herlimat-N-600x600-1.jpg\",\"width\":600,\"height\":600,\"caption\":\"Fahrbare Fl\u00fcssigkeitsstrahl-Feststoff-Pumpe\"},{\"@type\":\"BreadcrumbList\",\"@id\":\"https:\\\/\\\/herli.com\\\/de\\\/produkt\\\/herlimat-n\\\/#breadcrumb\",\"itemListElement\":[{\"@type\":\"ListItem\",\"position\":1,\"name\":\"Home\",\"item\":\"https:\\\/\\\/herli.com\\\/de\\\/\"},{\"@type\":\"ListItem\",\"position\":2,\"name\":\"Shop\",\"item\":\"https:\\\/\\\/herli.com\\\/shop\\\/\"},{\"@type\":\"ListItem\",\"position\":3,\"name\":\"Herlimat N\"}]},{\"@type\":\"WebSite\",\"@id\":\"https:\\\/\\\/herli.com\\\/#website\",\"url\":\"https:\\\/\\\/herli.com\\\/\",\"name\":\"Herli SAS\",\"description\":\"Au service de l&#039;eau et de l&#039;hygi\u00e8ne\",\"potentialAction\":[{\"@type\":\"SearchAction\",\"target\":{\"@type\":\"EntryPoint\",\"urlTemplate\":\"https:\\\/\\\/herli.com\\\/?s={search_term_string}\"},\"query-input\":{\"@type\":\"PropertyValueSpecification\",\"valueRequired\":true,\"valueName\":\"search_term_string\"}}],\"inLanguage\":\"de\"}]}<\/script>\n<!-- \/ Yoast SEO plugin. -->","yoast_head_json":{"title":"Herlimat N - Herli SAS","description":"Die fahrbare Fl\u00fcssigkeitsstrahl-Feststoff-Pumpe dient zum F\u00f6rdern von k\u00f6rnigen und stabf\u00f6rmigen Stoffen (max. 8mm Korndurchmesser).","robots":{"index":"index","follow":"follow","max-snippet":"max-snippet:-1","max-image-preview":"max-image-preview:large","max-video-preview":"max-video-preview:-1"},"canonical":"https:\/\/herli.com\/de\/produkt\/herlimat-n\/","og_locale":"de_DE","og_type":"article","og_title":"Herlimat N - Herli SAS","og_description":"Die fahrbare Fl\u00fcssigkeitsstrahl-Feststoff-Pumpe dient zum F\u00f6rdern von k\u00f6rnigen und stabf\u00f6rmigen Stoffen (max. 8mm Korndurchmesser).","og_url":"https:\/\/herli.com\/de\/produkt\/herlimat-n\/","og_site_name":"Herli SAS","article_modified_time":"2023-06-30T07:01:24+00:00","og_image":[{"width":600,"height":600,"url":"https:\/\/herli.com\/wp-content\/uploads\/2021\/04\/Herlimat-N-600x600-1.jpg","type":"image\/jpeg"}],"twitter_card":"summary_large_image","schema":{"@context":"https:\/\/schema.org","@graph":[{"@type":"WebPage","@id":"https:\/\/herli.com\/de\/produkt\/herlimat-n\/","url":"https:\/\/herli.com\/de\/produkt\/herlimat-n\/","name":"Herlimat N - Herli SAS","isPartOf":{"@id":"https:\/\/herli.com\/#website"},"primaryImageOfPage":{"@id":"https:\/\/herli.com\/de\/produkt\/herlimat-n\/#primaryimage"},"image":{"@id":"https:\/\/herli.com\/de\/produkt\/herlimat-n\/#primaryimage"},"thumbnailUrl":"https:\/\/herli.com\/wp-content\/uploads\/2021\/04\/Herlimat-N-600x600-1.jpg","datePublished":"2021-04-15T13:14:50+00:00","dateModified":"2023-06-30T07:01:24+00:00","description":"Die fahrbare Fl\u00fcssigkeitsstrahl-Feststoff-Pumpe dient zum F\u00f6rdern von k\u00f6rnigen und stabf\u00f6rmigen Stoffen (max. 8mm Korndurchmesser).","breadcrumb":{"@id":"https:\/\/herli.com\/de\/produkt\/herlimat-n\/#breadcrumb"},"inLanguage":"de","potentialAction":[{"@type":"ReadAction","target":["https:\/\/herli.com\/de\/produkt\/herlimat-n\/"]}]},{"@type":"ImageObject","inLanguage":"de","@id":"https:\/\/herli.com\/de\/produkt\/herlimat-n\/#primaryimage","url":"https:\/\/herli.com\/wp-content\/uploads\/2021\/04\/Herlimat-N-600x600-1.jpg","contentUrl":"https:\/\/herli.com\/wp-content\/uploads\/2021\/04\/Herlimat-N-600x600-1.jpg","width":600,"height":600,"caption":"Fahrbare Fl\u00fcssigkeitsstrahl-Feststoff-Pumpe"},{"@type":"BreadcrumbList","@id":"https:\/\/herli.com\/de\/produkt\/herlimat-n\/#breadcrumb","itemListElement":[{"@type":"ListItem","position":1,"name":"Home","item":"https:\/\/herli.com\/de\/"},{"@type":"ListItem","position":2,"name":"Shop","item":"https:\/\/herli.com\/shop\/"},{"@type":"ListItem","position":3,"name":"Herlimat N"}]},{"@type":"WebSite","@id":"https:\/\/herli.com\/#website","url":"https:\/\/herli.com\/","name":"Herli SAS","description":"Au service de l&#039;eau et de l&#039;hygi\u00e8ne","potentialAction":[{"@type":"SearchAction","target":{"@type":"EntryPoint","urlTemplate":"https:\/\/herli.com\/?s={search_term_string}"},"query-input":{"@type":"PropertyValueSpecification","valueRequired":true,"valueName":"search_term_string"}}],"inLanguage":"de"}]}},"_links":{"self":[{"href":"https:\/\/herli.com\/de\/wp-json\/wp\/v2\/product\/9889","targetHints":{"allow":["GET"]}}],"collection":[{"href":"https:\/\/herli.com\/de\/wp-json\/wp\/v2\/product"}],"about":[{"href":"https:\/\/herli.com\/de\/wp-json\/wp\/v2\/types\/product"}],"replies":[{"embeddable":true,"href":"https:\/\/herli.com\/de\/wp-json\/wp\/v2\/comments?post=9889"}],"wp:featuredmedia":[{"embeddable":true,"href":"https:\/\/herli.com\/de\/wp-json\/wp\/v2\/media\/2926"}],"wp:attachment":[{"href":"https:\/\/herli.com\/de\/wp-json\/wp\/v2\/media?parent=9889"}],"wp:term":[{"taxonomy":"product_brand","embeddable":true,"href":"https:\/\/herli.com\/de\/wp-json\/wp\/v2\/product_brand?post=9889"},{"taxonomy":"product_cat","embeddable":true,"href":"https:\/\/herli.com\/de\/wp-json\/wp\/v2\/product_cat?post=9889"},{"taxonomy":"product_tag","embeddable":true,"href":"https:\/\/herli.com\/de\/wp-json\/wp\/v2\/product_tag?post=9889"}],"curies":[{"name":"wp","href":"https:\/\/api.w.org\/{rel}","templated":true}]}}