{"id":9885,"date":"2021-04-15T13:31:18","date_gmt":"2021-04-15T13:31:18","guid":{"rendered":"https:\/\/herli.com\/product\/handburste-hart-350-mm\/"},"modified":"2023-06-29T06:34:42","modified_gmt":"2023-06-29T06:34:42","slug":"handburste-hart-350-mm","status":"publish","type":"product","link":"https:\/\/herli.com\/de\/produkt\/handburste-hart-350-mm\/","title":{"rendered":"Handb\u00fcrste hart 350 mm"},"content":{"rendered":"","protected":false},"excerpt":{"rendered":"<h2>Ger\u00e4te zur Reinigung von Trinkwasserbeh\u00e4ltern<\/h2>\n<p>Handb\u00fcrste hart 350 mm. Gute Effizienz bei der Reinigung schwer zug\u00e4nglichen Stellen<\/p>\n","protected":false},"featured_media":3000,"comment_status":"open","ping_status":"closed","template":"","meta":[],"product_brand":[],"product_cat":[273,270,274],"product_tag":[300],"class_list":{"0":"post-9885","1":"product","2":"type-product","3":"status-publish","4":"has-post-thumbnail","6":"product_cat-gerate","7":"product_cat-geschaftsbereich-trinkwasser","8":"product_cat-reinigung-und-desinfektion-von-trinkwasserbehaelter","9":"product_tag-reinigungsutensilien","11":"first","12":"instock","13":"taxable","14":"shipping-taxable","15":"product-type-simple"},"yoast_head":"<!-- This site is optimized with the Yoast SEO plugin v27.3 - https:\/\/yoast.com\/product\/yoast-seo-wordpress\/ -->\n<title>Handb\u00fcrste hart 350 mm - Herli SAS<\/title>\n<meta name=\"robots\" content=\"index, follow, max-snippet:-1, max-image-preview:large, max-video-preview:-1\" \/>\n<link rel=\"canonical\" href=\"https:\/\/herli.com\/de\/produkt\/handburste-hart-350-mm\/\" \/>\n<meta property=\"og:locale\" content=\"de_DE\" \/>\n<meta property=\"og:type\" content=\"article\" \/>\n<meta property=\"og:title\" content=\"Handb\u00fcrste hart 350 mm - Herli SAS\" \/>\n<meta property=\"og:description\" content=\"Ger\u00e4te zur Reinigung von Trinkwasserbeh\u00e4ltern Handb\u00fcrste hart 350 mm. Gute Effizienz bei der Reinigung schwer zug\u00e4nglichen Stellen\" \/>\n<meta property=\"og:url\" content=\"https:\/\/herli.com\/de\/produkt\/handburste-hart-350-mm\/\" \/>\n<meta property=\"og:site_name\" content=\"Herli SAS\" \/>\n<meta property=\"article:modified_time\" content=\"2023-06-29T06:34:42+00:00\" \/>\n<meta property=\"og:image\" content=\"https:\/\/herli.com\/wp-content\/uploads\/2021\/04\/900x600_0000_NAR30004169300.jpg\" \/>\n\t<meta property=\"og:image:width\" content=\"600\" \/>\n\t<meta property=\"og:image:height\" content=\"600\" \/>\n\t<meta property=\"og:image:type\" content=\"image\/jpeg\" \/>\n<meta name=\"twitter:card\" content=\"summary_large_image\" \/>\n<script type=\"application\/ld+json\" class=\"yoast-schema-graph\">{\"@context\":\"https:\\\/\\\/schema.org\",\"@graph\":[{\"@type\":\"WebPage\",\"@id\":\"https:\\\/\\\/herli.com\\\/de\\\/produkt\\\/handburste-hart-350-mm\\\/\",\"url\":\"https:\\\/\\\/herli.com\\\/de\\\/produkt\\\/handburste-hart-350-mm\\\/\",\"name\":\"Handb\u00fcrste hart 350 mm - Herli SAS\",\"isPartOf\":{\"@id\":\"https:\\\/\\\/herli.com\\\/#website\"},\"primaryImageOfPage\":{\"@id\":\"https:\\\/\\\/herli.com\\\/de\\\/produkt\\\/handburste-hart-350-mm\\\/#primaryimage\"},\"image\":{\"@id\":\"https:\\\/\\\/herli.com\\\/de\\\/produkt\\\/handburste-hart-350-mm\\\/#primaryimage\"},\"thumbnailUrl\":\"https:\\\/\\\/herli.com\\\/wp-content\\\/uploads\\\/2021\\\/04\\\/900x600_0000_NAR30004169300.jpg\",\"datePublished\":\"2021-04-15T13:31:18+00:00\",\"dateModified\":\"2023-06-29T06:34:42+00:00\",\"breadcrumb\":{\"@id\":\"https:\\\/\\\/herli.com\\\/de\\\/produkt\\\/handburste-hart-350-mm\\\/#breadcrumb\"},\"inLanguage\":\"de\",\"potentialAction\":[{\"@type\":\"ReadAction\",\"target\":[\"https:\\\/\\\/herli.com\\\/de\\\/produkt\\\/handburste-hart-350-mm\\\/\"]}]},{\"@type\":\"ImageObject\",\"inLanguage\":\"de\",\"@id\":\"https:\\\/\\\/herli.com\\\/de\\\/produkt\\\/handburste-hart-350-mm\\\/#primaryimage\",\"url\":\"https:\\\/\\\/herli.com\\\/wp-content\\\/uploads\\\/2021\\\/04\\\/900x600_0000_NAR30004169300.jpg\",\"contentUrl\":\"https:\\\/\\\/herli.com\\\/wp-content\\\/uploads\\\/2021\\\/04\\\/900x600_0000_NAR30004169300.jpg\",\"width\":900,\"height\":600,\"caption\":\"Handb\u00fcrste hart 350 mm\"},{\"@type\":\"BreadcrumbList\",\"@id\":\"https:\\\/\\\/herli.com\\\/de\\\/produkt\\\/handburste-hart-350-mm\\\/#breadcrumb\",\"itemListElement\":[{\"@type\":\"ListItem\",\"position\":1,\"name\":\"Home\",\"item\":\"https:\\\/\\\/herli.com\\\/de\\\/\"},{\"@type\":\"ListItem\",\"position\":2,\"name\":\"Shop\",\"item\":\"https:\\\/\\\/herli.com\\\/shop\\\/\"},{\"@type\":\"ListItem\",\"position\":3,\"name\":\"Handb\u00fcrste hart 350 mm\"}]},{\"@type\":\"WebSite\",\"@id\":\"https:\\\/\\\/herli.com\\\/#website\",\"url\":\"https:\\\/\\\/herli.com\\\/\",\"name\":\"Herli SAS\",\"description\":\"Au service de l&#039;eau et de l&#039;hygi\u00e8ne\",\"potentialAction\":[{\"@type\":\"SearchAction\",\"target\":{\"@type\":\"EntryPoint\",\"urlTemplate\":\"https:\\\/\\\/herli.com\\\/?s={search_term_string}\"},\"query-input\":{\"@type\":\"PropertyValueSpecification\",\"valueRequired\":true,\"valueName\":\"search_term_string\"}}],\"inLanguage\":\"de\"}]}<\/script>\n<!-- \/ Yoast SEO plugin. -->","yoast_head_json":{"title":"Handb\u00fcrste hart 350 mm - Herli SAS","robots":{"index":"index","follow":"follow","max-snippet":"max-snippet:-1","max-image-preview":"max-image-preview:large","max-video-preview":"max-video-preview:-1"},"canonical":"https:\/\/herli.com\/de\/produkt\/handburste-hart-350-mm\/","og_locale":"de_DE","og_type":"article","og_title":"Handb\u00fcrste hart 350 mm - Herli SAS","og_description":"Ger\u00e4te zur Reinigung von Trinkwasserbeh\u00e4ltern Handb\u00fcrste hart 350 mm. Gute Effizienz bei der Reinigung schwer zug\u00e4nglichen Stellen","og_url":"https:\/\/herli.com\/de\/produkt\/handburste-hart-350-mm\/","og_site_name":"Herli SAS","article_modified_time":"2023-06-29T06:34:42+00:00","og_image":[{"width":600,"height":600,"url":"https:\/\/herli.com\/wp-content\/uploads\/2021\/04\/900x600_0000_NAR30004169300.jpg","type":"image\/jpeg"}],"twitter_card":"summary_large_image","schema":{"@context":"https:\/\/schema.org","@graph":[{"@type":"WebPage","@id":"https:\/\/herli.com\/de\/produkt\/handburste-hart-350-mm\/","url":"https:\/\/herli.com\/de\/produkt\/handburste-hart-350-mm\/","name":"Handb\u00fcrste hart 350 mm - Herli SAS","isPartOf":{"@id":"https:\/\/herli.com\/#website"},"primaryImageOfPage":{"@id":"https:\/\/herli.com\/de\/produkt\/handburste-hart-350-mm\/#primaryimage"},"image":{"@id":"https:\/\/herli.com\/de\/produkt\/handburste-hart-350-mm\/#primaryimage"},"thumbnailUrl":"https:\/\/herli.com\/wp-content\/uploads\/2021\/04\/900x600_0000_NAR30004169300.jpg","datePublished":"2021-04-15T13:31:18+00:00","dateModified":"2023-06-29T06:34:42+00:00","breadcrumb":{"@id":"https:\/\/herli.com\/de\/produkt\/handburste-hart-350-mm\/#breadcrumb"},"inLanguage":"de","potentialAction":[{"@type":"ReadAction","target":["https:\/\/herli.com\/de\/produkt\/handburste-hart-350-mm\/"]}]},{"@type":"ImageObject","inLanguage":"de","@id":"https:\/\/herli.com\/de\/produkt\/handburste-hart-350-mm\/#primaryimage","url":"https:\/\/herli.com\/wp-content\/uploads\/2021\/04\/900x600_0000_NAR30004169300.jpg","contentUrl":"https:\/\/herli.com\/wp-content\/uploads\/2021\/04\/900x600_0000_NAR30004169300.jpg","width":900,"height":600,"caption":"Handb\u00fcrste hart 350 mm"},{"@type":"BreadcrumbList","@id":"https:\/\/herli.com\/de\/produkt\/handburste-hart-350-mm\/#breadcrumb","itemListElement":[{"@type":"ListItem","position":1,"name":"Home","item":"https:\/\/herli.com\/de\/"},{"@type":"ListItem","position":2,"name":"Shop","item":"https:\/\/herli.com\/shop\/"},{"@type":"ListItem","position":3,"name":"Handb\u00fcrste hart 350 mm"}]},{"@type":"WebSite","@id":"https:\/\/herli.com\/#website","url":"https:\/\/herli.com\/","name":"Herli SAS","description":"Au service de l&#039;eau et de l&#039;hygi\u00e8ne","potentialAction":[{"@type":"SearchAction","target":{"@type":"EntryPoint","urlTemplate":"https:\/\/herli.com\/?s={search_term_string}"},"query-input":{"@type":"PropertyValueSpecification","valueRequired":true,"valueName":"search_term_string"}}],"inLanguage":"de"}]}},"_links":{"self":[{"href":"https:\/\/herli.com\/de\/wp-json\/wp\/v2\/product\/9885","targetHints":{"allow":["GET"]}}],"collection":[{"href":"https:\/\/herli.com\/de\/wp-json\/wp\/v2\/product"}],"about":[{"href":"https:\/\/herli.com\/de\/wp-json\/wp\/v2\/types\/product"}],"replies":[{"embeddable":true,"href":"https:\/\/herli.com\/de\/wp-json\/wp\/v2\/comments?post=9885"}],"wp:featuredmedia":[{"embeddable":true,"href":"https:\/\/herli.com\/de\/wp-json\/wp\/v2\/media\/3000"}],"wp:attachment":[{"href":"https:\/\/herli.com\/de\/wp-json\/wp\/v2\/media?parent=9885"}],"wp:term":[{"taxonomy":"product_brand","embeddable":true,"href":"https:\/\/herli.com\/de\/wp-json\/wp\/v2\/product_brand?post=9885"},{"taxonomy":"product_cat","embeddable":true,"href":"https:\/\/herli.com\/de\/wp-json\/wp\/v2\/product_cat?post=9885"},{"taxonomy":"product_tag","embeddable":true,"href":"https:\/\/herli.com\/de\/wp-json\/wp\/v2\/product_tag?post=9885"}],"curies":[{"name":"wp","href":"https:\/\/api.w.org\/{rel}","templated":true}]}}