{"id":9483,"date":"2021-06-09T13:57:21","date_gmt":"2021-06-09T13:57:21","guid":{"rendered":"https:\/\/herli.com\/product\/kunststoff-druckspritze-5-liter\/"},"modified":"2023-06-29T06:19:09","modified_gmt":"2023-06-29T06:19:09","slug":"kunststoff-druckspritze-5-liter","status":"publish","type":"product","link":"https:\/\/herli.com\/de\/produkt\/kunststoff-druckspritze-5-liter\/","title":{"rendered":"Kunststoff &#8211; Druckspritze 5 Liter"},"content":{"rendered":"","protected":false},"excerpt":{"rendered":"<h2>Kunststoff &#8211; Druckspritze<\/h2>\n<p>Handspr\u00fchger\u00e4t 1,5 Liter zum Verspr\u00fchen von Herli Reinigungs- und Desinfektionsl\u00f6sungen. Best\u00e4ndig gegen\u00fcber sauren Reinigern und Desinfektionsmitteln. Homogenes und kontinuierliches Spr\u00fchen. Strahleinstellung m\u00f6glich.<\/p>\n","protected":false},"featured_media":2470,"comment_status":"open","ping_status":"closed","template":"","meta":[],"product_brand":[],"product_cat":[273,270,274],"product_tag":[275],"class_list":{"0":"post-9483","1":"product","2":"type-product","3":"status-publish","4":"has-post-thumbnail","6":"product_cat-gerate","7":"product_cat-geschaftsbereich-trinkwasser","8":"product_cat-reinigung-und-desinfektion-von-trinkwasserbehaelter","9":"product_tag-handspruhgerate","11":"first","12":"instock","13":"taxable","14":"shipping-taxable","15":"product-type-simple"},"yoast_head":"<!-- This site is optimized with the Yoast SEO plugin v27.3 - https:\/\/yoast.com\/product\/yoast-seo-wordpress\/ -->\n<title>Kunststoff - Druckspritze 5 Liter - Herli SAS<\/title>\n<meta name=\"description\" content=\"Handspr\u00fchger\u00e4t 1,5 Liter zum Verspr\u00fchen von Herli Reinigungs- und Desinfektionsl\u00f6sungen\" \/>\n<meta name=\"robots\" content=\"index, follow, max-snippet:-1, max-image-preview:large, max-video-preview:-1\" \/>\n<link rel=\"canonical\" href=\"https:\/\/herli.com\/de\/produkt\/kunststoff-druckspritze-5-liter\/\" \/>\n<meta property=\"og:locale\" content=\"de_DE\" \/>\n<meta property=\"og:type\" content=\"article\" \/>\n<meta property=\"og:title\" content=\"Kunststoff - Druckspritze 5 Liter - Herli SAS\" \/>\n<meta property=\"og:description\" content=\"Handspr\u00fchger\u00e4t 1,5 Liter zum Verspr\u00fchen von Herli Reinigungs- und Desinfektionsl\u00f6sungen\" \/>\n<meta property=\"og:url\" content=\"https:\/\/herli.com\/de\/produkt\/kunststoff-druckspritze-5-liter\/\" \/>\n<meta property=\"og:site_name\" content=\"Herli SAS\" \/>\n<meta property=\"article:modified_time\" content=\"2023-06-29T06:19:09+00:00\" \/>\n<meta property=\"og:image\" content=\"https:\/\/herli.com\/wp-content\/uploads\/2021\/04\/900x600_0018_MDA35890005000-PULVERISATEUR-5-LITRES.jpg\" \/>\n\t<meta property=\"og:image:width\" content=\"600\" \/>\n\t<meta property=\"og:image:height\" content=\"600\" \/>\n\t<meta property=\"og:image:type\" content=\"image\/jpeg\" \/>\n<meta name=\"twitter:card\" content=\"summary_large_image\" \/>\n<script type=\"application\/ld+json\" class=\"yoast-schema-graph\">{\"@context\":\"https:\\\/\\\/schema.org\",\"@graph\":[{\"@type\":\"WebPage\",\"@id\":\"https:\\\/\\\/herli.com\\\/de\\\/produkt\\\/kunststoff-druckspritze-5-liter\\\/\",\"url\":\"https:\\\/\\\/herli.com\\\/de\\\/produkt\\\/kunststoff-druckspritze-5-liter\\\/\",\"name\":\"Kunststoff - Druckspritze 5 Liter - Herli SAS\",\"isPartOf\":{\"@id\":\"https:\\\/\\\/herli.com\\\/#website\"},\"primaryImageOfPage\":{\"@id\":\"https:\\\/\\\/herli.com\\\/de\\\/produkt\\\/kunststoff-druckspritze-5-liter\\\/#primaryimage\"},\"image\":{\"@id\":\"https:\\\/\\\/herli.com\\\/de\\\/produkt\\\/kunststoff-druckspritze-5-liter\\\/#primaryimage\"},\"thumbnailUrl\":\"https:\\\/\\\/herli.com\\\/wp-content\\\/uploads\\\/2021\\\/04\\\/900x600_0018_MDA35890005000-PULVERISATEUR-5-LITRES.jpg\",\"datePublished\":\"2021-06-09T13:57:21+00:00\",\"dateModified\":\"2023-06-29T06:19:09+00:00\",\"description\":\"Handspr\u00fchger\u00e4t 1,5 Liter zum Verspr\u00fchen von Herli Reinigungs- und Desinfektionsl\u00f6sungen\",\"breadcrumb\":{\"@id\":\"https:\\\/\\\/herli.com\\\/de\\\/produkt\\\/kunststoff-druckspritze-5-liter\\\/#breadcrumb\"},\"inLanguage\":\"de\",\"potentialAction\":[{\"@type\":\"ReadAction\",\"target\":[\"https:\\\/\\\/herli.com\\\/de\\\/produkt\\\/kunststoff-druckspritze-5-liter\\\/\"]}]},{\"@type\":\"ImageObject\",\"inLanguage\":\"de\",\"@id\":\"https:\\\/\\\/herli.com\\\/de\\\/produkt\\\/kunststoff-druckspritze-5-liter\\\/#primaryimage\",\"url\":\"https:\\\/\\\/herli.com\\\/wp-content\\\/uploads\\\/2021\\\/04\\\/900x600_0018_MDA35890005000-PULVERISATEUR-5-LITRES.jpg\",\"contentUrl\":\"https:\\\/\\\/herli.com\\\/wp-content\\\/uploads\\\/2021\\\/04\\\/900x600_0018_MDA35890005000-PULVERISATEUR-5-LITRES.jpg\",\"width\":900,\"height\":600,\"caption\":\"MDA35890005000 Kunststoff - Druckspritze 5 Liter\"},{\"@type\":\"BreadcrumbList\",\"@id\":\"https:\\\/\\\/herli.com\\\/de\\\/produkt\\\/kunststoff-druckspritze-5-liter\\\/#breadcrumb\",\"itemListElement\":[{\"@type\":\"ListItem\",\"position\":1,\"name\":\"Home\",\"item\":\"https:\\\/\\\/herli.com\\\/de\\\/\"},{\"@type\":\"ListItem\",\"position\":2,\"name\":\"Shop\",\"item\":\"https:\\\/\\\/herli.com\\\/shop\\\/\"},{\"@type\":\"ListItem\",\"position\":3,\"name\":\"Kunststoff &#8211; Druckspritze 5 Liter\"}]},{\"@type\":\"WebSite\",\"@id\":\"https:\\\/\\\/herli.com\\\/#website\",\"url\":\"https:\\\/\\\/herli.com\\\/\",\"name\":\"Herli SAS\",\"description\":\"Au service de l&#039;eau et de l&#039;hygi\u00e8ne\",\"potentialAction\":[{\"@type\":\"SearchAction\",\"target\":{\"@type\":\"EntryPoint\",\"urlTemplate\":\"https:\\\/\\\/herli.com\\\/?s={search_term_string}\"},\"query-input\":{\"@type\":\"PropertyValueSpecification\",\"valueRequired\":true,\"valueName\":\"search_term_string\"}}],\"inLanguage\":\"de\"}]}<\/script>\n<!-- \/ Yoast SEO plugin. -->","yoast_head_json":{"title":"Kunststoff - Druckspritze 5 Liter - Herli SAS","description":"Handspr\u00fchger\u00e4t 1,5 Liter zum Verspr\u00fchen von Herli Reinigungs- und Desinfektionsl\u00f6sungen","robots":{"index":"index","follow":"follow","max-snippet":"max-snippet:-1","max-image-preview":"max-image-preview:large","max-video-preview":"max-video-preview:-1"},"canonical":"https:\/\/herli.com\/de\/produkt\/kunststoff-druckspritze-5-liter\/","og_locale":"de_DE","og_type":"article","og_title":"Kunststoff - Druckspritze 5 Liter - Herli SAS","og_description":"Handspr\u00fchger\u00e4t 1,5 Liter zum Verspr\u00fchen von Herli Reinigungs- und Desinfektionsl\u00f6sungen","og_url":"https:\/\/herli.com\/de\/produkt\/kunststoff-druckspritze-5-liter\/","og_site_name":"Herli SAS","article_modified_time":"2023-06-29T06:19:09+00:00","og_image":[{"width":600,"height":600,"url":"https:\/\/herli.com\/wp-content\/uploads\/2021\/04\/900x600_0018_MDA35890005000-PULVERISATEUR-5-LITRES.jpg","type":"image\/jpeg"}],"twitter_card":"summary_large_image","schema":{"@context":"https:\/\/schema.org","@graph":[{"@type":"WebPage","@id":"https:\/\/herli.com\/de\/produkt\/kunststoff-druckspritze-5-liter\/","url":"https:\/\/herli.com\/de\/produkt\/kunststoff-druckspritze-5-liter\/","name":"Kunststoff - Druckspritze 5 Liter - Herli SAS","isPartOf":{"@id":"https:\/\/herli.com\/#website"},"primaryImageOfPage":{"@id":"https:\/\/herli.com\/de\/produkt\/kunststoff-druckspritze-5-liter\/#primaryimage"},"image":{"@id":"https:\/\/herli.com\/de\/produkt\/kunststoff-druckspritze-5-liter\/#primaryimage"},"thumbnailUrl":"https:\/\/herli.com\/wp-content\/uploads\/2021\/04\/900x600_0018_MDA35890005000-PULVERISATEUR-5-LITRES.jpg","datePublished":"2021-06-09T13:57:21+00:00","dateModified":"2023-06-29T06:19:09+00:00","description":"Handspr\u00fchger\u00e4t 1,5 Liter zum Verspr\u00fchen von Herli Reinigungs- und Desinfektionsl\u00f6sungen","breadcrumb":{"@id":"https:\/\/herli.com\/de\/produkt\/kunststoff-druckspritze-5-liter\/#breadcrumb"},"inLanguage":"de","potentialAction":[{"@type":"ReadAction","target":["https:\/\/herli.com\/de\/produkt\/kunststoff-druckspritze-5-liter\/"]}]},{"@type":"ImageObject","inLanguage":"de","@id":"https:\/\/herli.com\/de\/produkt\/kunststoff-druckspritze-5-liter\/#primaryimage","url":"https:\/\/herli.com\/wp-content\/uploads\/2021\/04\/900x600_0018_MDA35890005000-PULVERISATEUR-5-LITRES.jpg","contentUrl":"https:\/\/herli.com\/wp-content\/uploads\/2021\/04\/900x600_0018_MDA35890005000-PULVERISATEUR-5-LITRES.jpg","width":900,"height":600,"caption":"MDA35890005000 Kunststoff - Druckspritze 5 Liter"},{"@type":"BreadcrumbList","@id":"https:\/\/herli.com\/de\/produkt\/kunststoff-druckspritze-5-liter\/#breadcrumb","itemListElement":[{"@type":"ListItem","position":1,"name":"Home","item":"https:\/\/herli.com\/de\/"},{"@type":"ListItem","position":2,"name":"Shop","item":"https:\/\/herli.com\/shop\/"},{"@type":"ListItem","position":3,"name":"Kunststoff &#8211; Druckspritze 5 Liter"}]},{"@type":"WebSite","@id":"https:\/\/herli.com\/#website","url":"https:\/\/herli.com\/","name":"Herli SAS","description":"Au service de l&#039;eau et de l&#039;hygi\u00e8ne","potentialAction":[{"@type":"SearchAction","target":{"@type":"EntryPoint","urlTemplate":"https:\/\/herli.com\/?s={search_term_string}"},"query-input":{"@type":"PropertyValueSpecification","valueRequired":true,"valueName":"search_term_string"}}],"inLanguage":"de"}]}},"_links":{"self":[{"href":"https:\/\/herli.com\/de\/wp-json\/wp\/v2\/product\/9483","targetHints":{"allow":["GET"]}}],"collection":[{"href":"https:\/\/herli.com\/de\/wp-json\/wp\/v2\/product"}],"about":[{"href":"https:\/\/herli.com\/de\/wp-json\/wp\/v2\/types\/product"}],"replies":[{"embeddable":true,"href":"https:\/\/herli.com\/de\/wp-json\/wp\/v2\/comments?post=9483"}],"wp:featuredmedia":[{"embeddable":true,"href":"https:\/\/herli.com\/de\/wp-json\/wp\/v2\/media\/2470"}],"wp:attachment":[{"href":"https:\/\/herli.com\/de\/wp-json\/wp\/v2\/media?parent=9483"}],"wp:term":[{"taxonomy":"product_brand","embeddable":true,"href":"https:\/\/herli.com\/de\/wp-json\/wp\/v2\/product_brand?post=9483"},{"taxonomy":"product_cat","embeddable":true,"href":"https:\/\/herli.com\/de\/wp-json\/wp\/v2\/product_cat?post=9483"},{"taxonomy":"product_tag","embeddable":true,"href":"https:\/\/herli.com\/de\/wp-json\/wp\/v2\/product_tag?post=9483"}],"curies":[{"name":"wp","href":"https:\/\/api.w.org\/{rel}","templated":true}]}}