{"id":20439,"date":"2026-04-13T14:54:56","date_gmt":"2026-04-13T14:54:56","guid":{"rendered":"https:\/\/herli.com\/product\/atp-testkit-zur-trinkwasseranalyse\/"},"modified":"2026-04-13T14:54:56","modified_gmt":"2026-04-13T14:54:56","slug":"atp-testkit-zur-trinkwasseranalyse","status":"publish","type":"product","link":"https:\/\/herli.com\/de\/produkt\/atp-testkit-zur-trinkwasseranalyse\/","title":{"rendered":"ATP-Testkit zur Trinkwasseranalyse"},"content":{"rendered":"","protected":false},"excerpt":{"rendered":"<p>Das <strong>DENDRIDIAG\u00ae SW ATP-Messkit<\/strong> ist eine Komplettl\u00f6sung f\u00fcr die <strong>mikrobiologische Analyse von Trink- und Sanit\u00e4rwasser<\/strong>. Basierend auf der ATP-Biolumineszenz-Technologie erm\u00f6glicht dieses Kit einen <strong>schnellen und zuverl\u00e4ssigen Nachweis mikrobiologischer<\/strong> Verunreinigungen durch die Messung von ATP (Adenosintriphosphat), einem Indikator f\u00fcr das Vorhandensein lebender Mikroorganismen. <\/p>\n<p>Dieses Wasseranalyseset ist f\u00fcr den direkten Einsatz vor Ort konzipiert und liefert schnelle und pr\u00e4zise Ergebnisse, wodurch die Entscheidungsfindung im Falle einer festgestellten Verunreinigung erleichtert wird.<\/p>\n","protected":false},"featured_media":18363,"comment_status":"closed","ping_status":"closed","template":"","meta":[],"product_brand":[],"product_cat":[273,270,281],"product_tag":[288,291],"class_list":{"0":"post-20439","1":"product","2":"type-product","3":"status-publish","4":"has-post-thumbnail","6":"product_cat-gerate","7":"product_cat-geschaftsbereich-trinkwasser","8":"product_cat-schelltests-und-mikrobiologische-kontrolltests","9":"product_tag-atp-tests","10":"product_tag-mikrobiologische-prufung","12":"first","13":"instock","14":"taxable","15":"shipping-taxable","16":"product-type-simple"},"yoast_head":"<!-- This site is optimized with the Yoast SEO plugin v27.3 - https:\/\/yoast.com\/product\/yoast-seo-wordpress\/ -->\n<title>ATP-Testkit zur Trinkwasseranalyse - Herli SAS<\/title>\n<meta name=\"robots\" content=\"index, follow, max-snippet:-1, max-image-preview:large, max-video-preview:-1\" \/>\n<link rel=\"canonical\" href=\"https:\/\/herli.com\/de\/produkt\/atp-testkit-zur-trinkwasseranalyse\/\" \/>\n<meta property=\"og:locale\" content=\"de_DE\" \/>\n<meta property=\"og:type\" content=\"article\" \/>\n<meta property=\"og:title\" content=\"ATP-Testkit zur Trinkwasseranalyse - Herli SAS\" \/>\n<meta property=\"og:description\" content=\"Das DENDRIDIAG\u00ae SW ATP-Messkit ist eine Komplettl\u00f6sung f\u00fcr die mikrobiologische Analyse von Trink- und Sanit\u00e4rwasser. Basierend auf der ATP-Biolumineszenz-Technologie erm\u00f6glicht dieses Kit einen schnellen und zuverl\u00e4ssigen Nachweis mikrobiologischer Verunreinigungen durch die Messung von ATP (Adenosintriphosphat), einem Indikator f\u00fcr das Vorhandensein lebender Mikroorganismen.  Dieses Wasseranalyseset ist f\u00fcr den direkten Einsatz vor Ort konzipiert und liefert schnelle und pr\u00e4zise Ergebnisse, wodurch die Entscheidungsfindung im Falle einer festgestellten Verunreinigung erleichtert wird.\" \/>\n<meta property=\"og:url\" content=\"https:\/\/herli.com\/de\/produkt\/atp-testkit-zur-trinkwasseranalyse\/\" \/>\n<meta property=\"og:site_name\" content=\"Herli SAS\" \/>\n<meta property=\"og:image\" content=\"https:\/\/herli.com\/wp-content\/uploads\/2025\/05\/Kit_ATP_metrie_complet.jpg\" \/>\n\t<meta property=\"og:image:width\" content=\"900\" \/>\n\t<meta property=\"og:image:height\" content=\"600\" \/>\n\t<meta property=\"og:image:type\" content=\"image\/jpeg\" \/>\n<meta name=\"twitter:card\" content=\"summary_large_image\" \/>\n<script type=\"application\/ld+json\" class=\"yoast-schema-graph\">{\"@context\":\"https:\\\/\\\/schema.org\",\"@graph\":[{\"@type\":\"WebPage\",\"@id\":\"https:\\\/\\\/herli.com\\\/de\\\/produkt\\\/atp-testkit-zur-trinkwasseranalyse\\\/\",\"url\":\"https:\\\/\\\/herli.com\\\/de\\\/produkt\\\/atp-testkit-zur-trinkwasseranalyse\\\/\",\"name\":\"ATP-Testkit zur Trinkwasseranalyse - Herli SAS\",\"isPartOf\":{\"@id\":\"https:\\\/\\\/herli.com\\\/#website\"},\"primaryImageOfPage\":{\"@id\":\"https:\\\/\\\/herli.com\\\/de\\\/produkt\\\/atp-testkit-zur-trinkwasseranalyse\\\/#primaryimage\"},\"image\":{\"@id\":\"https:\\\/\\\/herli.com\\\/de\\\/produkt\\\/atp-testkit-zur-trinkwasseranalyse\\\/#primaryimage\"},\"thumbnailUrl\":\"https:\\\/\\\/herli.com\\\/wp-content\\\/uploads\\\/2025\\\/05\\\/Kit_ATP_metrie_complet.jpg\",\"datePublished\":\"2026-04-13T14:54:56+00:00\",\"breadcrumb\":{\"@id\":\"https:\\\/\\\/herli.com\\\/de\\\/produkt\\\/atp-testkit-zur-trinkwasseranalyse\\\/#breadcrumb\"},\"inLanguage\":\"de\",\"potentialAction\":[{\"@type\":\"ReadAction\",\"target\":[\"https:\\\/\\\/herli.com\\\/de\\\/produkt\\\/atp-testkit-zur-trinkwasseranalyse\\\/\"]}]},{\"@type\":\"ImageObject\",\"inLanguage\":\"de\",\"@id\":\"https:\\\/\\\/herli.com\\\/de\\\/produkt\\\/atp-testkit-zur-trinkwasseranalyse\\\/#primaryimage\",\"url\":\"https:\\\/\\\/herli.com\\\/wp-content\\\/uploads\\\/2025\\\/05\\\/Kit_ATP_metrie_complet.jpg\",\"contentUrl\":\"https:\\\/\\\/herli.com\\\/wp-content\\\/uploads\\\/2025\\\/05\\\/Kit_ATP_metrie_complet.jpg\",\"width\":900,\"height\":600,\"caption\":\"ATP-Testkit zur TrinkwasseranalyseKit Atp m\u00e9trie eau potable\"},{\"@type\":\"BreadcrumbList\",\"@id\":\"https:\\\/\\\/herli.com\\\/de\\\/produkt\\\/atp-testkit-zur-trinkwasseranalyse\\\/#breadcrumb\",\"itemListElement\":[{\"@type\":\"ListItem\",\"position\":1,\"name\":\"Home\",\"item\":\"https:\\\/\\\/herli.com\\\/de\\\/\"},{\"@type\":\"ListItem\",\"position\":2,\"name\":\"Shop\",\"item\":\"https:\\\/\\\/herli.com\\\/shop\\\/\"},{\"@type\":\"ListItem\",\"position\":3,\"name\":\"ATP-Testkit zur Trinkwasseranalyse\"}]},{\"@type\":\"WebSite\",\"@id\":\"https:\\\/\\\/herli.com\\\/#website\",\"url\":\"https:\\\/\\\/herli.com\\\/\",\"name\":\"Herli SAS\",\"description\":\"Au service de l&#039;eau et de l&#039;hygi\u00e8ne\",\"potentialAction\":[{\"@type\":\"SearchAction\",\"target\":{\"@type\":\"EntryPoint\",\"urlTemplate\":\"https:\\\/\\\/herli.com\\\/?s={search_term_string}\"},\"query-input\":{\"@type\":\"PropertyValueSpecification\",\"valueRequired\":true,\"valueName\":\"search_term_string\"}}],\"inLanguage\":\"de\"}]}<\/script>\n<!-- \/ Yoast SEO plugin. -->","yoast_head_json":{"title":"ATP-Testkit zur Trinkwasseranalyse - Herli SAS","robots":{"index":"index","follow":"follow","max-snippet":"max-snippet:-1","max-image-preview":"max-image-preview:large","max-video-preview":"max-video-preview:-1"},"canonical":"https:\/\/herli.com\/de\/produkt\/atp-testkit-zur-trinkwasseranalyse\/","og_locale":"de_DE","og_type":"article","og_title":"ATP-Testkit zur Trinkwasseranalyse - Herli SAS","og_description":"Das DENDRIDIAG\u00ae SW ATP-Messkit ist eine Komplettl\u00f6sung f\u00fcr die mikrobiologische Analyse von Trink- und Sanit\u00e4rwasser. Basierend auf der ATP-Biolumineszenz-Technologie erm\u00f6glicht dieses Kit einen schnellen und zuverl\u00e4ssigen Nachweis mikrobiologischer Verunreinigungen durch die Messung von ATP (Adenosintriphosphat), einem Indikator f\u00fcr das Vorhandensein lebender Mikroorganismen.  Dieses Wasseranalyseset ist f\u00fcr den direkten Einsatz vor Ort konzipiert und liefert schnelle und pr\u00e4zise Ergebnisse, wodurch die Entscheidungsfindung im Falle einer festgestellten Verunreinigung erleichtert wird.","og_url":"https:\/\/herli.com\/de\/produkt\/atp-testkit-zur-trinkwasseranalyse\/","og_site_name":"Herli SAS","og_image":[{"width":900,"height":600,"url":"https:\/\/herli.com\/wp-content\/uploads\/2025\/05\/Kit_ATP_metrie_complet.jpg","type":"image\/jpeg"}],"twitter_card":"summary_large_image","schema":{"@context":"https:\/\/schema.org","@graph":[{"@type":"WebPage","@id":"https:\/\/herli.com\/de\/produkt\/atp-testkit-zur-trinkwasseranalyse\/","url":"https:\/\/herli.com\/de\/produkt\/atp-testkit-zur-trinkwasseranalyse\/","name":"ATP-Testkit zur Trinkwasseranalyse - Herli SAS","isPartOf":{"@id":"https:\/\/herli.com\/#website"},"primaryImageOfPage":{"@id":"https:\/\/herli.com\/de\/produkt\/atp-testkit-zur-trinkwasseranalyse\/#primaryimage"},"image":{"@id":"https:\/\/herli.com\/de\/produkt\/atp-testkit-zur-trinkwasseranalyse\/#primaryimage"},"thumbnailUrl":"https:\/\/herli.com\/wp-content\/uploads\/2025\/05\/Kit_ATP_metrie_complet.jpg","datePublished":"2026-04-13T14:54:56+00:00","breadcrumb":{"@id":"https:\/\/herli.com\/de\/produkt\/atp-testkit-zur-trinkwasseranalyse\/#breadcrumb"},"inLanguage":"de","potentialAction":[{"@type":"ReadAction","target":["https:\/\/herli.com\/de\/produkt\/atp-testkit-zur-trinkwasseranalyse\/"]}]},{"@type":"ImageObject","inLanguage":"de","@id":"https:\/\/herli.com\/de\/produkt\/atp-testkit-zur-trinkwasseranalyse\/#primaryimage","url":"https:\/\/herli.com\/wp-content\/uploads\/2025\/05\/Kit_ATP_metrie_complet.jpg","contentUrl":"https:\/\/herli.com\/wp-content\/uploads\/2025\/05\/Kit_ATP_metrie_complet.jpg","width":900,"height":600,"caption":"ATP-Testkit zur TrinkwasseranalyseKit Atp m\u00e9trie eau potable"},{"@type":"BreadcrumbList","@id":"https:\/\/herli.com\/de\/produkt\/atp-testkit-zur-trinkwasseranalyse\/#breadcrumb","itemListElement":[{"@type":"ListItem","position":1,"name":"Home","item":"https:\/\/herli.com\/de\/"},{"@type":"ListItem","position":2,"name":"Shop","item":"https:\/\/herli.com\/shop\/"},{"@type":"ListItem","position":3,"name":"ATP-Testkit zur Trinkwasseranalyse"}]},{"@type":"WebSite","@id":"https:\/\/herli.com\/#website","url":"https:\/\/herli.com\/","name":"Herli SAS","description":"Au service de l&#039;eau et de l&#039;hygi\u00e8ne","potentialAction":[{"@type":"SearchAction","target":{"@type":"EntryPoint","urlTemplate":"https:\/\/herli.com\/?s={search_term_string}"},"query-input":{"@type":"PropertyValueSpecification","valueRequired":true,"valueName":"search_term_string"}}],"inLanguage":"de"}]}},"_links":{"self":[{"href":"https:\/\/herli.com\/de\/wp-json\/wp\/v2\/product\/20439","targetHints":{"allow":["GET"]}}],"collection":[{"href":"https:\/\/herli.com\/de\/wp-json\/wp\/v2\/product"}],"about":[{"href":"https:\/\/herli.com\/de\/wp-json\/wp\/v2\/types\/product"}],"replies":[{"embeddable":true,"href":"https:\/\/herli.com\/de\/wp-json\/wp\/v2\/comments?post=20439"}],"wp:featuredmedia":[{"embeddable":true,"href":"https:\/\/herli.com\/de\/wp-json\/wp\/v2\/media\/18363"}],"wp:attachment":[{"href":"https:\/\/herli.com\/de\/wp-json\/wp\/v2\/media?parent=20439"}],"wp:term":[{"taxonomy":"product_brand","embeddable":true,"href":"https:\/\/herli.com\/de\/wp-json\/wp\/v2\/product_brand?post=20439"},{"taxonomy":"product_cat","embeddable":true,"href":"https:\/\/herli.com\/de\/wp-json\/wp\/v2\/product_cat?post=20439"},{"taxonomy":"product_tag","embeddable":true,"href":"https:\/\/herli.com\/de\/wp-json\/wp\/v2\/product_tag?post=20439"}],"curies":[{"name":"wp","href":"https:\/\/api.w.org\/{rel}","templated":true}]}}