{"id":20030,"date":"2026-03-23T10:42:18","date_gmt":"2026-03-23T10:42:18","guid":{"rendered":"https:\/\/herli.com\/product\/exact-infinity-kreissaege-fuer-rohre-mit-grossem-durchmesser\/"},"modified":"2026-03-23T13:08:24","modified_gmt":"2026-03-23T13:08:24","slug":"exact-infinity-kreissaege-fuer-rohre-mit-grossem-durchmesser","status":"publish","type":"product","link":"https:\/\/herli.com\/de\/produkt\/exact-infinity-kreissaege-fuer-rohre-mit-grossem-durchmesser\/","title":{"rendered":"Exact Infinity Kreiss\u00e4ge f\u00fcr Rohre mit gro\u00dfem Durchmesser"},"content":{"rendered":"","protected":false},"excerpt":{"rendered":"<p data-start=\"179\" data-end=\"505\"><strong data-start=\"179\" data-end=\"197\">Die Exact Infinity <\/strong>ist eine Kreiss\u00e4ge, die speziell f\u00fcr das Schneiden von Rohren mit sehr gro\u00dfem Durchmesser ab 360 mm entwickelt wurde \u2013 praktisch ohne Grenzen. Diese Rohrschneidemaschine verf\u00fcgt \u00fcber einen Kettenklemmmechanismus. Dank ihres einzigartigen modularen Kettensystems l\u00e4sst sich die Maschine an nahezu jede Rohrgr\u00f6\u00dfe anpassen, sei es zum Schneiden von Metall-, Kunststoff- oder Gusseisenrohren.  <\/p>\n<p data-start=\"507\" data-end=\"538\">Es gibt sie in drei Ausf\u00fchrungen:<\/p>\n<ul data-start=\"539\" data-end=\"849\">\n<li data-start=\"539\" data-end=\"602\">\n<p data-start=\"541\" data-end=\"602\"><strong data-start=\"541\" data-end=\"553\">Standard:<\/strong> f\u00fcr kraftvolles, schnelles und pr\u00e4zises Schneiden.<\/p>\n<\/li>\n<li data-start=\"603\" data-end=\"723\">\n<p data-start=\"605\" data-end=\"723\"><strong data-start=\"605\" data-end=\"613\">Plus:<\/strong> Erm\u00f6glicht den Anschluss einer Bohrmaschine\/eines Akkuschraubers, um den Schnitt gleichm\u00e4\u00dfig voranzutreiben und die Schnitttiefe einzustellen.<\/p>\n<\/li>\n<li data-start=\"724\" data-end=\"849\">\n<p data-start=\"726\" data-end=\"849\"><strong data-start=\"726\" data-end=\"739\">Cut+Bevel:<\/strong> Schneiden und Anfasen des Rohrs in einem Arbeitsgang \u2013 ideal f\u00fcr Installationen, bei denen eine Fase erforderlich ist.<\/p>\n<\/li>\n<\/ul>\n<p data-start=\"851\" data-end=\"1092\">Es handelt sich um eine mobile, schnelle und sichere L\u00f6sung, die herk\u00f6mmliche, schwerf\u00e4lligere oder weniger pr\u00e4zise Methoden effizient ersetzt. Sie eignet sich perfekt f\u00fcr Rohrleitungsfachleute, Baustellen oder Arbeiten in der Werkstatt. <\/p>\n","protected":false},"featured_media":18445,"comment_status":"closed","ping_status":"closed","template":"","meta":[],"product_brand":[],"product_cat":[278],"product_tag":[297],"class_list":{"0":"post-20030","1":"product","2":"type-product","3":"status-publish","4":"has-post-thumbnail","6":"product_cat-aufbau-von-trinkwassernetzen","7":"product_tag-schneidematerial","9":"first","10":"instock","11":"taxable","12":"shipping-taxable","13":"product-type-simple"},"yoast_head":"<!-- This site is optimized with the Yoast SEO plugin v27.3 - https:\/\/yoast.com\/product\/yoast-seo-wordpress\/ -->\n<title>Exact Infinity Kreiss\u00e4ge f\u00fcr Rohre mit gro\u00dfem Durchmesser - Herli SAS<\/title>\n<meta name=\"description\" content=\"Exact Infinity ist eine Kreiss\u00e4ge, die speziell f\u00fcr das Schneiden von Rohren mit sehr gro\u00dfem Durchmesser ab 360 mm entwickelt wurde \u2013 praktisch ohne Grenzen.\" \/>\n<meta name=\"robots\" content=\"index, follow, max-snippet:-1, max-image-preview:large, max-video-preview:-1\" \/>\n<link rel=\"canonical\" href=\"https:\/\/herli.com\/de\/produkt\/exact-infinity-kreissaege-fuer-rohre-mit-grossem-durchmesser\/\" \/>\n<meta property=\"og:locale\" content=\"de_DE\" \/>\n<meta property=\"og:type\" content=\"article\" \/>\n<meta property=\"og:title\" content=\"Exact Infinity Kreiss\u00e4ge f\u00fcr Rohre mit gro\u00dfem Durchmesser - Herli SAS\" \/>\n<meta property=\"og:description\" content=\"Exact Infinity ist eine Kreiss\u00e4ge, die speziell f\u00fcr das Schneiden von Rohren mit sehr gro\u00dfem Durchmesser ab 360 mm entwickelt wurde \u2013 praktisch ohne Grenzen.\" \/>\n<meta property=\"og:url\" content=\"https:\/\/herli.com\/de\/produkt\/exact-infinity-kreissaege-fuer-rohre-mit-grossem-durchmesser\/\" \/>\n<meta property=\"og:site_name\" content=\"Herli SAS\" \/>\n<meta property=\"article:modified_time\" content=\"2026-03-23T13:08:24+00:00\" \/>\n<meta property=\"og:image\" content=\"https:\/\/herli.com\/wp-content\/uploads\/2025\/06\/Exact_infinity_1_900x600.webp\" \/>\n\t<meta property=\"og:image:width\" content=\"900\" \/>\n\t<meta property=\"og:image:height\" content=\"600\" \/>\n\t<meta property=\"og:image:type\" content=\"image\/webp\" \/>\n<meta name=\"twitter:card\" content=\"summary_large_image\" \/>\n<script type=\"application\/ld+json\" class=\"yoast-schema-graph\">{\"@context\":\"https:\\\/\\\/schema.org\",\"@graph\":[{\"@type\":\"WebPage\",\"@id\":\"https:\\\/\\\/herli.com\\\/de\\\/produkt\\\/exact-infinity-kreissaege-fuer-rohre-mit-grossem-durchmesser\\\/\",\"url\":\"https:\\\/\\\/herli.com\\\/de\\\/produkt\\\/exact-infinity-kreissaege-fuer-rohre-mit-grossem-durchmesser\\\/\",\"name\":\"Exact Infinity Kreiss\u00e4ge f\u00fcr Rohre mit gro\u00dfem Durchmesser - Herli SAS\",\"isPartOf\":{\"@id\":\"https:\\\/\\\/herli.com\\\/#website\"},\"primaryImageOfPage\":{\"@id\":\"https:\\\/\\\/herli.com\\\/de\\\/produkt\\\/exact-infinity-kreissaege-fuer-rohre-mit-grossem-durchmesser\\\/#primaryimage\"},\"image\":{\"@id\":\"https:\\\/\\\/herli.com\\\/de\\\/produkt\\\/exact-infinity-kreissaege-fuer-rohre-mit-grossem-durchmesser\\\/#primaryimage\"},\"thumbnailUrl\":\"https:\\\/\\\/herli.com\\\/wp-content\\\/uploads\\\/2025\\\/06\\\/Exact_infinity_1_900x600.webp\",\"datePublished\":\"2026-03-23T10:42:18+00:00\",\"dateModified\":\"2026-03-23T13:08:24+00:00\",\"description\":\"Exact Infinity ist eine Kreiss\u00e4ge, die speziell f\u00fcr das Schneiden von Rohren mit sehr gro\u00dfem Durchmesser ab 360 mm entwickelt wurde \u2013 praktisch ohne Grenzen.\",\"breadcrumb\":{\"@id\":\"https:\\\/\\\/herli.com\\\/de\\\/produkt\\\/exact-infinity-kreissaege-fuer-rohre-mit-grossem-durchmesser\\\/#breadcrumb\"},\"inLanguage\":\"de\",\"potentialAction\":[{\"@type\":\"ReadAction\",\"target\":[\"https:\\\/\\\/herli.com\\\/de\\\/produkt\\\/exact-infinity-kreissaege-fuer-rohre-mit-grossem-durchmesser\\\/\"]}]},{\"@type\":\"ImageObject\",\"inLanguage\":\"de\",\"@id\":\"https:\\\/\\\/herli.com\\\/de\\\/produkt\\\/exact-infinity-kreissaege-fuer-rohre-mit-grossem-durchmesser\\\/#primaryimage\",\"url\":\"https:\\\/\\\/herli.com\\\/wp-content\\\/uploads\\\/2025\\\/06\\\/Exact_infinity_1_900x600.webp\",\"contentUrl\":\"https:\\\/\\\/herli.com\\\/wp-content\\\/uploads\\\/2025\\\/06\\\/Exact_infinity_1_900x600.webp\",\"width\":900,\"height\":600,\"caption\":\"Exact infinity sur tuyau\"},{\"@type\":\"BreadcrumbList\",\"@id\":\"https:\\\/\\\/herli.com\\\/de\\\/produkt\\\/exact-infinity-kreissaege-fuer-rohre-mit-grossem-durchmesser\\\/#breadcrumb\",\"itemListElement\":[{\"@type\":\"ListItem\",\"position\":1,\"name\":\"Home\",\"item\":\"https:\\\/\\\/herli.com\\\/de\\\/\"},{\"@type\":\"ListItem\",\"position\":2,\"name\":\"Shop\",\"item\":\"https:\\\/\\\/herli.com\\\/shop\\\/\"},{\"@type\":\"ListItem\",\"position\":3,\"name\":\"Exact Infinity Kreiss\u00e4ge f\u00fcr Rohre mit gro\u00dfem Durchmesser\"}]},{\"@type\":\"WebSite\",\"@id\":\"https:\\\/\\\/herli.com\\\/#website\",\"url\":\"https:\\\/\\\/herli.com\\\/\",\"name\":\"Herli SAS\",\"description\":\"Au service de l&#039;eau et de l&#039;hygi\u00e8ne\",\"potentialAction\":[{\"@type\":\"SearchAction\",\"target\":{\"@type\":\"EntryPoint\",\"urlTemplate\":\"https:\\\/\\\/herli.com\\\/?s={search_term_string}\"},\"query-input\":{\"@type\":\"PropertyValueSpecification\",\"valueRequired\":true,\"valueName\":\"search_term_string\"}}],\"inLanguage\":\"de\"}]}<\/script>\n<!-- \/ Yoast SEO plugin. -->","yoast_head_json":{"title":"Exact Infinity Kreiss\u00e4ge f\u00fcr Rohre mit gro\u00dfem Durchmesser - Herli SAS","description":"Exact Infinity ist eine Kreiss\u00e4ge, die speziell f\u00fcr das Schneiden von Rohren mit sehr gro\u00dfem Durchmesser ab 360 mm entwickelt wurde \u2013 praktisch ohne Grenzen.","robots":{"index":"index","follow":"follow","max-snippet":"max-snippet:-1","max-image-preview":"max-image-preview:large","max-video-preview":"max-video-preview:-1"},"canonical":"https:\/\/herli.com\/de\/produkt\/exact-infinity-kreissaege-fuer-rohre-mit-grossem-durchmesser\/","og_locale":"de_DE","og_type":"article","og_title":"Exact Infinity Kreiss\u00e4ge f\u00fcr Rohre mit gro\u00dfem Durchmesser - Herli SAS","og_description":"Exact Infinity ist eine Kreiss\u00e4ge, die speziell f\u00fcr das Schneiden von Rohren mit sehr gro\u00dfem Durchmesser ab 360 mm entwickelt wurde \u2013 praktisch ohne Grenzen.","og_url":"https:\/\/herli.com\/de\/produkt\/exact-infinity-kreissaege-fuer-rohre-mit-grossem-durchmesser\/","og_site_name":"Herli SAS","article_modified_time":"2026-03-23T13:08:24+00:00","og_image":[{"width":900,"height":600,"url":"https:\/\/herli.com\/wp-content\/uploads\/2025\/06\/Exact_infinity_1_900x600.webp","type":"image\/webp"}],"twitter_card":"summary_large_image","schema":{"@context":"https:\/\/schema.org","@graph":[{"@type":"WebPage","@id":"https:\/\/herli.com\/de\/produkt\/exact-infinity-kreissaege-fuer-rohre-mit-grossem-durchmesser\/","url":"https:\/\/herli.com\/de\/produkt\/exact-infinity-kreissaege-fuer-rohre-mit-grossem-durchmesser\/","name":"Exact Infinity Kreiss\u00e4ge f\u00fcr Rohre mit gro\u00dfem Durchmesser - Herli SAS","isPartOf":{"@id":"https:\/\/herli.com\/#website"},"primaryImageOfPage":{"@id":"https:\/\/herli.com\/de\/produkt\/exact-infinity-kreissaege-fuer-rohre-mit-grossem-durchmesser\/#primaryimage"},"image":{"@id":"https:\/\/herli.com\/de\/produkt\/exact-infinity-kreissaege-fuer-rohre-mit-grossem-durchmesser\/#primaryimage"},"thumbnailUrl":"https:\/\/herli.com\/wp-content\/uploads\/2025\/06\/Exact_infinity_1_900x600.webp","datePublished":"2026-03-23T10:42:18+00:00","dateModified":"2026-03-23T13:08:24+00:00","description":"Exact Infinity ist eine Kreiss\u00e4ge, die speziell f\u00fcr das Schneiden von Rohren mit sehr gro\u00dfem Durchmesser ab 360 mm entwickelt wurde \u2013 praktisch ohne Grenzen.","breadcrumb":{"@id":"https:\/\/herli.com\/de\/produkt\/exact-infinity-kreissaege-fuer-rohre-mit-grossem-durchmesser\/#breadcrumb"},"inLanguage":"de","potentialAction":[{"@type":"ReadAction","target":["https:\/\/herli.com\/de\/produkt\/exact-infinity-kreissaege-fuer-rohre-mit-grossem-durchmesser\/"]}]},{"@type":"ImageObject","inLanguage":"de","@id":"https:\/\/herli.com\/de\/produkt\/exact-infinity-kreissaege-fuer-rohre-mit-grossem-durchmesser\/#primaryimage","url":"https:\/\/herli.com\/wp-content\/uploads\/2025\/06\/Exact_infinity_1_900x600.webp","contentUrl":"https:\/\/herli.com\/wp-content\/uploads\/2025\/06\/Exact_infinity_1_900x600.webp","width":900,"height":600,"caption":"Exact infinity sur tuyau"},{"@type":"BreadcrumbList","@id":"https:\/\/herli.com\/de\/produkt\/exact-infinity-kreissaege-fuer-rohre-mit-grossem-durchmesser\/#breadcrumb","itemListElement":[{"@type":"ListItem","position":1,"name":"Home","item":"https:\/\/herli.com\/de\/"},{"@type":"ListItem","position":2,"name":"Shop","item":"https:\/\/herli.com\/shop\/"},{"@type":"ListItem","position":3,"name":"Exact Infinity Kreiss\u00e4ge f\u00fcr Rohre mit gro\u00dfem Durchmesser"}]},{"@type":"WebSite","@id":"https:\/\/herli.com\/#website","url":"https:\/\/herli.com\/","name":"Herli SAS","description":"Au service de l&#039;eau et de l&#039;hygi\u00e8ne","potentialAction":[{"@type":"SearchAction","target":{"@type":"EntryPoint","urlTemplate":"https:\/\/herli.com\/?s={search_term_string}"},"query-input":{"@type":"PropertyValueSpecification","valueRequired":true,"valueName":"search_term_string"}}],"inLanguage":"de"}]}},"_links":{"self":[{"href":"https:\/\/herli.com\/de\/wp-json\/wp\/v2\/product\/20030","targetHints":{"allow":["GET"]}}],"collection":[{"href":"https:\/\/herli.com\/de\/wp-json\/wp\/v2\/product"}],"about":[{"href":"https:\/\/herli.com\/de\/wp-json\/wp\/v2\/types\/product"}],"replies":[{"embeddable":true,"href":"https:\/\/herli.com\/de\/wp-json\/wp\/v2\/comments?post=20030"}],"wp:featuredmedia":[{"embeddable":true,"href":"https:\/\/herli.com\/de\/wp-json\/wp\/v2\/media\/18445"}],"wp:attachment":[{"href":"https:\/\/herli.com\/de\/wp-json\/wp\/v2\/media?parent=20030"}],"wp:term":[{"taxonomy":"product_brand","embeddable":true,"href":"https:\/\/herli.com\/de\/wp-json\/wp\/v2\/product_brand?post=20030"},{"taxonomy":"product_cat","embeddable":true,"href":"https:\/\/herli.com\/de\/wp-json\/wp\/v2\/product_cat?post=20030"},{"taxonomy":"product_tag","embeddable":true,"href":"https:\/\/herli.com\/de\/wp-json\/wp\/v2\/product_tag?post=20030"}],"curies":[{"name":"wp","href":"https:\/\/api.w.org\/{rel}","templated":true}]}}