{"id":19968,"date":"2026-03-19T10:52:48","date_gmt":"2026-03-19T10:52:48","guid":{"rendered":"https:\/\/herli.com\/product\/ics-benzinkettensaege-695-xl-pg-40-mit-diamantkette\/"},"modified":"2026-03-19T10:52:50","modified_gmt":"2026-03-19T10:52:50","slug":"ics-benzinkettensaege-695-xl-pg-40-mit-diamantkette","status":"publish","type":"product","link":"https:\/\/herli.com\/de\/produkt\/ics-benzinkettensaege-695-xl-pg-40-mit-diamantkette\/","title":{"rendered":"ICS Benzinkettens\u00e4ge 695 XL PG 40 mit Diamantkette"},"content":{"rendered":"","protected":false},"excerpt":{"rendered":"<h2>Diamantkettens\u00e4ge zum Schneiden von Gusseisenrohren<\/h2>\n<p>Die ICS-Benzinkettens\u00e4ge 695 XL PG mit Diamantkette erm\u00f6glicht das Schneiden von Rohren aus Grauguss, duktilem Gusseisen, PVC und HDPE unter optimalen technischen und sicherheitstechnischen Bedingungen. Eine Kettenf\u00fchrung und ein Schneidkopf sind im Lieferumfang der Kettens\u00e4ge enthalten. Ausgestattet mit einem Zweitakt-Verbrennungsmotor ist diese Maschine das leistungsst\u00e4rkste Modell ihres Herstellers. Die Kettens\u00e4ge verf\u00fcgt \u00fcber ein Spr\u00fchsystem f\u00fcr staubfreies Schneiden. Sobald sie mit Wasser versorgt ist, l\u00e4sst sie sich in jeder Umgebung problemlos starten und erm\u00f6glicht intensive Schnitte in Beton, Stein, duktilen Gusseisenrohren und anderen Baumaterialien bis zu einer Tiefe von 40 cm. Diese Kettens\u00e4ge ist eine sicherere Alternative zur Verbrennungs-Trennschleifmaschine.     <\/p>\n<p>F\u00fcr dieses Modell stehen zwei Ketten zur Auswahl:<\/p>\n<ul>\n<li>PowerGrit-Diamantkette zum Schneiden von Gusseisen<\/li>\n<li>ProForce-Diamantkette zum Schneiden von Beton<\/li>\n<\/ul>\n","protected":false},"featured_media":12988,"comment_status":"open","ping_status":"closed","template":"","meta":[],"product_brand":[],"product_cat":[278,273,270],"product_tag":[297],"class_list":{"0":"post-19968","1":"product","2":"type-product","3":"status-publish","4":"has-post-thumbnail","6":"product_cat-aufbau-von-trinkwassernetzen","7":"product_cat-gerate","8":"product_cat-geschaftsbereich-trinkwasser","9":"product_tag-schneidematerial","11":"first","12":"instock","13":"taxable","14":"shipping-taxable","15":"product-type-simple"},"yoast_head":"<!-- This site is optimized with the Yoast SEO plugin v27.3 - https:\/\/yoast.com\/product\/yoast-seo-wordpress\/ -->\n<title>ICS Benzinkettens\u00e4ge 695 XL PG 40 mit Diamantkette - Herli SAS<\/title>\n<meta name=\"description\" content=\"Die Diamantkettens\u00e4ge ICS 695 XL PG von ICS erm\u00f6glicht das Schneiden von Rohren aus Grauguss, duktilen Gusseisen, PVC und HDPE\" \/>\n<meta name=\"robots\" content=\"index, follow, max-snippet:-1, max-image-preview:large, max-video-preview:-1\" \/>\n<link rel=\"canonical\" href=\"https:\/\/herli.com\/de\/produkt\/ics-benzinkettensaege-695-xl-pg-40-mit-diamantkette\/\" \/>\n<meta property=\"og:locale\" content=\"de_DE\" \/>\n<meta property=\"og:type\" content=\"article\" \/>\n<meta property=\"og:title\" content=\"ICS Benzinkettens\u00e4ge 695 XL PG 40 mit Diamantkette - Herli SAS\" \/>\n<meta property=\"og:description\" content=\"Die Diamantkettens\u00e4ge ICS 695 XL PG von ICS erm\u00f6glicht das Schneiden von Rohren aus Grauguss, duktilen Gusseisen, PVC und HDPE\" \/>\n<meta property=\"og:url\" content=\"https:\/\/herli.com\/de\/produkt\/ics-benzinkettensaege-695-xl-pg-40-mit-diamantkette\/\" \/>\n<meta property=\"og:site_name\" content=\"Herli SAS\" \/>\n<meta property=\"article:modified_time\" content=\"2026-03-19T10:52:50+00:00\" \/>\n<meta property=\"og:image\" content=\"https:\/\/herli.com\/wp-content\/uploads\/2021\/04\/Tronconneuse-ICS-695-XL_0003_Tronconneuse-695XL-de-cote-2-PNG-1.jpg\" \/>\n\t<meta property=\"og:image:width\" content=\"900\" \/>\n\t<meta property=\"og:image:height\" content=\"600\" \/>\n\t<meta property=\"og:image:type\" content=\"image\/jpeg\" \/>\n<meta name=\"twitter:card\" content=\"summary_large_image\" \/>\n<script type=\"application\/ld+json\" class=\"yoast-schema-graph\">{\"@context\":\"https:\\\/\\\/schema.org\",\"@graph\":[{\"@type\":\"WebPage\",\"@id\":\"https:\\\/\\\/herli.com\\\/de\\\/produkt\\\/ics-benzinkettensaege-695-xl-pg-40-mit-diamantkette\\\/\",\"url\":\"https:\\\/\\\/herli.com\\\/de\\\/produkt\\\/ics-benzinkettensaege-695-xl-pg-40-mit-diamantkette\\\/\",\"name\":\"ICS Benzinkettens\u00e4ge 695 XL PG 40 mit Diamantkette - Herli SAS\",\"isPartOf\":{\"@id\":\"https:\\\/\\\/herli.com\\\/#website\"},\"primaryImageOfPage\":{\"@id\":\"https:\\\/\\\/herli.com\\\/de\\\/produkt\\\/ics-benzinkettensaege-695-xl-pg-40-mit-diamantkette\\\/#primaryimage\"},\"image\":{\"@id\":\"https:\\\/\\\/herli.com\\\/de\\\/produkt\\\/ics-benzinkettensaege-695-xl-pg-40-mit-diamantkette\\\/#primaryimage\"},\"thumbnailUrl\":\"https:\\\/\\\/herli.com\\\/wp-content\\\/uploads\\\/2021\\\/04\\\/Tronconneuse-ICS-695-XL_0003_Tronconneuse-695XL-de-cote-2-PNG-1.jpg\",\"datePublished\":\"2026-03-19T10:52:48+00:00\",\"dateModified\":\"2026-03-19T10:52:50+00:00\",\"description\":\"Die Diamantkettens\u00e4ge ICS 695 XL PG von ICS erm\u00f6glicht das Schneiden von Rohren aus Grauguss, duktilen Gusseisen, PVC und HDPE\",\"breadcrumb\":{\"@id\":\"https:\\\/\\\/herli.com\\\/de\\\/produkt\\\/ics-benzinkettensaege-695-xl-pg-40-mit-diamantkette\\\/#breadcrumb\"},\"inLanguage\":\"de\",\"potentialAction\":[{\"@type\":\"ReadAction\",\"target\":[\"https:\\\/\\\/herli.com\\\/de\\\/produkt\\\/ics-benzinkettensaege-695-xl-pg-40-mit-diamantkette\\\/\"]}]},{\"@type\":\"ImageObject\",\"inLanguage\":\"de\",\"@id\":\"https:\\\/\\\/herli.com\\\/de\\\/produkt\\\/ics-benzinkettensaege-695-xl-pg-40-mit-diamantkette\\\/#primaryimage\",\"url\":\"https:\\\/\\\/herli.com\\\/wp-content\\\/uploads\\\/2021\\\/04\\\/Tronconneuse-ICS-695-XL_0003_Tronconneuse-695XL-de-cote-2-PNG-1.jpg\",\"contentUrl\":\"https:\\\/\\\/herli.com\\\/wp-content\\\/uploads\\\/2021\\\/04\\\/Tronconneuse-ICS-695-XL_0003_Tronconneuse-695XL-de-cote-2-PNG-1.jpg\",\"width\":900,\"height\":600,\"caption\":\"Kettens\u00e4ge ICS 695 XM PG 40 mit Diamantkette\"},{\"@type\":\"BreadcrumbList\",\"@id\":\"https:\\\/\\\/herli.com\\\/de\\\/produkt\\\/ics-benzinkettensaege-695-xl-pg-40-mit-diamantkette\\\/#breadcrumb\",\"itemListElement\":[{\"@type\":\"ListItem\",\"position\":1,\"name\":\"Home\",\"item\":\"https:\\\/\\\/herli.com\\\/de\\\/\"},{\"@type\":\"ListItem\",\"position\":2,\"name\":\"Shop\",\"item\":\"https:\\\/\\\/herli.com\\\/shop\\\/\"},{\"@type\":\"ListItem\",\"position\":3,\"name\":\"ICS Benzinkettens\u00e4ge 695 XL PG 40 mit Diamantkette\"}]},{\"@type\":\"WebSite\",\"@id\":\"https:\\\/\\\/herli.com\\\/#website\",\"url\":\"https:\\\/\\\/herli.com\\\/\",\"name\":\"Herli SAS\",\"description\":\"Au service de l&#039;eau et de l&#039;hygi\u00e8ne\",\"potentialAction\":[{\"@type\":\"SearchAction\",\"target\":{\"@type\":\"EntryPoint\",\"urlTemplate\":\"https:\\\/\\\/herli.com\\\/?s={search_term_string}\"},\"query-input\":{\"@type\":\"PropertyValueSpecification\",\"valueRequired\":true,\"valueName\":\"search_term_string\"}}],\"inLanguage\":\"de\"}]}<\/script>\n<!-- \/ Yoast SEO plugin. -->","yoast_head_json":{"title":"ICS Benzinkettens\u00e4ge 695 XL PG 40 mit Diamantkette - Herli SAS","description":"Die Diamantkettens\u00e4ge ICS 695 XL PG von ICS erm\u00f6glicht das Schneiden von Rohren aus Grauguss, duktilen Gusseisen, PVC und HDPE","robots":{"index":"index","follow":"follow","max-snippet":"max-snippet:-1","max-image-preview":"max-image-preview:large","max-video-preview":"max-video-preview:-1"},"canonical":"https:\/\/herli.com\/de\/produkt\/ics-benzinkettensaege-695-xl-pg-40-mit-diamantkette\/","og_locale":"de_DE","og_type":"article","og_title":"ICS Benzinkettens\u00e4ge 695 XL PG 40 mit Diamantkette - Herli SAS","og_description":"Die Diamantkettens\u00e4ge ICS 695 XL PG von ICS erm\u00f6glicht das Schneiden von Rohren aus Grauguss, duktilen Gusseisen, PVC und HDPE","og_url":"https:\/\/herli.com\/de\/produkt\/ics-benzinkettensaege-695-xl-pg-40-mit-diamantkette\/","og_site_name":"Herli SAS","article_modified_time":"2026-03-19T10:52:50+00:00","og_image":[{"width":900,"height":600,"url":"https:\/\/herli.com\/wp-content\/uploads\/2021\/04\/Tronconneuse-ICS-695-XL_0003_Tronconneuse-695XL-de-cote-2-PNG-1.jpg","type":"image\/jpeg"}],"twitter_card":"summary_large_image","schema":{"@context":"https:\/\/schema.org","@graph":[{"@type":"WebPage","@id":"https:\/\/herli.com\/de\/produkt\/ics-benzinkettensaege-695-xl-pg-40-mit-diamantkette\/","url":"https:\/\/herli.com\/de\/produkt\/ics-benzinkettensaege-695-xl-pg-40-mit-diamantkette\/","name":"ICS Benzinkettens\u00e4ge 695 XL PG 40 mit Diamantkette - Herli SAS","isPartOf":{"@id":"https:\/\/herli.com\/#website"},"primaryImageOfPage":{"@id":"https:\/\/herli.com\/de\/produkt\/ics-benzinkettensaege-695-xl-pg-40-mit-diamantkette\/#primaryimage"},"image":{"@id":"https:\/\/herli.com\/de\/produkt\/ics-benzinkettensaege-695-xl-pg-40-mit-diamantkette\/#primaryimage"},"thumbnailUrl":"https:\/\/herli.com\/wp-content\/uploads\/2021\/04\/Tronconneuse-ICS-695-XL_0003_Tronconneuse-695XL-de-cote-2-PNG-1.jpg","datePublished":"2026-03-19T10:52:48+00:00","dateModified":"2026-03-19T10:52:50+00:00","description":"Die Diamantkettens\u00e4ge ICS 695 XL PG von ICS erm\u00f6glicht das Schneiden von Rohren aus Grauguss, duktilen Gusseisen, PVC und HDPE","breadcrumb":{"@id":"https:\/\/herli.com\/de\/produkt\/ics-benzinkettensaege-695-xl-pg-40-mit-diamantkette\/#breadcrumb"},"inLanguage":"de","potentialAction":[{"@type":"ReadAction","target":["https:\/\/herli.com\/de\/produkt\/ics-benzinkettensaege-695-xl-pg-40-mit-diamantkette\/"]}]},{"@type":"ImageObject","inLanguage":"de","@id":"https:\/\/herli.com\/de\/produkt\/ics-benzinkettensaege-695-xl-pg-40-mit-diamantkette\/#primaryimage","url":"https:\/\/herli.com\/wp-content\/uploads\/2021\/04\/Tronconneuse-ICS-695-XL_0003_Tronconneuse-695XL-de-cote-2-PNG-1.jpg","contentUrl":"https:\/\/herli.com\/wp-content\/uploads\/2021\/04\/Tronconneuse-ICS-695-XL_0003_Tronconneuse-695XL-de-cote-2-PNG-1.jpg","width":900,"height":600,"caption":"Kettens\u00e4ge ICS 695 XM PG 40 mit Diamantkette"},{"@type":"BreadcrumbList","@id":"https:\/\/herli.com\/de\/produkt\/ics-benzinkettensaege-695-xl-pg-40-mit-diamantkette\/#breadcrumb","itemListElement":[{"@type":"ListItem","position":1,"name":"Home","item":"https:\/\/herli.com\/de\/"},{"@type":"ListItem","position":2,"name":"Shop","item":"https:\/\/herli.com\/shop\/"},{"@type":"ListItem","position":3,"name":"ICS Benzinkettens\u00e4ge 695 XL PG 40 mit Diamantkette"}]},{"@type":"WebSite","@id":"https:\/\/herli.com\/#website","url":"https:\/\/herli.com\/","name":"Herli SAS","description":"Au service de l&#039;eau et de l&#039;hygi\u00e8ne","potentialAction":[{"@type":"SearchAction","target":{"@type":"EntryPoint","urlTemplate":"https:\/\/herli.com\/?s={search_term_string}"},"query-input":{"@type":"PropertyValueSpecification","valueRequired":true,"valueName":"search_term_string"}}],"inLanguage":"de"}]}},"_links":{"self":[{"href":"https:\/\/herli.com\/de\/wp-json\/wp\/v2\/product\/19968","targetHints":{"allow":["GET"]}}],"collection":[{"href":"https:\/\/herli.com\/de\/wp-json\/wp\/v2\/product"}],"about":[{"href":"https:\/\/herli.com\/de\/wp-json\/wp\/v2\/types\/product"}],"replies":[{"embeddable":true,"href":"https:\/\/herli.com\/de\/wp-json\/wp\/v2\/comments?post=19968"}],"wp:featuredmedia":[{"embeddable":true,"href":"https:\/\/herli.com\/de\/wp-json\/wp\/v2\/media\/12988"}],"wp:attachment":[{"href":"https:\/\/herli.com\/de\/wp-json\/wp\/v2\/media?parent=19968"}],"wp:term":[{"taxonomy":"product_brand","embeddable":true,"href":"https:\/\/herli.com\/de\/wp-json\/wp\/v2\/product_brand?post=19968"},{"taxonomy":"product_cat","embeddable":true,"href":"https:\/\/herli.com\/de\/wp-json\/wp\/v2\/product_cat?post=19968"},{"taxonomy":"product_tag","embeddable":true,"href":"https:\/\/herli.com\/de\/wp-json\/wp\/v2\/product_tag?post=19968"}],"curies":[{"name":"wp","href":"https:\/\/api.w.org\/{rel}","templated":true}]}}