{"id":9775,"date":"2023-06-28T12:39:45","date_gmt":"2023-06-28T12:39:45","guid":{"rendered":"https:\/\/herli.com\/sicherheitsdatenblaetter\/"},"modified":"2024-09-10T13:39:17","modified_gmt":"2024-09-10T13:39:17","slug":"sicherheitsdatenblaetter","status":"publish","type":"page","link":"https:\/\/herli.com\/de\/sicherheitsdatenblaetter\/","title":{"rendered":"Sicherheitsdatenbl\u00e4tter"},"content":{"rendered":"<p><div class=\"fusion-fullwidth fullwidth-box fusion-builder-row-1 fusion-flex-container has-pattern-background has-mask-background fusion-parallax-none nonhundred-percent-fullwidth non-hundred-percent-height-scrolling fusion-no-small-visibility\" style=\"--awb-border-radius-top-left:0px;--awb-border-radius-top-right:0px;--awb-border-radius-bottom-right:0px;--awb-border-radius-bottom-left:0px;--awb-padding-top:100px;--awb-padding-bottom:100px;--awb-margin-top:0px;--awb-background-image:url(&quot;https:\/\/herli.com\/wp-content\/uploads\/2021\/02\/pexels-pixabay-355700-scaled.jpg&quot;);--awb-background-size:cover;--awb-flex-wrap:wrap;\" ><div class=\"fusion-builder-row fusion-row fusion-flex-align-items-flex-start fusion-flex-content-wrap\" style=\"max-width:1248px;margin-left: calc(-4% \/ 2 );margin-right: calc(-4% \/ 2 );\"><\/div><\/div><div class=\"fusion-fullwidth fullwidth-box fusion-builder-row-2 fusion-flex-container has-pattern-background has-mask-background fusion-parallax-none nonhundred-percent-fullwidth non-hundred-percent-height-scrolling fusion-no-medium-visibility fusion-no-large-visibility\" style=\"--awb-border-radius-top-left:0px;--awb-border-radius-top-right:0px;--awb-border-radius-bottom-right:0px;--awb-border-radius-bottom-left:0px;--awb-padding-top:35px;--awb-padding-bottom:35px;--awb-margin-top:0px;--awb-background-image:url(&quot;https:\/\/herli.com\/wp-content\/uploads\/2021\/02\/pexels-pixabay-355700-scaled.jpg&quot;);--awb-background-size:cover;--awb-flex-wrap:wrap;\" ><div class=\"fusion-builder-row fusion-row fusion-flex-align-items-flex-start fusion-flex-content-wrap\" style=\"max-width:1248px;margin-left: calc(-4% \/ 2 );margin-right: calc(-4% \/ 2 );\"><\/div><\/div><div class=\"fusion-fullwidth fullwidth-box fusion-builder-row-3 fusion-flex-container has-pattern-background has-mask-background nonhundred-percent-fullwidth non-hundred-percent-height-scrolling fusion-no-small-visibility\" style=\"--awb-border-radius-top-left:0px;--awb-border-radius-top-right:0px;--awb-border-radius-bottom-right:0px;--awb-border-radius-bottom-left:0px;--awb-padding-top:45px;--awb-padding-bottom:50px;--awb-background-color:#3c8c2d;--awb-flex-wrap:wrap;\" ><div class=\"fusion-builder-row fusion-row fusion-flex-align-items-flex-start fusion-flex-content-wrap\" style=\"max-width:1248px;margin-left: calc(-4% \/ 2 );margin-right: calc(-4% \/ 2 );\"><div class=\"fusion-layout-column fusion_builder_column fusion-builder-column-0 fusion_builder_column_1_1 1_1 fusion-flex-column\" style=\"--awb-bg-size:cover;--awb-width-large:100%;--awb-margin-top-large:0px;--awb-spacing-right-large:1.92%;--awb-margin-bottom-large:20px;--awb-spacing-left-large:1.92%;--awb-width-medium:100%;--awb-order-medium:0;--awb-spacing-right-medium:1.92%;--awb-spacing-left-medium:1.92%;--awb-width-small:100%;--awb-order-small:0;--awb-spacing-right-small:1.92%;--awb-spacing-left-small:1.92%;\"><div class=\"fusion-column-wrapper fusion-column-has-shadow fusion-flex-justify-content-flex-start fusion-content-layout-column\"><div class=\"fusion-title title fusion-title-1 fusion-sep-none fusion-title-text fusion-title-size-one\" style=\"--awb-text-color:#ffffff;--awb-margin-top-small:10px;--awb-margin-right-small:0px;--awb-margin-bottom-small:10px;--awb-margin-left-small:0px;\"><h1 class=\"fusion-title-heading title-heading-left\" style=\"margin:0;\">Sicherheitsdatenbl\u00e4tter<\/h1><\/div><\/div><\/div><\/div><\/div><div class=\"fusion-fullwidth fullwidth-box fusion-builder-row-4 fusion-flex-container has-pattern-background has-mask-background nonhundred-percent-fullwidth non-hundred-percent-height-scrolling fusion-no-medium-visibility fusion-no-large-visibility\" style=\"--awb-border-radius-top-left:0px;--awb-border-radius-top-right:0px;--awb-border-radius-bottom-right:0px;--awb-border-radius-bottom-left:0px;--awb-padding-top:45px;--awb-padding-bottom:50px;--awb-background-color:#3c8c2d;--awb-flex-wrap:wrap;\" ><div class=\"fusion-builder-row fusion-row fusion-flex-align-items-flex-start fusion-flex-content-wrap\" style=\"max-width:1248px;margin-left: calc(-4% \/ 2 );margin-right: calc(-4% \/ 2 );\"><div class=\"fusion-layout-column fusion_builder_column fusion-builder-column-1 fusion_builder_column_1_1 1_1 fusion-flex-column\" style=\"--awb-bg-size:cover;--awb-width-large:100%;--awb-margin-top-large:0px;--awb-spacing-right-large:1.92%;--awb-margin-bottom-large:20px;--awb-spacing-left-large:1.92%;--awb-width-medium:100%;--awb-order-medium:0;--awb-spacing-right-medium:1.92%;--awb-spacing-left-medium:1.92%;--awb-width-small:100%;--awb-order-small:0;--awb-spacing-right-small:1.92%;--awb-spacing-left-small:1.92%;\"><div class=\"fusion-column-wrapper fusion-column-has-shadow fusion-flex-justify-content-flex-start fusion-content-layout-column\"><div class=\"fusion-title title fusion-title-2 fusion-sep-none fusion-title-text fusion-title-size-one\" style=\"--awb-text-color:#ffffff;--awb-margin-top-small:10px;--awb-margin-right-small:0px;--awb-margin-bottom-small:10px;--awb-margin-left-small:0px;--awb-font-size:32px;\"><h1 class=\"fusion-title-heading title-heading-left\" style=\"margin:0;font-size:1em;\">Sicherheitsdatenbl\u00e4tter<\/h1><\/div><\/div><\/div><\/div><\/div><div class=\"fusion-fullwidth fullwidth-box fusion-builder-row-5 fusion-flex-container nonhundred-percent-fullwidth non-hundred-percent-height-scrolling\" style=\"--awb-border-radius-top-left:0px;--awb-border-radius-top-right:0px;--awb-border-radius-bottom-right:0px;--awb-border-radius-bottom-left:0px;--awb-flex-wrap:wrap;\" ><div class=\"fusion-builder-row fusion-row fusion-flex-align-items-flex-start fusion-flex-content-wrap\" style=\"max-width:1248px;margin-left: calc(-4% \/ 2 );margin-right: calc(-4% \/ 2 );\"><div class=\"fusion-layout-column fusion_builder_column fusion-builder-column-2 fusion_builder_column_1_3 1_3 fusion-flex-column\" style=\"--awb-bg-size:cover;--awb-width-large:33.333333333333%;--awb-margin-top-large:0px;--awb-spacing-right-large:5.76%;--awb-margin-bottom-large:20px;--awb-spacing-left-large:5.76%;--awb-width-medium:33.333333333333%;--awb-order-medium:0;--awb-spacing-right-medium:5.76%;--awb-spacing-left-medium:5.76%;--awb-width-small:100%;--awb-order-small:0;--awb-spacing-right-small:1.92%;--awb-spacing-left-small:1.92%;\"><div class=\"fusion-column-wrapper fusion-column-has-shadow fusion-flex-justify-content-flex-start fusion-content-layout-column\"><\/div><\/div><div class=\"fusion-layout-column fusion_builder_column fusion-builder-column-3 fusion_builder_column_2_3 2_3 fusion-flex-column\" style=\"--awb-padding-top:10px;--awb-padding-right:15px;--awb-padding-bottom:10px;--awb-padding-left:15px;--awb-bg-color:#80ba27;--awb-bg-color-hover:#80ba27;--awb-bg-size:cover;--awb-width-large:66.666666666667%;--awb-margin-top-large:-60px;--awb-spacing-right-large:2.88%;--awb-margin-bottom-large:20px;--awb-spacing-left-large:2.88%;--awb-width-medium:66.666666666667%;--awb-order-medium:0;--awb-spacing-right-medium:2.88%;--awb-spacing-left-medium:2.88%;--awb-width-small:100%;--awb-order-small:0;--awb-spacing-right-small:1.92%;--awb-spacing-left-small:1.92%;\" data-scroll-devices=\"small-visibility,medium-visibility,large-visibility\"><div class=\"fusion-column-wrapper fusion-column-has-shadow fusion-flex-justify-content-flex-start fusion-content-layout-column\"><div class=\"fusion-text fusion-text-1\"><h3><span style=\"color: #ffffff;\">Sicherheitsdatenbl\u00e4tter von Herli-Produkten<\/span><\/h3>\n<p><span style=\"color: #ffffff;\">Auf dieser Seite finden Sie alle Sicherheitsinformationen zu unseren Produkten. W\u00e4hlen Sie unten die gew\u00fcnschte Produktkategorie aus, um das Sicherheitsdatenblatt herunterzuladen. Die SDBs k\u00f6nnen auch von den Produktseiten heruntergeladen werden. Sie suchen ein Sicherheitsdatenblatt in einer anderen Sprache? Bitte kontaktieren Sie uns und wir senden es Ihnen gerne zu!<\/span><\/p>\n<\/div><\/div><\/div><\/div><\/div><div class=\"fusion-fullwidth fullwidth-box fusion-builder-row-6 fusion-flex-container nonhundred-percent-fullwidth non-hundred-percent-height-scrolling\" style=\"--awb-border-radius-top-left:0px;--awb-border-radius-top-right:0px;--awb-border-radius-bottom-right:0px;--awb-border-radius-bottom-left:0px;--awb-padding-top:30px;--awb-padding-bottom:0px;--awb-margin-bottom:0px;--awb-flex-wrap:wrap;\" ><div class=\"fusion-builder-row fusion-row fusion-flex-align-items-flex-start fusion-flex-content-wrap\" style=\"max-width:1248px;margin-left: calc(-4% \/ 2 );margin-right: calc(-4% \/ 2 );\"><div class=\"fusion-layout-column fusion_builder_column fusion-builder-column-4 fusion_builder_column_2_3 2_3 fusion-flex-column\" style=\"--awb-bg-color:#10ade4;--awb-bg-color-hover:#10ade4;--awb-bg-size:cover;--awb-width-large:66.666666666667%;--awb-margin-top-large:0px;--awb-spacing-right-large:2.88%;--awb-margin-bottom-large:20px;--awb-spacing-left-large:2.88%;--awb-width-medium:66.666666666667%;--awb-order-medium:0;--awb-spacing-right-medium:2.88%;--awb-spacing-left-medium:2.88%;--awb-width-small:100%;--awb-order-small:0;--awb-spacing-right-small:1.92%;--awb-spacing-left-small:1.92%;\"><div class=\"fusion-column-wrapper fusion-column-has-shadow fusion-flex-justify-content-flex-start fusion-content-layout-column\"><div class=\"fusion-title title fusion-title-3 fusion-sep-none fusion-title-center fusion-title-text fusion-title-size-two\" style=\"--awb-text-color:#ffffff;--awb-margin-top-small:10px;--awb-margin-right-small:0px;--awb-margin-bottom-small:10px;--awb-margin-left-small:0px;--awb-font-size:36px;\"><h2 class=\"fusion-title-heading title-heading-center\" style=\"margin:0;font-size:1em;\"><span style=\"font-weight: 400;\">SDB : Gesch\u00e4ftsbereich Trinkwasser<\/span><\/h2><\/div><\/div><\/div><div class=\"fusion-layout-column fusion_builder_column fusion-builder-column-5 fusion_builder_column_1_4 1_4 fusion-flex-column\" style=\"--awb-bg-size:cover;--awb-width-large:25%;--awb-margin-top-large:0px;--awb-spacing-right-large:7.68%;--awb-margin-bottom-large:20px;--awb-spacing-left-large:7.68%;--awb-width-medium:25%;--awb-order-medium:0;--awb-spacing-right-medium:7.68%;--awb-spacing-left-medium:7.68%;--awb-width-small:100%;--awb-order-small:0;--awb-spacing-right-small:1.92%;--awb-spacing-left-small:1.92%;\"><div class=\"fusion-column-wrapper fusion-column-has-shadow fusion-flex-justify-content-flex-start fusion-content-layout-column\"><\/div><\/div><div class=\"fusion-layout-column fusion_builder_column fusion-builder-column-6 fusion_builder_column_1_4 1_4 fusion-flex-column\" style=\"--awb-bg-size:cover;--awb-width-large:25%;--awb-margin-top-large:0px;--awb-spacing-right-large:7.68%;--awb-margin-bottom-large:20px;--awb-spacing-left-large:7.68%;--awb-width-medium:25%;--awb-order-medium:0;--awb-spacing-right-medium:7.68%;--awb-spacing-left-medium:7.68%;--awb-width-small:100%;--awb-order-small:0;--awb-spacing-right-small:1.92%;--awb-spacing-left-small:1.92%;\"><div class=\"fusion-column-wrapper fusion-column-has-shadow fusion-flex-justify-content-flex-start fusion-content-layout-column\"><div class=\"fusion-title title fusion-title-4 fusion-sep-none fusion-title-text fusion-title-size-two\" style=\"--awb-margin-top-small:10px;--awb-margin-right-small:0px;--awb-margin-bottom-small:10px;--awb-margin-left-small:0px;\"><h2 class=\"fusion-title-heading title-heading-left\" style=\"margin:0;\"><h3><span style=\"color: #005999;\"><a style=\"color: #005999;\" href=\"https:\/\/herli.com\/de\/sicherheitsdatenblaetter\/sdb-desinfektionsmittel-fuer-den-trinkwasserbereich\/\" target=\"_blank\" rel=\"noopener\">Trinkwasser-<\/a><\/span><br \/>\n<a href=\"https:\/\/herli.com\/de\/sicherheitsdatenblaetter\/sdb-desinfektionsmittel-fuer-den-trinkwasserbereich\/\" target=\"_blank\" rel=\"noopener\"><span style=\"color: #005999;\">desinfektionsmittel<\/span><\/a><\/h3><\/h2><\/div><div class=\"fusion-text fusion-text-2\"><p><a href=\"https:\/\/herli.com\/de\/sicherheitsdatenblaetter\/sdb-desinfektionsmittel-fuer-den-trinkwasserbereich\/\" target=\"_blank\" rel=\"noopener\"><span style=\"color: #3c8c2d;\">Tevan Panox<\/span><\/a><br \/>\n<a href=\"https:\/\/herli.com\/de\/sicherheitsdatenblaetter\/sdb-desinfektionsmittel-fuer-den-trinkwasserbereich\/\" target=\"_blank\" rel=\"noopener\"><span style=\"color: #3c8c2d;\">Tevan Panox 1816<\/span><\/a><br \/>\n<a href=\"https:\/\/herli.com\/de\/sicherheitsdatenblaetter\/sdb-desinfektionsmittel-fuer-den-trinkwasserbereich\/\" target=\"_blank\" rel=\"noopener\"><span style=\"color: #3c8c2d;\">Tevan Panox S6<\/span><\/a><\/p>\n<\/div><\/div><\/div><div class=\"fusion-layout-column fusion_builder_column fusion-builder-column-7 fusion_builder_column_1_4 1_4 fusion-flex-column\" style=\"--awb-bg-size:cover;--awb-width-large:25%;--awb-margin-top-large:0px;--awb-spacing-right-large:7.68%;--awb-margin-bottom-large:20px;--awb-spacing-left-large:7.68%;--awb-width-medium:25%;--awb-order-medium:0;--awb-spacing-right-medium:7.68%;--awb-spacing-left-medium:7.68%;--awb-width-small:100%;--awb-order-small:0;--awb-spacing-right-small:1.92%;--awb-spacing-left-small:1.92%;\"><div class=\"fusion-column-wrapper fusion-column-has-shadow fusion-flex-justify-content-flex-start fusion-content-layout-column\"><div class=\"fusion-title title fusion-title-5 fusion-sep-none fusion-title-text fusion-title-size-two\" style=\"--awb-margin-top-small:10px;--awb-margin-right-small:0px;--awb-margin-bottom-small:10px;--awb-margin-left-small:0px;\"><h2 class=\"fusion-title-heading title-heading-left\" style=\"margin:0;\"><h3><span style=\"color: #005999;\"><a style=\"color: #005999;\" href=\"https:\/\/herli.com\/de\/sicherheitsdatenblaetter\/sdb-reiniger-fuer-den-trinkwasserbereich\/\" target=\"_blank\" rel=\"noopener\">Trinkwasser-Reinigungsmittel<\/a><\/span><\/h3><\/h2><\/div><div class=\"fusion-text fusion-text-3\"><p><a href=\"https:\/\/herli.com\/de\/sicherheitsdatenblaetter\/sdb-reiniger-fuer-den-trinkwasserbereich\/\" target=\"_blank\" rel=\"noopener\"><span style=\"color: #3c8c2d;\">Herli Rapid TW<\/span><\/a><br \/>\n<a href=\"https:\/\/herli.com\/de\/sicherheitsdatenblaetter\/sdb-reiniger-fuer-den-trinkwasserbereich\/\" target=\"_blank\" rel=\"noopener\"><span style=\"color: #3c8c2d;\">Herli Rapid TWB<\/span><\/a><\/p>\n<\/div><\/div><\/div><div class=\"fusion-layout-column fusion_builder_column fusion-builder-column-8 fusion_builder_column_1_4 1_4 fusion-flex-column\" style=\"--awb-bg-size:cover;--awb-width-large:25%;--awb-margin-top-large:0px;--awb-spacing-right-large:7.68%;--awb-margin-bottom-large:20px;--awb-spacing-left-large:7.68%;--awb-width-medium:25%;--awb-order-medium:0;--awb-spacing-right-medium:7.68%;--awb-spacing-left-medium:7.68%;--awb-width-small:100%;--awb-order-small:0;--awb-spacing-right-small:1.92%;--awb-spacing-left-small:1.92%;\"><div class=\"fusion-column-wrapper fusion-column-has-shadow fusion-flex-justify-content-flex-start fusion-content-layout-column\"><div class=\"fusion-title title fusion-title-6 fusion-sep-none fusion-title-text fusion-title-size-two\" style=\"--awb-margin-top-small:10px;--awb-margin-right-small:0px;--awb-margin-bottom-small:10px;--awb-margin-left-small:0px;\"><h2 class=\"fusion-title-heading title-heading-left\" style=\"margin:0;\"><h3><span style=\"color: #005999;\">Neutralisationsmittel<\/span><\/h3><\/h2><\/div><div class=\"fusion-text fusion-text-4\"><p><a href=\"https:\/\/herli.com\/de\/sicherheitsdatenblaetter\/sdb-neutralisationsmittel\/\" rel=\"noopener\"><span style=\"color: #3c8c2d;\">Herli NTR<\/span><\/a><\/p>\n<\/div><\/div><\/div><div class=\"fusion-layout-column fusion_builder_column fusion-builder-column-9 fusion_builder_column_1_4 1_4 fusion-flex-column\" style=\"--awb-bg-size:cover;--awb-width-large:25%;--awb-margin-top-large:0px;--awb-spacing-right-large:7.68%;--awb-margin-bottom-large:20px;--awb-spacing-left-large:7.68%;--awb-width-medium:25%;--awb-order-medium:0;--awb-spacing-right-medium:7.68%;--awb-spacing-left-medium:7.68%;--awb-width-small:100%;--awb-order-small:0;--awb-spacing-right-small:1.92%;--awb-spacing-left-small:1.92%;\"><div class=\"fusion-column-wrapper fusion-column-has-shadow fusion-flex-justify-content-flex-start fusion-content-layout-column\"><div class=\"fusion-title title fusion-title-7 fusion-sep-none fusion-title-text fusion-title-size-two\" style=\"--awb-margin-top-small:10px;--awb-margin-right-small:0px;--awb-margin-bottom-small:10px;--awb-margin-left-small:0px;\"><h2 class=\"fusion-title-heading title-heading-left\" style=\"margin:0;\"><h3><span style=\"color: #005999;\"><a style=\"color: #005999;\" href=\"https:\/\/herli.com\/de\/sicherheitsdatenblaetter\/sdb-reinigungsverstaerker\/\" target=\"_blank\" rel=\"noopener\">Reinigungsverst\u00e4rker<\/a><\/span><\/h3><\/h2><\/div><div class=\"fusion-text fusion-text-5\"><p><span style=\"color: #3c8c2d;\"><a style=\"color: #3c8c2d;\" href=\"https:\/\/herli.com\/de\/sicherheitsdatenblaetter\/sdb-reinigungsverstaerker\/\" target=\"_blank\" rel=\"noopener\">Herli FCM1<\/a><br \/>\n<\/span><a href=\"https:\/\/herli.com\/de\/sicherheitsdatenblaetter\/sdb-reinigungsverstaerker\/\" target=\"_blank\" rel=\"noopener\"><span style=\"color: #3c8c2d; background-color: rgba(255, 255, 255, 0); font-family: var(--body_typography-font-family); font-size: var(--body_typography-font-size); font-style: var(--body_typography-font-style,normal); font-weight: var(--body_typography-font-weight); letter-spacing: var(--body_typography-letter-spacing);\">Herli FCM3<\/span><\/a><\/p>\n<\/div><\/div><\/div><\/div><\/div><div class=\"fusion-fullwidth fullwidth-box fusion-builder-row-7 fusion-flex-container nonhundred-percent-fullwidth non-hundred-percent-height-scrolling\" style=\"--awb-border-radius-top-left:0px;--awb-border-radius-top-right:0px;--awb-border-radius-bottom-right:0px;--awb-border-radius-bottom-left:0px;--awb-margin-top:50px;--awb-margin-bottom:0px;--awb-flex-wrap:wrap;\" ><div class=\"fusion-builder-row fusion-row fusion-flex-align-items-flex-start fusion-flex-content-wrap\" style=\"max-width:1248px;margin-left: calc(-4% \/ 2 );margin-right: calc(-4% \/ 2 );\"><div class=\"fusion-layout-column fusion_builder_column fusion-builder-column-10 fusion_builder_column_1_1 1_1 fusion-flex-column\" style=\"--awb-bg-size:cover;--awb-width-large:100%;--awb-margin-top-large:0px;--awb-spacing-right-large:1.92%;--awb-margin-bottom-large:0px;--awb-spacing-left-large:1.92%;--awb-width-medium:100%;--awb-order-medium:0;--awb-spacing-right-medium:1.92%;--awb-spacing-left-medium:1.92%;--awb-width-small:100%;--awb-order-small:0;--awb-spacing-right-small:1.92%;--awb-spacing-left-small:1.92%;\"><div class=\"fusion-column-wrapper fusion-column-has-shadow fusion-flex-justify-content-flex-start fusion-content-layout-column\"><div class=\"fusion-section-separator section-separator waves-opacity fusion-section-separator-1\" style=\"--awb-spacer-padding-top:21.09375%;--awb-svg-margin-left:1.92%;--awb-svg-margin-right:1.92%;--awb-svg-margin-left-medium:1.92%;--awb-svg-margin-right-medium:1.92%;--awb-svg-margin-left-small:1.92%;--awb-svg-margin-right-small:1.92%;--awb-sep-font-size:0;--awb-sep-line-height:0;\"><div class=\"fusion-section-separator-svg\"><svg class=\"fusion-waves-opacity-candy\" xmlns=\"http:\/\/www.w3.org\/2000\/svg\" version=\"1.1\" width=\"100%\" viewBox=\"0 0 1024 216\" preserveAspectRatio=\"none\" fill=\"rgba(0,89,153,1)\"><path class=\"st0\" d=\"M1024.1 1.068c-19.4-.5-38.7-1.6-57.7-.3-206.6 15-248.5 126.6-455 143.8-184.8 15.5-285.7-60.9-464.3-41.3-16.9 1.8-32.5 4.4-47.1 7.6l.1 105.2h1024v-215z\"\/>\n\t\t\t\t\t\t\t\t\t\t<path class=\"st1\" d=\"M1024.1 20.068c-30.2-1.6-59.6-1.6-86.8.4-206.6 15.1-197.3 122.6-403.9 139.8-184.9 15.5-278.5-58.2-457.1-38.4-28.3 3.2-53.5 8.2-76.2 14.6v79.744h1024V20.068z\"\/>\n\t\t\t\t\t\t\t\t\t\t<path class=\"st2\" d=\"M1024.1 46.668c-22.2-.3-43.8.2-64.2 1.7-206.6 15-197.8 112.5-404.4 129.7-184.8 15.5-226.8-51.1-405.4-31.3-54.8 6-104.9 18.3-150 33.7v35.744h1024V46.668z\"\/>\n\t\t\t\t\t\t\t\t\t\t<path class=\"st3\" d=\"M1024.1 54.368c-4 .2-8 .4-11.9.7-206.5 15.1-227.9 124.4-434.5 141.6-184.9 15.5-226.3-41.1-404.9-21.3-64 7.2-121.9 20.8-172.7 37.9v3.044h1024V54.368z\"\/>\n\t\t\t\t\t\t\t\t\t<\/svg><\/div><div class=\"fusion-section-separator-spacer\"><div class=\"fusion-section-separator-spacer-height\"><\/div><\/div><\/div><\/div><\/div><\/div><\/div><\/p>\n","protected":false},"excerpt":{"rendered":"","protected":false},"author":4,"featured_media":0,"parent":0,"menu_order":0,"comment_status":"closed","ping_status":"closed","template":"100-width.php","meta":{"footnotes":""},"class_list":["post-9775","page","type-page","status-publish","hentry"],"yoast_head":"<!-- This site is optimized with the Yoast SEO plugin v27.3 - https:\/\/yoast.com\/product\/yoast-seo-wordpress\/ -->\n<title>Sicherheitsdatenbl\u00e4tter - Herli SAS<\/title>\n<meta name=\"description\" content=\"Sicherheitsdatenbl\u00e4tter von Herli-Produkten\" \/>\n<meta name=\"robots\" content=\"index, follow, max-snippet:-1, max-image-preview:large, max-video-preview:-1\" \/>\n<link rel=\"canonical\" href=\"https:\/\/herli.com\/de\/sicherheitsdatenblaetter\/\" \/>\n<meta property=\"og:locale\" content=\"de_DE\" \/>\n<meta property=\"og:type\" content=\"article\" \/>\n<meta property=\"og:title\" content=\"Sicherheitsdatenbl\u00e4tter - Herli SAS\" \/>\n<meta property=\"og:description\" content=\"Sicherheitsdatenbl\u00e4tter von Herli-Produkten\" \/>\n<meta property=\"og:url\" content=\"https:\/\/herli.com\/de\/sicherheitsdatenblaetter\/\" \/>\n<meta property=\"og:site_name\" content=\"Herli SAS\" \/>\n<meta property=\"article:modified_time\" content=\"2024-09-10T13:39:17+00:00\" \/>\n<meta name=\"twitter:card\" content=\"summary_large_image\" \/>\n<script type=\"application\/ld+json\" class=\"yoast-schema-graph\">{\"@context\":\"https:\\\/\\\/schema.org\",\"@graph\":[{\"@type\":\"WebPage\",\"@id\":\"https:\\\/\\\/herli.com\\\/de\\\/sicherheitsdatenblaetter\\\/\",\"url\":\"https:\\\/\\\/herli.com\\\/de\\\/sicherheitsdatenblaetter\\\/\",\"name\":\"Sicherheitsdatenbl\u00e4tter - Herli SAS\",\"isPartOf\":{\"@id\":\"https:\\\/\\\/herli.com\\\/#website\"},\"datePublished\":\"2023-06-28T12:39:45+00:00\",\"dateModified\":\"2024-09-10T13:39:17+00:00\",\"description\":\"Sicherheitsdatenbl\u00e4tter von Herli-Produkten\",\"breadcrumb\":{\"@id\":\"https:\\\/\\\/herli.com\\\/de\\\/sicherheitsdatenblaetter\\\/#breadcrumb\"},\"inLanguage\":\"de\",\"potentialAction\":[{\"@type\":\"ReadAction\",\"target\":[\"https:\\\/\\\/herli.com\\\/de\\\/sicherheitsdatenblaetter\\\/\"]}]},{\"@type\":\"BreadcrumbList\",\"@id\":\"https:\\\/\\\/herli.com\\\/de\\\/sicherheitsdatenblaetter\\\/#breadcrumb\",\"itemListElement\":[{\"@type\":\"ListItem\",\"position\":1,\"name\":\"Home\",\"item\":\"https:\\\/\\\/herli.com\\\/de\\\/\"},{\"@type\":\"ListItem\",\"position\":2,\"name\":\"Sicherheitsdatenbl\u00e4tter\"}]},{\"@type\":\"WebSite\",\"@id\":\"https:\\\/\\\/herli.com\\\/#website\",\"url\":\"https:\\\/\\\/herli.com\\\/\",\"name\":\"Herli SAS\",\"description\":\"Au service de l&#039;eau et de l&#039;hygi\u00e8ne\",\"potentialAction\":[{\"@type\":\"SearchAction\",\"target\":{\"@type\":\"EntryPoint\",\"urlTemplate\":\"https:\\\/\\\/herli.com\\\/?s={search_term_string}\"},\"query-input\":{\"@type\":\"PropertyValueSpecification\",\"valueRequired\":true,\"valueName\":\"search_term_string\"}}],\"inLanguage\":\"de\"}]}<\/script>\n<!-- \/ Yoast SEO plugin. -->","yoast_head_json":{"title":"Sicherheitsdatenbl\u00e4tter - Herli SAS","description":"Sicherheitsdatenbl\u00e4tter von Herli-Produkten","robots":{"index":"index","follow":"follow","max-snippet":"max-snippet:-1","max-image-preview":"max-image-preview:large","max-video-preview":"max-video-preview:-1"},"canonical":"https:\/\/herli.com\/de\/sicherheitsdatenblaetter\/","og_locale":"de_DE","og_type":"article","og_title":"Sicherheitsdatenbl\u00e4tter - Herli SAS","og_description":"Sicherheitsdatenbl\u00e4tter von Herli-Produkten","og_url":"https:\/\/herli.com\/de\/sicherheitsdatenblaetter\/","og_site_name":"Herli SAS","article_modified_time":"2024-09-10T13:39:17+00:00","twitter_card":"summary_large_image","schema":{"@context":"https:\/\/schema.org","@graph":[{"@type":"WebPage","@id":"https:\/\/herli.com\/de\/sicherheitsdatenblaetter\/","url":"https:\/\/herli.com\/de\/sicherheitsdatenblaetter\/","name":"Sicherheitsdatenbl\u00e4tter - Herli SAS","isPartOf":{"@id":"https:\/\/herli.com\/#website"},"datePublished":"2023-06-28T12:39:45+00:00","dateModified":"2024-09-10T13:39:17+00:00","description":"Sicherheitsdatenbl\u00e4tter von Herli-Produkten","breadcrumb":{"@id":"https:\/\/herli.com\/de\/sicherheitsdatenblaetter\/#breadcrumb"},"inLanguage":"de","potentialAction":[{"@type":"ReadAction","target":["https:\/\/herli.com\/de\/sicherheitsdatenblaetter\/"]}]},{"@type":"BreadcrumbList","@id":"https:\/\/herli.com\/de\/sicherheitsdatenblaetter\/#breadcrumb","itemListElement":[{"@type":"ListItem","position":1,"name":"Home","item":"https:\/\/herli.com\/de\/"},{"@type":"ListItem","position":2,"name":"Sicherheitsdatenbl\u00e4tter"}]},{"@type":"WebSite","@id":"https:\/\/herli.com\/#website","url":"https:\/\/herli.com\/","name":"Herli SAS","description":"Au service de l&#039;eau et de l&#039;hygi\u00e8ne","potentialAction":[{"@type":"SearchAction","target":{"@type":"EntryPoint","urlTemplate":"https:\/\/herli.com\/?s={search_term_string}"},"query-input":{"@type":"PropertyValueSpecification","valueRequired":true,"valueName":"search_term_string"}}],"inLanguage":"de"}]}},"_links":{"self":[{"href":"https:\/\/herli.com\/de\/wp-json\/wp\/v2\/pages\/9775","targetHints":{"allow":["GET"]}}],"collection":[{"href":"https:\/\/herli.com\/de\/wp-json\/wp\/v2\/pages"}],"about":[{"href":"https:\/\/herli.com\/de\/wp-json\/wp\/v2\/types\/page"}],"author":[{"embeddable":true,"href":"https:\/\/herli.com\/de\/wp-json\/wp\/v2\/users\/4"}],"replies":[{"embeddable":true,"href":"https:\/\/herli.com\/de\/wp-json\/wp\/v2\/comments?post=9775"}],"version-history":[{"count":14,"href":"https:\/\/herli.com\/de\/wp-json\/wp\/v2\/pages\/9775\/revisions"}],"predecessor-version":[{"id":9783,"href":"https:\/\/herli.com\/de\/wp-json\/wp\/v2\/pages\/9775\/revisions\/9783"}],"wp:attachment":[{"href":"https:\/\/herli.com\/de\/wp-json\/wp\/v2\/media?parent=9775"}],"curies":[{"name":"wp","href":"https:\/\/api.w.org\/{rel}","templated":true}]}}